{"id":7711,"date":"2025-12-10T08:00:53","date_gmt":"2025-12-10T08:00:53","guid":{"rendered":"https:\/\/rockkofertas.com.es\/index.php\/producto\/b0765q9v95\/"},"modified":"2025-12-10T08:00:53","modified_gmt":"2025-12-10T08:00:53","slug":"b0765q9v95","status":"publish","type":"product","link":"https:\/\/rockkofertas.com.es\/index.php\/producto\/b0765q9v95\/","title":{"rendered":"B0765Q9V95"},"content":{"rendered":"<p>&#8211; Este hermoso conjunto de collar y pulsera, ahora disponible en la cl\u00e1sica y siempre f\u00e1cil de llevar combinaci\u00f3n de cristal y ba\u00f1o de rodio, es ideal para regalar o para convertirlo en la nueva pieza de cabecera de cualquier colecci\u00f3n personal<br \/>\n&#8211; Su dise\u00f1o atemporal es ideal como regalo, adem\u00e1s de un hermoso accesorio para un look nupcial<\/p>\n","protected":false},"excerpt":{"rendered":"<p>Swarovski Conjunto Angelic, Talla redonda, Blanco, Ba\u00f1o de rodio<br \/>\n#Publicidad <span class=\"read-more\"><a class=\"more-link btn btn-transparent\" href=\"https:\/\/rockkofertas.com.es\/index.php\/producto\/b0765q9v95\/\">Leer m\u00e1s&#8230;<\/a><\/span><\/p>\n","protected":false},"featured_media":7710,"comment_status":"open","ping_status":"closed","template":"","meta":[],"product_cat":[15],"product_tag":[],"class_list":{"0":"post-7711","1":"product","2":"type-product","3":"status-publish","4":"has-post-thumbnail","6":"product_cat-sin-categorizar","8":"first","9":"instock","10":"shipping-taxable","11":"product-type-external"},"_links":{"self":[{"href":"https:\/\/rockkofertas.com.es\/index.php\/wp-json\/wp\/v2\/product\/7711","targetHints":{"allow":["GET"]}}],"collection":[{"href":"https:\/\/rockkofertas.com.es\/index.php\/wp-json\/wp\/v2\/product"}],"about":[{"href":"https:\/\/rockkofertas.com.es\/index.php\/wp-json\/wp\/v2\/types\/product"}],"replies":[{"embeddable":true,"href":"https:\/\/rockkofertas.com.es\/index.php\/wp-json\/wp\/v2\/comments?post=7711"}],"wp:featuredmedia":[{"embeddable":true,"href":"https:\/\/rockkofertas.com.es\/index.php\/wp-json\/wp\/v2\/media\/7710"}],"wp:attachment":[{"href":"https:\/\/rockkofertas.com.es\/index.php\/wp-json\/wp\/v2\/media?parent=7711"}],"wp:term":[{"taxonomy":"product_cat","embeddable":true,"href":"https:\/\/rockkofertas.com.es\/index.php\/wp-json\/wp\/v2\/product_cat?post=7711"},{"taxonomy":"product_tag","embeddable":true,"href":"https:\/\/rockkofertas.com.es\/index.php\/wp-json\/wp\/v2\/product_tag?post=7711"}],"curies":[{"name":"wp","href":"https:\/\/api.w.org\/{rel}","templated":true}]}}