{"id":7697,"date":"2025-12-09T22:22:34","date_gmt":"2025-12-09T22:22:34","guid":{"rendered":"https:\/\/rockkofertas.com.es\/index.php\/producto\/b0fs6zv86b\/"},"modified":"2025-12-09T22:22:34","modified_gmt":"2025-12-09T22:22:34","slug":"b0fs6zv86b","status":"publish","type":"product","link":"https:\/\/rockkofertas.com.es\/index.php\/producto\/b0fs6zv86b\/","title":{"rendered":"B0FS6ZV86B"},"content":{"rendered":"<p>&#8211; Panel solar de tres capas: una vez desplegado, proporciona una superficie de carga generosa (cuatro veces m\u00e1s eficiente que un panel simple). Una vez plegado, permanece lo suficientemente compacto como para caber f\u00e1cilmente en el bolsillo de una chaqueta o en el bolsillo lateral de una mochila, combinando as\u00ed una carga de alta eficiencia con una portabilidad \u00f3ptima.<br \/>\n&#8211; Carga ultrarr\u00e1pida de 22,5 W: carga tres veces m\u00e1s r\u00e1pido que otros cargadores solares mientras admite la tecnolog\u00eda PD de 20 W. El uso de un adaptador de corriente PD de 20 W permite una carga completa en cinco horas.<br \/>\n&#8211; Interfaz de doble entrada + triple salida: admite dos entradas Type-C\/Micro USB, dos puertos USB-A y un puerto Type-C para una capacidad de salida triple. Cumple los requisitos de carga de varios dispositivos mientras se adapta a las especificaciones de interfaz de productos digitales comunes.<br \/>\n&#8211; Pantalla digital inteligente + linterna multimodo: cuenta con una pantalla digital de alta definici\u00f3n que muestra en tiempo real la duraci\u00f3n restante de la bater\u00eda y el estado de carga. Incorpora una linterna LED de cuatro modos (ultra brillante\/luz suave\/SOS\/estrobosc\u00f3pica) para satisfacer las necesidades pr\u00e1cticas en varios escenarios.<br \/>\n&#8211; Protecci\u00f3n inteligente + indicador visual de estado: incorpora funciones integradas de protecci\u00f3n contra sobrecarga, descarga excesiva, cortocircuito y control de temperatura. Emite autom\u00e1ticamente advertencias cuando la energ\u00eda es baja. Emite una alerta de apagado al final de la carga. Indicador visual: muestra un icono de \u00absol verde\u00bb durante la carga solar, muestra un icono de \u00abrayo\u00bb durante la carga r\u00e1pida. Muestra clara e intuitivamente el estado de funcionamiento. Garantiza la seguridad y la experiencia del usuario.<br \/>\n&#8211; [Servicio atento] Recibir\u00e1 un cargador solar port\u00e1til, un cable de carga micro USB, un manual de usuario, una garant\u00eda de un a\u00f1o y una atenci\u00f3n al cliente cuidadosa las 24 horas. Si tienes alguna pregunta, no dudes en ponerte en contacto con nosotros por correo electr\u00f3nico a trav\u00e9s de Amazon.<\/p>\n","protected":false},"excerpt":{"rendered":"<p>Banco de energ\u00eda solar con 4 paneles solares plegables, 27000 mAh externa Battery, 22,5 W Fast Portable Charger PD20W Soportes USB-C Entrada y Salida para Smartphones Tablets Travel Camping Outdoor<br \/>#Publicidad <span class=\"read-more\"><a class=\"more-link btn btn-transparent\" href=\"https:\/\/rockkofertas.com.es\/index.php\/producto\/b0fs6zv86b\/\">Leer m\u00e1s&#8230;<\/a><\/span><\/p>\n","protected":false},"featured_media":7696,"comment_status":"open","ping_status":"closed","template":"","meta":[],"product_cat":[15],"product_tag":[],"class_list":{"0":"post-7697","1":"product","2":"type-product","3":"status-publish","4":"has-post-thumbnail","6":"product_cat-sin-categorizar","8":"first","9":"instock","10":"shipping-taxable","11":"product-type-external"},"_links":{"self":[{"href":"https:\/\/rockkofertas.com.es\/index.php\/wp-json\/wp\/v2\/product\/7697","targetHints":{"allow":["GET"]}}],"collection":[{"href":"https:\/\/rockkofertas.com.es\/index.php\/wp-json\/wp\/v2\/product"}],"about":[{"href":"https:\/\/rockkofertas.com.es\/index.php\/wp-json\/wp\/v2\/types\/product"}],"replies":[{"embeddable":true,"href":"https:\/\/rockkofertas.com.es\/index.php\/wp-json\/wp\/v2\/comments?post=7697"}],"wp:featuredmedia":[{"embeddable":true,"href":"https:\/\/rockkofertas.com.es\/index.php\/wp-json\/wp\/v2\/media\/7696"}],"wp:attachment":[{"href":"https:\/\/rockkofertas.com.es\/index.php\/wp-json\/wp\/v2\/media?parent=7697"}],"wp:term":[{"taxonomy":"product_cat","embeddable":true,"href":"https:\/\/rockkofertas.com.es\/index.php\/wp-json\/wp\/v2\/product_cat?post=7697"},{"taxonomy":"product_tag","embeddable":true,"href":"https:\/\/rockkofertas.com.es\/index.php\/wp-json\/wp\/v2\/product_tag?post=7697"}],"curies":[{"name":"wp","href":"https:\/\/api.w.org\/{rel}","templated":true}]}}