{"id":7695,"date":"2025-12-09T20:27:14","date_gmt":"2025-12-09T20:27:14","guid":{"rendered":"https:\/\/rockkofertas.com.es\/index.php\/producto\/b0g5qhj8kh\/"},"modified":"2025-12-09T20:27:14","modified_gmt":"2025-12-09T20:27:14","slug":"b0g5qhj8kh","status":"publish","type":"product","link":"https:\/\/rockkofertas.com.es\/index.php\/producto\/b0g5qhj8kh\/","title":{"rendered":"B0G5QHJ8KH"},"content":{"rendered":"<p>&#8211; El tendedero 18m hasta 20 m de tendido lineal, fabricado de metal, siendo el m\u00e1s vendido en Europa. Tendedero con alas de metal resistente. Varillas con cierta holgura antiroturas, facilitando el secado. Ligero para plegar y guardar. Drying Rack Top Sellings. Clothes Horse.<br \/>\n&#8211; Fabricado en Metal de Alta Calidad<br \/>\n&#8211; Plegable f\u00e1cil y ligero de peso. Tendedero para tender en Interior y Exterior. Indispensable para ciudades costeras, por su antioxidante.<br \/>\n&#8211; Lineal: 18-20 metros de tendido. Plegable con alas<br \/>\n&#8211; Medidas extendido: 180 x 108 x 50 cm.<br \/>\n&#8211; Enviado en Caja de Cart\u00f3n antirroturas, para recibirlo sin da\u00f1os ni ara\u00f1azos.<br \/>\n&#8211; Duradero, y muy f\u00e1cil de limpiar.<\/p>\n","protected":false},"excerpt":{"rendered":"<p>Gen\u00e9rico Tendedero 20m Metal Cok &#8211; Env\u00edo 24 h &#8211; Antioxidaci\u00f3n Antimanchas &#8211; Tendedero Tidy Cok Plegable &#8211; Interior y Exterior &#8211; Antiroturas. Plegable, con holgura eligero (Blanco Rojo Metal)<br \/>#Publicidad <span class=\"read-more\"><a class=\"more-link btn btn-transparent\" href=\"https:\/\/rockkofertas.com.es\/index.php\/producto\/b0g5qhj8kh\/\">Leer m\u00e1s&#8230;<\/a><\/span><\/p>\n","protected":false},"featured_media":7694,"comment_status":"open","ping_status":"closed","template":"","meta":[],"product_cat":[15],"product_tag":[],"class_list":{"0":"post-7695","1":"product","2":"type-product","3":"status-publish","4":"has-post-thumbnail","6":"product_cat-sin-categorizar","8":"first","9":"instock","10":"shipping-taxable","11":"product-type-external"},"_links":{"self":[{"href":"https:\/\/rockkofertas.com.es\/index.php\/wp-json\/wp\/v2\/product\/7695","targetHints":{"allow":["GET"]}}],"collection":[{"href":"https:\/\/rockkofertas.com.es\/index.php\/wp-json\/wp\/v2\/product"}],"about":[{"href":"https:\/\/rockkofertas.com.es\/index.php\/wp-json\/wp\/v2\/types\/product"}],"replies":[{"embeddable":true,"href":"https:\/\/rockkofertas.com.es\/index.php\/wp-json\/wp\/v2\/comments?post=7695"}],"wp:featuredmedia":[{"embeddable":true,"href":"https:\/\/rockkofertas.com.es\/index.php\/wp-json\/wp\/v2\/media\/7694"}],"wp:attachment":[{"href":"https:\/\/rockkofertas.com.es\/index.php\/wp-json\/wp\/v2\/media?parent=7695"}],"wp:term":[{"taxonomy":"product_cat","embeddable":true,"href":"https:\/\/rockkofertas.com.es\/index.php\/wp-json\/wp\/v2\/product_cat?post=7695"},{"taxonomy":"product_tag","embeddable":true,"href":"https:\/\/rockkofertas.com.es\/index.php\/wp-json\/wp\/v2\/product_tag?post=7695"}],"curies":[{"name":"wp","href":"https:\/\/api.w.org\/{rel}","templated":true}]}}