{"id":7693,"date":"2025-12-09T20:21:55","date_gmt":"2025-12-09T20:21:55","guid":{"rendered":"https:\/\/rockkofertas.com.es\/index.php\/producto\/b0g58tt3j4\/"},"modified":"2025-12-09T20:21:55","modified_gmt":"2025-12-09T20:21:55","slug":"b0g58tt3j4","status":"publish","type":"product","link":"https:\/\/rockkofertas.com.es\/index.php\/producto\/b0g58tt3j4\/","title":{"rendered":"B0G58TT3J4"},"content":{"rendered":"<p>&#8211; \ud83c\udfae 40.000 Juegos Retro Incluidos Revive los mejores cl\u00e1sicos de PS1, PSP, NeoGeo, GBA, N64, Super Nintendo, Mega Drive y m\u00e1s. Disfruta de miles de juegos legendarios sin necesidad de descargas ni configuraciones.<br \/>\n&#8211; \ud83d\udd79\ufe0f Game Stick Plug &amp; Play con 128 GB Solo tienes que conectarlo al puerto HDMI de tu televisor y empezar a jugar. Incluye tarjeta de memoria de 128 GB con sistema operativo optimizado y navegaci\u00f3n por categor\u00edas.<br \/>\n&#8211; \ud83e\uddd1\u200d\ud83e\udd1d\u200d\ud83e\uddd1 2 Mandos Inal\u00e1mbricos para Jugar en Pareja Comparte la diversi\u00f3n con amigos o familia gracias a sus dos mandos ergon\u00f3micos inal\u00e1mbricos con conexi\u00f3n instant\u00e1nea. Perfectos para partidas cooperativas o combates retro.<br \/>\n&#8211; \ud83d\udcfa Compatible con Televisores 4K v\u00eda HDMI Conecta la consola f\u00e1cilmente a cualquier TV, monitor o proyector con entrada HDMI. Calidad de imagen n\u00edtida hasta 4K para una experiencia visual mejorada.<br \/>\n&#8211; \ud83c\udf81 Regalo Ideal para Todas las Edades Una consola compacta, ligera y llena de nostalgia. Ideal como regalo para ni\u00f1os, adultos o coleccionistas. Horas de entretenimiento aseguradas.<\/p>\n","protected":false},"excerpt":{"rendered":"<p>Consola Retro Arcade con 40.000 Juegos y 128 GB &#8211; Game Stick: PS1, PSP, NeoG,GBA,N64,SuperN, MegaD,etc &#8211; Videoconsola Retro Game Console &#8211; 2 Mandos Inalambricos 2 Jugadores &#8211; HDMI Compatible con 4K<br \/>#Publicidad <span class=\"read-more\"><a class=\"more-link btn btn-transparent\" href=\"https:\/\/rockkofertas.com.es\/index.php\/producto\/b0g58tt3j4\/\">Leer m\u00e1s&#8230;<\/a><\/span><\/p>\n","protected":false},"featured_media":7692,"comment_status":"open","ping_status":"closed","template":"","meta":[],"product_cat":[15],"product_tag":[],"class_list":{"0":"post-7693","1":"product","2":"type-product","3":"status-publish","4":"has-post-thumbnail","6":"product_cat-sin-categorizar","8":"first","9":"instock","10":"shipping-taxable","11":"product-type-external"},"_links":{"self":[{"href":"https:\/\/rockkofertas.com.es\/index.php\/wp-json\/wp\/v2\/product\/7693","targetHints":{"allow":["GET"]}}],"collection":[{"href":"https:\/\/rockkofertas.com.es\/index.php\/wp-json\/wp\/v2\/product"}],"about":[{"href":"https:\/\/rockkofertas.com.es\/index.php\/wp-json\/wp\/v2\/types\/product"}],"replies":[{"embeddable":true,"href":"https:\/\/rockkofertas.com.es\/index.php\/wp-json\/wp\/v2\/comments?post=7693"}],"wp:featuredmedia":[{"embeddable":true,"href":"https:\/\/rockkofertas.com.es\/index.php\/wp-json\/wp\/v2\/media\/7692"}],"wp:attachment":[{"href":"https:\/\/rockkofertas.com.es\/index.php\/wp-json\/wp\/v2\/media?parent=7693"}],"wp:term":[{"taxonomy":"product_cat","embeddable":true,"href":"https:\/\/rockkofertas.com.es\/index.php\/wp-json\/wp\/v2\/product_cat?post=7693"},{"taxonomy":"product_tag","embeddable":true,"href":"https:\/\/rockkofertas.com.es\/index.php\/wp-json\/wp\/v2\/product_tag?post=7693"}],"curies":[{"name":"wp","href":"https:\/\/api.w.org\/{rel}","templated":true}]}}