{"id":7689,"date":"2025-12-09T19:26:21","date_gmt":"2025-12-09T19:26:21","guid":{"rendered":"https:\/\/rockkofertas.com.es\/index.php\/producto\/b0f32pdf42\/"},"modified":"2025-12-09T19:26:21","modified_gmt":"2025-12-09T19:26:21","slug":"b0f32pdf42","status":"publish","type":"product","link":"https:\/\/rockkofertas.com.es\/index.php\/producto\/b0f32pdf42\/","title":{"rendered":"B0F32PDF42"},"content":{"rendered":"<p>&#8211; \u3010Se\u00f1al Potente, en Cualquier Lugar\u3011Nuestro timbre presume de un potente alcance de 400m en \u00e1reas abiertas, asegurando que siempre est\u00e9s en contacto. Ya sea en el patio trasero, arriba, o incluso en el s\u00f3tano, nunca vuelvas a perder la visita de un invitado.<br \/>\n&#8211; \u3010Configuraci\u00f3n en Segundos\u3011Monta sin esfuerzo el transmisor del timbre inal\u00e1mbrico en tu pared usando los tornillos proporcionados o cinta adhesiva. Disfruta de una instalaci\u00f3n sin complicaciones en menos de un minuto.<br \/>\n&#8211; \u3010Rendimiento en Todo Tipo de Clima\u3011Nuestro timbre de radio es resistente al polvo y al agua, soportando temperaturas desde -30\u00b0C hasta 70\u00b0C. Resiste condiciones adversas mientras presume de un consumo extremadamente bajo de energ\u00eda para una duraci\u00f3n de bater\u00eda de 1 a 3 a\u00f1os.<br \/>\n&#8211; \u3010Sonido Personalizado, Modos Flexibles\u3011Disfruta de un control preciso con 5 niveles de volumen de hasta 110 dB, perfecto para personas con problemas de audici\u00f3n o personas mayores. Cambia f\u00e1cilmente entre modos solo LED o LED + timbre y selecciona entre 55 melod\u00edas para alertas personalizadas. Tus \u00faltimas configuraciones se guardan para una conveniencia ininterrumpida.<br \/>\n&#8211; \u3010Confiabilidad se Encuentra con la Excelencia\u3011Nuestro set de timbres inal\u00e1mbricos no solo es confiable, sino respaldado por un compromiso con un servicio al cliente excepcional, disponible las 24 horas del d\u00eda, los 7 d\u00edas de la semana para apoyarte.<\/p>\n","protected":false},"excerpt":{"rendered":"<p>SURFOU Timbre Inal\u00e1mbrico Exterior Interior Impermeable, Campainha Sem Fios, Wireless Doorbell Puerta para Casa 400M de Alcance con 55 Melod\u00edas, 5 Volumen (3 negro receptor + 2 negro transmisor)<br \/>#Publicidad <span class=\"read-more\"><a class=\"more-link btn btn-transparent\" href=\"https:\/\/rockkofertas.com.es\/index.php\/producto\/b0f32pdf42\/\">Leer m\u00e1s&#8230;<\/a><\/span><\/p>\n","protected":false},"featured_media":7688,"comment_status":"open","ping_status":"closed","template":"","meta":[],"product_cat":[15],"product_tag":[],"class_list":{"0":"post-7689","1":"product","2":"type-product","3":"status-publish","4":"has-post-thumbnail","6":"product_cat-sin-categorizar","8":"first","9":"instock","10":"shipping-taxable","11":"product-type-external"},"_links":{"self":[{"href":"https:\/\/rockkofertas.com.es\/index.php\/wp-json\/wp\/v2\/product\/7689","targetHints":{"allow":["GET"]}}],"collection":[{"href":"https:\/\/rockkofertas.com.es\/index.php\/wp-json\/wp\/v2\/product"}],"about":[{"href":"https:\/\/rockkofertas.com.es\/index.php\/wp-json\/wp\/v2\/types\/product"}],"replies":[{"embeddable":true,"href":"https:\/\/rockkofertas.com.es\/index.php\/wp-json\/wp\/v2\/comments?post=7689"}],"wp:featuredmedia":[{"embeddable":true,"href":"https:\/\/rockkofertas.com.es\/index.php\/wp-json\/wp\/v2\/media\/7688"}],"wp:attachment":[{"href":"https:\/\/rockkofertas.com.es\/index.php\/wp-json\/wp\/v2\/media?parent=7689"}],"wp:term":[{"taxonomy":"product_cat","embeddable":true,"href":"https:\/\/rockkofertas.com.es\/index.php\/wp-json\/wp\/v2\/product_cat?post=7689"},{"taxonomy":"product_tag","embeddable":true,"href":"https:\/\/rockkofertas.com.es\/index.php\/wp-json\/wp\/v2\/product_tag?post=7689"}],"curies":[{"name":"wp","href":"https:\/\/api.w.org\/{rel}","templated":true}]}}