{"id":7687,"date":"2025-12-09T19:25:42","date_gmt":"2025-12-09T19:25:42","guid":{"rendered":"https:\/\/rockkofertas.com.es\/index.php\/producto\/b0fv8s97s9\/"},"modified":"2025-12-09T19:25:42","modified_gmt":"2025-12-09T19:25:42","slug":"b0fv8s97s9","status":"publish","type":"product","link":"https:\/\/rockkofertas.com.es\/index.php\/producto\/b0fv8s97s9\/","title":{"rendered":"B0FV8S97S9"},"content":{"rendered":"<p>&#8211; Versatilidad 2 en 1: disfrute de la flexibilidad de un pulverizador de niebla fina y un pico vertedor controlado. Perfecto para cubrir uniformemente ensaladas, recetas de freidoras sin aceite o engrasar sartenes sin derrames, lo que hace que cocinar y asar a la parrilla todos los d\u00edas sea m\u00e1s r\u00e1pido y limpio<br \/>\n&#8211; Materiales seguros para alimentos y duraderos: fabricados con PP de alta calidad sin BPA y vidrio resistente sin plomo. La botella transparente te permite comprobar el nivel de aceite de un vistazo, mientras que los materiales no t\u00f3xicos garantizan una preparaci\u00f3n segura y saludable de las comidas para tu familia<br \/>\n&#8211; Dise\u00f1o f\u00e1cil de rellenar y reutilizable: con una capacidad de 470 ml (16 oz) y una abertura de boca ancha, rellenarlo es sencillo y no se derrama. Dise\u00f1ado para un uso repetido, se puede lavar en el lavavajillas para una limpieza sin esfuerzo, ideal para cocineros dom\u00e9sticos ocupados y entusiastas de las barbacoas<br \/>\n&#8211; Control preciso del aceite y concienciaci\u00f3n sobre la salud: cada pulverizaci\u00f3n libera solo 0,2 g de aceite, lo que le ayuda a controlar con precisi\u00f3n la ingesta de grasas. Ideal para dietas bajas en aceite, reposter\u00eda o cocina baja en calor\u00edas, para que coma bien sin excesos<br \/>\n&#8211; Comfortable, No-Mess Handling: Features an ergonomic handle and forward-facing nozzle for clean, controlled spraying or pouring. Keep hands and surfaces clean while sauteing, dressing dishes, or prepping grill ingredients<\/p>\n","protected":false},"excerpt":{"rendered":"<p>Pulverizador de aceite de vidrio de 16 oz\/470 ml &#8211; Dispensador de aceite de oliva 2 en 1, imprescindible en la cocina para freidoras sin aceite, ensaladas, frituras, parrilladas y horneados (negro)<br \/>#Publicidad <span class=\"read-more\"><a class=\"more-link btn btn-transparent\" href=\"https:\/\/rockkofertas.com.es\/index.php\/producto\/b0fv8s97s9\/\">Leer m\u00e1s&#8230;<\/a><\/span><\/p>\n","protected":false},"featured_media":7686,"comment_status":"open","ping_status":"closed","template":"","meta":[],"product_cat":[15],"product_tag":[],"class_list":{"0":"post-7687","1":"product","2":"type-product","3":"status-publish","4":"has-post-thumbnail","6":"product_cat-sin-categorizar","8":"first","9":"instock","10":"shipping-taxable","11":"product-type-external"},"_links":{"self":[{"href":"https:\/\/rockkofertas.com.es\/index.php\/wp-json\/wp\/v2\/product\/7687","targetHints":{"allow":["GET"]}}],"collection":[{"href":"https:\/\/rockkofertas.com.es\/index.php\/wp-json\/wp\/v2\/product"}],"about":[{"href":"https:\/\/rockkofertas.com.es\/index.php\/wp-json\/wp\/v2\/types\/product"}],"replies":[{"embeddable":true,"href":"https:\/\/rockkofertas.com.es\/index.php\/wp-json\/wp\/v2\/comments?post=7687"}],"wp:featuredmedia":[{"embeddable":true,"href":"https:\/\/rockkofertas.com.es\/index.php\/wp-json\/wp\/v2\/media\/7686"}],"wp:attachment":[{"href":"https:\/\/rockkofertas.com.es\/index.php\/wp-json\/wp\/v2\/media?parent=7687"}],"wp:term":[{"taxonomy":"product_cat","embeddable":true,"href":"https:\/\/rockkofertas.com.es\/index.php\/wp-json\/wp\/v2\/product_cat?post=7687"},{"taxonomy":"product_tag","embeddable":true,"href":"https:\/\/rockkofertas.com.es\/index.php\/wp-json\/wp\/v2\/product_tag?post=7687"}],"curies":[{"name":"wp","href":"https:\/\/api.w.org\/{rel}","templated":true}]}}