{"id":7681,"date":"2025-12-09T17:57:07","date_gmt":"2025-12-09T17:57:07","guid":{"rendered":"https:\/\/rockkofertas.com.es\/index.php\/producto\/b0fxxm11j4-3\/"},"modified":"2025-12-09T17:57:07","modified_gmt":"2025-12-09T17:57:07","slug":"b0fxxm11j4-3","status":"publish","type":"product","link":"https:\/\/rockkofertas.com.es\/index.php\/producto\/b0fxxm11j4-3\/","title":{"rendered":"B0FXXM11J4"},"content":{"rendered":"<p>&#8211; \u2705 Los Cubiertos Reutilizables m\u00e1s vendidos en Europa. Reuitilizables<br \/>\n&#8211; \u2705Est\u00e1n dise\u00f1ados ergon\u00f3micamente para proporcionar comodidad . Tienen un mango firme y seguro que se adapta f\u00e1cilmente a la mano, lo que permite un agarre c\u00f3modo y estable al comer.<br \/>\n&#8211; \u2705Los cubiertos reutilizables son una opci\u00f3n m\u00e1s sostenible Adem\u00e1s de su funci\u00f3n pr\u00e1ctica, los cubiertos reutilizables tambi\u00e9n ofrecen ventajas econ\u00f3micas a largo plazo. , se ahorra dinero a largo plazo, convirti\u00e9ndolos en una inversi\u00f3n rentable.<br \/>\n&#8211; \u2705Estos Cubietos reutilizables son una excelente opci\u00f3n para picnics, campamentos, comidas al aire libre, fiestas y cualquier otra ocasi\u00f3n en la que se necesiten utensilios pr\u00e1cticos y confiables. Son f\u00e1ciles de limpiar<br \/>\n&#8211; \u2705Dise\u00f1o conveniente y razonable. La vajilla blanco marfil, simple pero elegante, resistente y duradera, pero suave para facilitar su uso, est\u00e1 dise\u00f1ada para mostrar un aspecto premium y aprovechar al m\u00e1ximo su fiesta o evento<\/p>\n","protected":false},"excerpt":{"rendered":"<p>Pack 100 Tenedores Rutilizables &#8211; Envio 24 h &#8211; Reutilizable &#8211; Alta Resistencia, Cubiertos Reusable para Cumplea\u00f1os, Picnics, Fiestas, Buffets, Bodas, Catering, Barbacoas. (100, Tenedor)<br \/>#Publicidad <span class=\"read-more\"><a class=\"more-link btn btn-transparent\" href=\"https:\/\/rockkofertas.com.es\/index.php\/producto\/b0fxxm11j4-3\/\">Leer m\u00e1s&#8230;<\/a><\/span><\/p>\n","protected":false},"featured_media":7680,"comment_status":"open","ping_status":"closed","template":"","meta":[],"product_cat":[15],"product_tag":[],"class_list":{"0":"post-7681","1":"product","2":"type-product","3":"status-publish","4":"has-post-thumbnail","6":"product_cat-sin-categorizar","8":"first","9":"instock","10":"shipping-taxable","11":"product-type-external"},"_links":{"self":[{"href":"https:\/\/rockkofertas.com.es\/index.php\/wp-json\/wp\/v2\/product\/7681","targetHints":{"allow":["GET"]}}],"collection":[{"href":"https:\/\/rockkofertas.com.es\/index.php\/wp-json\/wp\/v2\/product"}],"about":[{"href":"https:\/\/rockkofertas.com.es\/index.php\/wp-json\/wp\/v2\/types\/product"}],"replies":[{"embeddable":true,"href":"https:\/\/rockkofertas.com.es\/index.php\/wp-json\/wp\/v2\/comments?post=7681"}],"wp:featuredmedia":[{"embeddable":true,"href":"https:\/\/rockkofertas.com.es\/index.php\/wp-json\/wp\/v2\/media\/7680"}],"wp:attachment":[{"href":"https:\/\/rockkofertas.com.es\/index.php\/wp-json\/wp\/v2\/media?parent=7681"}],"wp:term":[{"taxonomy":"product_cat","embeddable":true,"href":"https:\/\/rockkofertas.com.es\/index.php\/wp-json\/wp\/v2\/product_cat?post=7681"},{"taxonomy":"product_tag","embeddable":true,"href":"https:\/\/rockkofertas.com.es\/index.php\/wp-json\/wp\/v2\/product_tag?post=7681"}],"curies":[{"name":"wp","href":"https:\/\/api.w.org\/{rel}","templated":true}]}}