{"id":7679,"date":"2025-12-09T17:56:41","date_gmt":"2025-12-09T17:56:41","guid":{"rendered":"https:\/\/rockkofertas.com.es\/index.php\/producto\/b0fxnhj6rk-2\/"},"modified":"2025-12-09T17:56:41","modified_gmt":"2025-12-09T17:56:41","slug":"b0fxnhj6rk-2","status":"publish","type":"product","link":"https:\/\/rockkofertas.com.es\/index.php\/producto\/b0fxnhj6rk-2\/","title":{"rendered":"B0FXNHJ6RK"},"content":{"rendered":"<p>&#8211; La navaja m\u00e1s vendida en Europa.<br \/>\n&#8211; Navaja fabricada en resistente acero inox, con mango ergon\u00f3mico fabricado en madera natural lacada y con anilla met\u00e1lica de bloqueo. La aleaci\u00f3n de la hoja garantiza resistencia a la corrosi\u00f3n y abrasi\u00f3n, siendo ideal para el uso frecuente con materiales duros. La hoja es de Tipo Clip, que se caracteriza por su forma puntiaguda y destaca por su versatilidad a la hora de usarla. Presentada individualmente en caja blanca.<br \/>\n&#8211; Mucha resistencia<br \/>\n&#8211; Alta Categor\u00eda<br \/>\n&#8211; Hoja en acero inoxidable. Buena dureza.<br \/>\n&#8211; Composici\u00f3n: Madera\/ Acero Inox<\/p>\n","protected":false},"excerpt":{"rendered":"<p>Gen\u00e9rico Navaja de Acero Inoxidable &#8211; CODA &#8211; Alta Categor\u00eda &#8211; Navaja Plegable &#8211; Bloqueo Seguridad &#8211; Multiusos &#8211; Compacta &#8211; Pocket Knife &#8211; Unisex (Hokem)<br \/>#Publicidad <span class=\"read-more\"><a class=\"more-link btn btn-transparent\" href=\"https:\/\/rockkofertas.com.es\/index.php\/producto\/b0fxnhj6rk-2\/\">Leer m\u00e1s&#8230;<\/a><\/span><\/p>\n","protected":false},"featured_media":7678,"comment_status":"open","ping_status":"closed","template":"","meta":[],"product_cat":[15],"product_tag":[],"class_list":{"0":"post-7679","1":"product","2":"type-product","3":"status-publish","4":"has-post-thumbnail","6":"product_cat-sin-categorizar","8":"first","9":"instock","10":"shipping-taxable","11":"product-type-external"},"_links":{"self":[{"href":"https:\/\/rockkofertas.com.es\/index.php\/wp-json\/wp\/v2\/product\/7679","targetHints":{"allow":["GET"]}}],"collection":[{"href":"https:\/\/rockkofertas.com.es\/index.php\/wp-json\/wp\/v2\/product"}],"about":[{"href":"https:\/\/rockkofertas.com.es\/index.php\/wp-json\/wp\/v2\/types\/product"}],"replies":[{"embeddable":true,"href":"https:\/\/rockkofertas.com.es\/index.php\/wp-json\/wp\/v2\/comments?post=7679"}],"wp:featuredmedia":[{"embeddable":true,"href":"https:\/\/rockkofertas.com.es\/index.php\/wp-json\/wp\/v2\/media\/7678"}],"wp:attachment":[{"href":"https:\/\/rockkofertas.com.es\/index.php\/wp-json\/wp\/v2\/media?parent=7679"}],"wp:term":[{"taxonomy":"product_cat","embeddable":true,"href":"https:\/\/rockkofertas.com.es\/index.php\/wp-json\/wp\/v2\/product_cat?post=7679"},{"taxonomy":"product_tag","embeddable":true,"href":"https:\/\/rockkofertas.com.es\/index.php\/wp-json\/wp\/v2\/product_tag?post=7679"}],"curies":[{"name":"wp","href":"https:\/\/api.w.org\/{rel}","templated":true}]}}