{"id":7675,"date":"2025-12-09T13:15:18","date_gmt":"2025-12-09T13:15:18","guid":{"rendered":"https:\/\/rockkofertas.com.es\/index.php\/producto\/b0fqnpqxbp\/"},"modified":"2025-12-09T13:15:18","modified_gmt":"2025-12-09T13:15:18","slug":"b0fqnpqxbp","status":"publish","type":"product","link":"https:\/\/rockkofertas.com.es\/index.php\/producto\/b0fqnpqxbp\/","title":{"rendered":"B0FQNPQXBP"},"content":{"rendered":"<p>&#8211; \ud83d\udc954G RELOJ INTELIGENTE MULTIFUNCIONAL PARA NI\u00d1OS&#8211;RUXINGX Reloj inteligente admite redes 2G-4G, tel\u00e9fono, contactos, chat de voz, videollamada, c\u00e1mara, SMS, conteo de pasos, juegos, despertador, cron\u00f3metro, calculadora y SOS. Dise\u00f1ado para el uso diario de ni\u00f1os de 5 a 13 a\u00f1os. Los padres tambi\u00e9n pueden enviar \u00abrecompensas de amor\u00bb a trav\u00e9s de la aplicaci\u00f3n para interactuar de cerca con sus hijos y mejorar su conexi\u00f3n emocional entre ellos.<br \/>\n&#8211; \ud83d\udccdMODO DE POSICIONAMIENTO DUAL GPS Y LBS: Reloj inteligente ni\u00f1o gps y llamadas admite se\u00f1ales 4G y est\u00e1 equipado con tecnolog\u00eda de posicionamiento GPS y LBS, por lo que puede ver la ubicaci\u00f3n exacta de su hijo en detalle a trav\u00e9s de APP, ya sea en los suburbios o en la ciudad. Tambi\u00e9n puede establecer \u00e1reas seguras para su hijo con anticipaci\u00f3n en reloj inteligente, como la escuela y hogar, y smartwatch le enviar\u00e1 inmediatamente una notificaci\u00f3n una vez que el ni\u00f1o abandone esta \u00e1rea establecida.<br \/>\n&#8211; \ud83c\udfaeCONFIGURACI\u00d3N DE M\u00daLTIPLES MODOS: Reloj inteligente ni\u00f1os est\u00e1 equipado con 7 juegos educativos. Los padres pueden interactuar con sus hijos a trav\u00e9s del reloj durante el tiempo libre, lo que puede promover la capacidad de reacci\u00f3n de sus hijos y el entrenamiento del pensamiento l\u00f3gico. Los padres tambi\u00e9n pueden configurar tres per\u00edodos de tiempo diferentes en \u00abmodo escolar\u00bb para bloquear todos los mensajes y llamadas para garantizar que sus hijos estudien mucho.<br \/>\n&#8211; \u2757\u2757BOT\u00d3N DE LLAMADA DE EMERGENCIA SOS: si su hijo se pierde, se cae, se encuentra con personas peligrosas u otras emergencias, solo necesita mantener presionado el bot\u00f3n redondo en el lado superior derecho de la esfera del smartwatch durante 2 segundos para activar la funci\u00f3n SOS. Reloj inteligente ni\u00f1os llamar\u00e1 autom\u00e1ticamente a 3 n\u00fameros de contacto de emergencia preestablecidos y enviar\u00e1 notificaciones y solicitudes de ayuda a los contactos de emergencia.<br \/>\n&#8211; \ud83d\udcdeVIDEOLLAMADA HD: Reloj inteligente ni\u00f1os 4G con llamadas tiene una funci\u00f3n de videollamada, lo que permite que los padres y los ni\u00f1os se comuniquen cara a cara incluso si est\u00e1n en diferentes lugares. Despu\u00e9s de insertar la tarjeta SIM en smartwatch, el smartwatch puede hacer y recibir llamadas f\u00e1cilmente, y tambi\u00e9n tiene una funci\u00f3n de chat de voz. Por razones de seguridad, tambi\u00e9n puede configurarlo para rechazar llamadas de extra\u00f1os y apagar el marcador para evitar interferencias innecesarias.<br \/>\n&#8211; \u26a0Consejo: Nuestro reloj inteligente no tiene llamadas de extra\u00f1os, ni redes sociales, ni capacidades de Internet.<\/p>\n","protected":false},"excerpt":{"rendered":"<p>RUXINGX Reloj Inteligente Ni\u00f1o 4G, Smartwatch Ni\u00f1os GPS y Llamadas, SOS\/Modo Clase\/Chat de Voz\/Videollamada, IP68 Impermeable, \u00c1lbum de Fotos\/Pod\u00f3metro\/Despertador, Reloj Smartwatch para Ni\u00f1os, Azul<br \/>#Publicidad <span class=\"read-more\"><a class=\"more-link btn btn-transparent\" href=\"https:\/\/rockkofertas.com.es\/index.php\/producto\/b0fqnpqxbp\/\">Leer m\u00e1s&#8230;<\/a><\/span><\/p>\n","protected":false},"featured_media":7674,"comment_status":"open","ping_status":"closed","template":"","meta":[],"product_cat":[15],"product_tag":[],"class_list":{"0":"post-7675","1":"product","2":"type-product","3":"status-publish","4":"has-post-thumbnail","6":"product_cat-sin-categorizar","8":"first","9":"instock","10":"shipping-taxable","11":"product-type-external"},"_links":{"self":[{"href":"https:\/\/rockkofertas.com.es\/index.php\/wp-json\/wp\/v2\/product\/7675","targetHints":{"allow":["GET"]}}],"collection":[{"href":"https:\/\/rockkofertas.com.es\/index.php\/wp-json\/wp\/v2\/product"}],"about":[{"href":"https:\/\/rockkofertas.com.es\/index.php\/wp-json\/wp\/v2\/types\/product"}],"replies":[{"embeddable":true,"href":"https:\/\/rockkofertas.com.es\/index.php\/wp-json\/wp\/v2\/comments?post=7675"}],"wp:featuredmedia":[{"embeddable":true,"href":"https:\/\/rockkofertas.com.es\/index.php\/wp-json\/wp\/v2\/media\/7674"}],"wp:attachment":[{"href":"https:\/\/rockkofertas.com.es\/index.php\/wp-json\/wp\/v2\/media?parent=7675"}],"wp:term":[{"taxonomy":"product_cat","embeddable":true,"href":"https:\/\/rockkofertas.com.es\/index.php\/wp-json\/wp\/v2\/product_cat?post=7675"},{"taxonomy":"product_tag","embeddable":true,"href":"https:\/\/rockkofertas.com.es\/index.php\/wp-json\/wp\/v2\/product_tag?post=7675"}],"curies":[{"name":"wp","href":"https:\/\/api.w.org\/{rel}","templated":true}]}}