{"id":7671,"date":"2025-12-09T13:00:58","date_gmt":"2025-12-09T13:00:58","guid":{"rendered":"https:\/\/rockkofertas.com.es\/index.php\/producto\/b0fx32nt4s-2\/"},"modified":"2025-12-09T13:00:58","modified_gmt":"2025-12-09T13:00:58","slug":"b0fx32nt4s-2","status":"publish","type":"product","link":"https:\/\/rockkofertas.com.es\/index.php\/producto\/b0fx32nt4s-2\/","title":{"rendered":"B0FX32NT4S"},"content":{"rendered":"<p>&#8211; Pantalla Carplay de 9 pulgadas integrada para Netflix Youtube: descarga aplicaciones como Netflix, YouTube, TikTok, Prime Video y Disney+ desde la tienda de aplicaciones de la pantalla LAMTTO Carplay. Equipado con una pantalla t\u00e1ctil HD ultra grande de 9 pulgadas (1024 x 600), y no hay necesidad de utilizar una complicada conexi\u00f3n de enlace de espejo, simplemente con\u00e9ctate a un punto de acceso wifi para disfrutar de tus programas favoritos, deportes y pel\u00edculas. Perfecto para viajar, descansos de conducci\u00f3n, camping y entretener a los pasajeros.<br \/>\n&#8211; Carplay inal\u00e1mbrico y Android Auto: la pantalla port\u00e1til LAMTTO para coche es compatible con Carplay inal\u00e1mbrico y Android Auto. Puedes acceder a la m\u00fasica de tu tel\u00e9fono, navegaci\u00f3n de mapas, mensajes, llamadas telef\u00f3nicas manos libres, etc. cuando simplemente se conecta a tu smartphone a trav\u00e9s de Bluetooth y WiFi. Incluso si tu coche es muy antiguo, el uso de Carplay inal\u00e1mbrico Volam actualiza instant\u00e1neamente tu coche. (Compatible con iOS 5.0+, Android 11.0+. No es compatible con Huawei)<br \/>\n&#8211; Mapas en l\u00ednea y GPS en tiempo real: la pantalla LAMTTO App1e Carplay proporciona una ubicaci\u00f3n precisa en tiempo real y navegaci\u00f3n GPS sin demora. Te permite utilizar aplicaciones de mapas populares como G00gle Maps y Waze para proporcionar recomendaciones de ruta en tiempo real para la congesti\u00f3n del tr\u00e1fico y los cambios de carril.<br \/>\n&#8211; Transmite canciones populares: la pantalla de reproducci\u00f3n de coche LAMTTO viene con m\u00fasica YT integrada, y tambi\u00e9n puedes descargar Spotify desde la tienda de aplicaciones de la pantalla LAMTTO Carplay. Los altavoces integrados de alta calidad llenan el coche con m\u00fasica hermosa, aliviando la fatiga en viajes largos. Esta pantalla Carplay tambi\u00e9n se puede cambiar al modo de doble pantalla, lo que te permite reproducir m\u00fasica mientras navegas.<br \/>\n&#8211; Activa el reconocimiento de voz: la pantalla de reproducci\u00f3n de coche LAMTTO app1e tambi\u00e9n soporta el control de voz a trav\u00e9s del asistente Siri o G00gle, simplemente habla comandos a trav\u00e9s de carplay, lo que te proporciona una experiencia de conducci\u00f3n m\u00e1s segura y c\u00f3moda. Como navegaci\u00f3n, tel\u00e9fono manos libres, reproducci\u00f3n de canciones, etc. (La funci\u00f3n de asistente de voz debe activarse a trav\u00e9s del tel\u00e9fono m\u00f3vil antes de usar)<br \/>\n&#8211; C\u00e1mara de respaldo con asistencia inversa mejorada: la pantalla de coche LAMTTO Carplay viene con una c\u00e1mara de respaldo impermeable ajustable de 90\u00b0 con cable de 6,5 m, soporta visi\u00f3n nocturna. La c\u00e1mara trasera 720P se activa autom\u00e1ticamente cuando se cambia a marcha atr\u00e1s, ofreciendo una visi\u00f3n clara con directrices personalizables. Ajusta estas directrices para que coincidan con las dimensiones de tu veh\u00edculo para una experiencia de estacionamiento precisa y segura.<br \/>\n&#8211; Salida de audio estable y de alta calidad: equipada con tecnolog\u00eda Bluetooth avanzada, la pantalla Carplay inal\u00e1mbrica LAMTTO te permite transmitir audio de forma inal\u00e1mbrica a los altavoces est\u00e9reo de tu coche para una experiencia musical sin p\u00e9rdidas. (Tambi\u00e9n se puede conectar a trav\u00e9s de Bluetooth, FM o AUX). Adem\u00e1s, la pantalla cuenta con altavoces integrados de alta calidad para un sonido excepcional.<br \/>\n&#8211; Actualizaciones OTA y posventa profesional: la pantalla autom\u00e1tica Android LAMTTO CarPlay soporta actualizaciones instant\u00e1neas de firmware. Es f\u00e1cil actualizar el sistema en l\u00ednea directamente en la pantalla CarPlay. Mantente al d\u00eda f\u00e1cilmente con las \u00faltimas caracter\u00edsticas y mejoras, asegurando que tu dispositivo siempre est\u00e9 funcionando al m\u00e1ximo. O ponte en contacto con nuestro equipo posventa para obtener soporte 24\/7 y una garant\u00eda de 12 meses.<\/p>\n","protected":false},"excerpt":{"rendered":"<p>LAMTTO 3 en 1 Net-flix Carplay Android Auto Pantalla Coche con Youtube, Tiktok, Pantalla T\u00e1ctil 9 pulgadas, C\u00e1mara de Respaldo Navegaci\u00f3n Asistente de Voz Spotify Bluetooth AUX FM OTA<br \/>#Publicidad <span class=\"read-more\"><a class=\"more-link btn btn-transparent\" href=\"https:\/\/rockkofertas.com.es\/index.php\/producto\/b0fx32nt4s-2\/\">Leer m\u00e1s&#8230;<\/a><\/span><\/p>\n","protected":false},"featured_media":7670,"comment_status":"open","ping_status":"closed","template":"","meta":[],"product_cat":[15],"product_tag":[],"class_list":{"0":"post-7671","1":"product","2":"type-product","3":"status-publish","4":"has-post-thumbnail","6":"product_cat-sin-categorizar","8":"first","9":"instock","10":"shipping-taxable","11":"product-type-external"},"_links":{"self":[{"href":"https:\/\/rockkofertas.com.es\/index.php\/wp-json\/wp\/v2\/product\/7671","targetHints":{"allow":["GET"]}}],"collection":[{"href":"https:\/\/rockkofertas.com.es\/index.php\/wp-json\/wp\/v2\/product"}],"about":[{"href":"https:\/\/rockkofertas.com.es\/index.php\/wp-json\/wp\/v2\/types\/product"}],"replies":[{"embeddable":true,"href":"https:\/\/rockkofertas.com.es\/index.php\/wp-json\/wp\/v2\/comments?post=7671"}],"wp:featuredmedia":[{"embeddable":true,"href":"https:\/\/rockkofertas.com.es\/index.php\/wp-json\/wp\/v2\/media\/7670"}],"wp:attachment":[{"href":"https:\/\/rockkofertas.com.es\/index.php\/wp-json\/wp\/v2\/media?parent=7671"}],"wp:term":[{"taxonomy":"product_cat","embeddable":true,"href":"https:\/\/rockkofertas.com.es\/index.php\/wp-json\/wp\/v2\/product_cat?post=7671"},{"taxonomy":"product_tag","embeddable":true,"href":"https:\/\/rockkofertas.com.es\/index.php\/wp-json\/wp\/v2\/product_tag?post=7671"}],"curies":[{"name":"wp","href":"https:\/\/api.w.org\/{rel}","templated":true}]}}