{"id":7663,"date":"2025-12-09T04:00:38","date_gmt":"2025-12-09T04:00:38","guid":{"rendered":"https:\/\/rockkofertas.com.es\/index.php\/producto\/b0fn4dxjz4\/"},"modified":"2025-12-09T04:00:38","modified_gmt":"2025-12-09T04:00:38","slug":"b0fn4dxjz4","status":"publish","type":"product","link":"https:\/\/rockkofertas.com.es\/index.php\/producto\/b0fn4dxjz4\/","title":{"rendered":"B0FN4DXJZ4"},"content":{"rendered":"<p>&#8211; \u3010Android 15 OS y Gemini AI\u3011\ud83c\udfc6Tableta con el nuevo Android 15 OS. Su rendimiento din\u00e1mico optimizado ofrece una experiencia de usuario fluida y eficiente. El innovador sistema Gemini AI ofrece ajustes personalizados inteligentes, funciones de automatizaci\u00f3n intuitivas y operaciones de seguridad cifradas. La tecnolog\u00eda de seguridad avanzada protege tus datos personales y privados.<br \/>\n&#8211; \u301030 GB RAM + 128 GB ROM + Expansi\u00f3n TF 2 TB\u3011\ud83c\udf89Tablet Android 15 con 30 GB (8 GB RAM + 22 GB de memoria virtual) que ofrece una multitarea fluida y un rendimiento de aplicaciones de alta demanda. Con 128 GB de almacenamiento integrado y compatibilidad con tarjetas TF de hasta 2 TB, la tableta puede albergar una gran cantidad de archivos multimedia y aplicaciones. Destaca entre las tabletas asequibles y de alta calidad.<br \/>\n&#8211; \u30108000 mAh &amp; 5G+2.4G WiFi\u3011\ud83c\udf8aTableta pantalla t\u00e1ctil que ofrece una conectividad estable a trav\u00e9s de WiFi de doble banda 2.4G\/5G, lo que permite realizar videollamadas con una calidad de imagen n\u00edtida y jugar en l\u00ednea sin retrasos. Equipada con un procesador octa-core de alto rendimiento, la tableta ofrece un rendimiento eficiente tanto para el trabajo como para el entretenimiento. Con una bater\u00eda de alta capacidad de 8000 mAh, permite un uso prolongado.<br \/>\n&#8211; \u301010 Pulgadas IPS Display &amp; Widevine L1\u3011\ud83d\udc51Tableta 10 pulgadas cuenta con una pantalla IPS de alta definici\u00f3n con una resoluci\u00f3n de 1280\u00d7800, que ofrece im\u00e1genes n\u00edtidas y una reproducci\u00f3n natural del color. Con la certificaci\u00f3n Widevine L1, la tableta admite la reproducci\u00f3n fluida de contenido de streaming de alta definici\u00f3n. Los altavoces est\u00e9reo duales proporcionan un sonido envolvente inmersivo y una calidad de audio n\u00edtida. Tambi\u00e9n cuenta con un conector para auriculares de 3,5 mm.<br \/>\n&#8211; \u30108MP + 5MP C\u00e1mara &amp; Desbloqueo Facial\u3011\u2728DEERTiME E9 tableta viene equipada con una c\u00e1mara trasera de 8MP para capturar cada momento memorable de la vida. La c\u00e1mara frontal de 5MP permite realizar videollamadas con una nitidez cristalina. Ideal para situaciones que requieren una comunicaci\u00f3n fluida. Tambi\u00e9n cuenta con desbloqueo facial para un acceso r\u00e1pido y seguro. Dise\u00f1ada para la comunicaci\u00f3n, el aprendizaje y la seguridad en el hogar.<br \/>\n&#8211; \u3010Multifunci\u00f3n Tablet\u3011\ud83c\udf81Tablet 2 IN 1 emplea la tecnolog\u00eda de conectividad Bluetooth 5.0, que ofrece un mayor alcance y una estabilidad mejorada. El paquete incluye un teclado(QWERTY), un rat\u00f3n, un cargador, un protector de pantalla y una funda protectora. La tableta E9 es compatible con los sistemas de navegaci\u00f3n BeiDou, Galileo, GLONASS y GPS. Nota: La tableta E9 no es compatible con tarjetas SIM.<\/p>\n","protected":false},"excerpt":{"rendered":"<p>Tablet Android 15 Gemini AI Tablet 10 Pulgadas con 30GB RAM+128GB ROM\/TF 2TB, Octa-Core 2.0 GHz, 8000mAh, 5G WiFi, GMS Tablets Widevine L1 FHD, 8+5MP, BT 5.0, GPS, Funda, Teclado y Rat\u00f3n &#8211; Dorado<br \/>\n#Publicidad <span class=\"read-more\"><a class=\"more-link btn btn-transparent\" href=\"https:\/\/rockkofertas.com.es\/index.php\/producto\/b0fn4dxjz4\/\">Leer m\u00e1s&#8230;<\/a><\/span><\/p>\n","protected":false},"featured_media":7662,"comment_status":"open","ping_status":"closed","template":"","meta":[],"product_cat":[15],"product_tag":[],"class_list":{"0":"post-7663","1":"product","2":"type-product","3":"status-publish","4":"has-post-thumbnail","6":"product_cat-sin-categorizar","8":"first","9":"instock","10":"shipping-taxable","11":"product-type-external"},"_links":{"self":[{"href":"https:\/\/rockkofertas.com.es\/index.php\/wp-json\/wp\/v2\/product\/7663","targetHints":{"allow":["GET"]}}],"collection":[{"href":"https:\/\/rockkofertas.com.es\/index.php\/wp-json\/wp\/v2\/product"}],"about":[{"href":"https:\/\/rockkofertas.com.es\/index.php\/wp-json\/wp\/v2\/types\/product"}],"replies":[{"embeddable":true,"href":"https:\/\/rockkofertas.com.es\/index.php\/wp-json\/wp\/v2\/comments?post=7663"}],"wp:featuredmedia":[{"embeddable":true,"href":"https:\/\/rockkofertas.com.es\/index.php\/wp-json\/wp\/v2\/media\/7662"}],"wp:attachment":[{"href":"https:\/\/rockkofertas.com.es\/index.php\/wp-json\/wp\/v2\/media?parent=7663"}],"wp:term":[{"taxonomy":"product_cat","embeddable":true,"href":"https:\/\/rockkofertas.com.es\/index.php\/wp-json\/wp\/v2\/product_cat?post=7663"},{"taxonomy":"product_tag","embeddable":true,"href":"https:\/\/rockkofertas.com.es\/index.php\/wp-json\/wp\/v2\/product_tag?post=7663"}],"curies":[{"name":"wp","href":"https:\/\/api.w.org\/{rel}","templated":true}]}}