{"id":7661,"date":"2025-12-09T00:00:43","date_gmt":"2025-12-09T00:00:43","guid":{"rendered":"https:\/\/rockkofertas.com.es\/index.php\/producto\/b0f6dcv3pm\/"},"modified":"2025-12-09T00:00:43","modified_gmt":"2025-12-09T00:00:43","slug":"b0f6dcv3pm","status":"publish","type":"product","link":"https:\/\/rockkofertas.com.es\/index.php\/producto\/b0f6dcv3pm\/","title":{"rendered":"B0F6DCV3PM"},"content":{"rendered":"<p>&#8211; [Cobertura 360\u00b0, Video 2K] Controle la lente para girar 350 \u00b0 e inclinarse 70 \u00b0 para ver con amplitud y tener menos puntos ciegos. Diga adi\u00f3s a las im\u00e1genes pixeladas y disfrute de una calidad de video 2K n\u00edtida durante todo el d\u00eda y en todo momento. De izquierda a derecha, arriba y abajo, esta c\u00e1mara de interior para seguridad dom\u00e9stica capta informaci\u00f3n desde todas las direcciones para crear una visi\u00f3n panor\u00e1mica n\u00edtida, incluso mejor que la de un b\u00faho.<br \/>\n&#8211; [Detecci\u00f3n y alertas sin suscripci\u00f3n] Elija en la Beans View APP para recibir una alerta (1) s\u00f3lo cuando se detecta una persona. Por lo tanto, esta c\u00e1mara Wi-Fi realiza un seguimiento de las personas detectadas, asegur\u00e1ndose de capturar cada movimiento en grandes \u00e1reas sin esfuerzo. (2) Cuando se produzca cualquier actividad. Para reducir las falsas alarmas, personalice el \u00e1rea de detecci\u00f3n o ajuste la sensibilidad de detecci\u00f3n (baja o alta) en la aplicaci\u00f3n.<br \/>\n&#8211; [Visi\u00f3n Nocturna en Color] Esta c\u00e1mara para mascotas ofrece una visibilidad clara incluso en la oscuridad total, gracias a su lente de gran apertura F2.0 y focos incorporados. Elija entre visi\u00f3n infrarroja en blanco y negro (hasta 10 m) o visi\u00f3n en color (hasta 8 m). Con tres modos nocturnos flexibles (blanco y negro, color y visi\u00f3n nocturna inteligente, es decir, visi\u00f3n en color activada por detecci\u00f3n), obtendr\u00e1 la mejor protecci\u00f3n, tanto de d\u00eda como de noche, sin perturbar su tranquilidad.<br \/>\n&#8211; [Compatibilidad con almacenamiento local de 512 GB] Conserve el historial de v\u00eddeo sin necesidad de suscripci\u00f3n con esta c\u00e1mara, que admite una tarjeta microSD de hasta 512 GB (se vende por separado). Grabe v\u00eddeo autom\u00e1ticamente cuando detecte movimiento u opte por planes de almacenamiento en la nube con una prueba gratuita para disponer de espacio ilimitado. Puede elegir grabar de forma continua las 24h\/24, 7d\/7, o grabar s\u00f3lo partes de los movimientos de personas o animales.<br \/>\n&#8211; [Privacidad] Active f\u00e1cilmente el modo de suspensi\u00f3n o establezca un horario de suspensi\u00f3n para pausar toda la actividad de la c\u00e1mara. La c\u00e1mara deja de grabar durante las horas de privacidad. Utilizamos servidores locales en Europa para el acceso remoto y hemos adoptado el avanzado protocolo de encriptaci\u00f3n TLS. Sus datos permanecen seguros gracias al cifrado de datos AES, el cifrado TLS y la autenticaci\u00f3n en varios pasos.<\/p>\n","protected":false},"excerpt":{"rendered":"<p>Beans View 2K (3MP) C\u00e1mara de Interior para Seguridad, 2 Piezas, visi\u00f3n Nocturna en Color, Vista de 360\u00b0, c\u00e1mara Wi-Fi para Mascotas\/Perros\/Gatos, Detecci\u00f3n Humana, Compatible con Alexa D210<br \/>\n#Publicidad <span class=\"read-more\"><a class=\"more-link btn btn-transparent\" href=\"https:\/\/rockkofertas.com.es\/index.php\/producto\/b0f6dcv3pm\/\">Leer m\u00e1s&#8230;<\/a><\/span><\/p>\n","protected":false},"featured_media":7660,"comment_status":"open","ping_status":"closed","template":"","meta":[],"product_cat":[15],"product_tag":[],"class_list":{"0":"post-7661","1":"product","2":"type-product","3":"status-publish","4":"has-post-thumbnail","6":"product_cat-sin-categorizar","8":"first","9":"instock","10":"shipping-taxable","11":"product-type-external"},"_links":{"self":[{"href":"https:\/\/rockkofertas.com.es\/index.php\/wp-json\/wp\/v2\/product\/7661","targetHints":{"allow":["GET"]}}],"collection":[{"href":"https:\/\/rockkofertas.com.es\/index.php\/wp-json\/wp\/v2\/product"}],"about":[{"href":"https:\/\/rockkofertas.com.es\/index.php\/wp-json\/wp\/v2\/types\/product"}],"replies":[{"embeddable":true,"href":"https:\/\/rockkofertas.com.es\/index.php\/wp-json\/wp\/v2\/comments?post=7661"}],"wp:featuredmedia":[{"embeddable":true,"href":"https:\/\/rockkofertas.com.es\/index.php\/wp-json\/wp\/v2\/media\/7660"}],"wp:attachment":[{"href":"https:\/\/rockkofertas.com.es\/index.php\/wp-json\/wp\/v2\/media?parent=7661"}],"wp:term":[{"taxonomy":"product_cat","embeddable":true,"href":"https:\/\/rockkofertas.com.es\/index.php\/wp-json\/wp\/v2\/product_cat?post=7661"},{"taxonomy":"product_tag","embeddable":true,"href":"https:\/\/rockkofertas.com.es\/index.php\/wp-json\/wp\/v2\/product_tag?post=7661"}],"curies":[{"name":"wp","href":"https:\/\/api.w.org\/{rel}","templated":true}]}}