{"id":7659,"date":"2025-12-08T20:00:48","date_gmt":"2025-12-08T20:00:48","guid":{"rendered":"https:\/\/rockkofertas.com.es\/index.php\/producto\/b07fnhv4mw\/"},"modified":"2025-12-08T20:00:48","modified_gmt":"2025-12-08T20:00:48","slug":"b07fnhv4mw","status":"publish","type":"product","link":"https:\/\/rockkofertas.com.es\/index.php\/producto\/b07fnhv4mw\/","title":{"rendered":"B07FNHV4MW"},"content":{"rendered":"<p>&#8211; \u00c1ngulo Vertical de 57\u00b0 que Mejora Postura: Logitech MX Vertical cuenta con un exclusivo \u00e1ngulo vertical de 57\u00b0 del rat\u00f3n que reduce la presi\u00f3n en la mu\u00f1eca para trabajar con su ordenador<br \/>\n&#8211; Posici\u00f3n de Sujeci\u00f3n Natural: Este rat\u00f3n vertical se ha dise\u00f1ado y probado con los criterios establecidos por expertos ergonomistas para mejorar la postura y reducir la tensi\u00f3n muscular<br \/>\n&#8211; Rendimiento Superior: El sensor de 4000 dpi de alta precisi\u00f3n reduce cuatro veces el movimiento de la mano y la fatiga<br \/>\n&#8211; Forma C\u00f3moda y Superficie Texturizada: Logitech MX Vertical tiene una forma ergon\u00f3mica pensada para la mano humana y es suave al tacto<br \/>\n&#8211; Compatibilidad con Easy-Switch y Flow: Puedes emparejar hasta tres dispositivos y alternar el uso entre ellos con s\u00f3lo pulsar un bot\u00f3n o mover el cursor de una pantalla a otra con Logitech Flow<br \/>\n&#8211; Compatibilidad: Windows 8, Windows 10 o posteriores, macOS 10.13 o posteriores, iPadOS 13.1 o posteriores 5, Linux<br \/>\n&#8211; Probado por los Usuarios. Aprobado por los Ergonomistas: El 88% de los profesionales de la ergonom\u00eda recomendar\u00edan MX Vertical (encuesta a asistentes a ErgoExpo e IEA Florence 2018)<\/p>\n","protected":false},"excerpt":{"rendered":"<p>Logitech MX Vertical Rat\u00f3n Inal\u00e1mbrico Ergon\u00f3mico, Multi-Ordenador, 2,4 GHz\/Bluetooth con Receptor Unifying USB, Seguimiento \u00d3ptico 4000 DPI, 4 Botones, Carga R\u00e1pida, Port\u00e1til\/PC\/Mac\/iPad OS &#8211; Gris<br \/>\n#Publicidad <span class=\"read-more\"><a class=\"more-link btn btn-transparent\" href=\"https:\/\/rockkofertas.com.es\/index.php\/producto\/b07fnhv4mw\/\">Leer m\u00e1s&#8230;<\/a><\/span><\/p>\n","protected":false},"featured_media":7658,"comment_status":"open","ping_status":"closed","template":"","meta":[],"product_cat":[15],"product_tag":[],"class_list":{"0":"post-7659","1":"product","2":"type-product","3":"status-publish","4":"has-post-thumbnail","6":"product_cat-sin-categorizar","8":"first","9":"instock","10":"shipping-taxable","11":"product-type-external"},"_links":{"self":[{"href":"https:\/\/rockkofertas.com.es\/index.php\/wp-json\/wp\/v2\/product\/7659","targetHints":{"allow":["GET"]}}],"collection":[{"href":"https:\/\/rockkofertas.com.es\/index.php\/wp-json\/wp\/v2\/product"}],"about":[{"href":"https:\/\/rockkofertas.com.es\/index.php\/wp-json\/wp\/v2\/types\/product"}],"replies":[{"embeddable":true,"href":"https:\/\/rockkofertas.com.es\/index.php\/wp-json\/wp\/v2\/comments?post=7659"}],"wp:featuredmedia":[{"embeddable":true,"href":"https:\/\/rockkofertas.com.es\/index.php\/wp-json\/wp\/v2\/media\/7658"}],"wp:attachment":[{"href":"https:\/\/rockkofertas.com.es\/index.php\/wp-json\/wp\/v2\/media?parent=7659"}],"wp:term":[{"taxonomy":"product_cat","embeddable":true,"href":"https:\/\/rockkofertas.com.es\/index.php\/wp-json\/wp\/v2\/product_cat?post=7659"},{"taxonomy":"product_tag","embeddable":true,"href":"https:\/\/rockkofertas.com.es\/index.php\/wp-json\/wp\/v2\/product_tag?post=7659"}],"curies":[{"name":"wp","href":"https:\/\/api.w.org\/{rel}","templated":true}]}}