{"id":7653,"date":"2025-12-08T17:30:42","date_gmt":"2025-12-08T17:30:42","guid":{"rendered":"https:\/\/rockkofertas.com.es\/index.php\/producto\/b0fhqb9sb9\/"},"modified":"2025-12-08T17:30:42","modified_gmt":"2025-12-08T17:30:42","slug":"b0fhqb9sb9","status":"publish","type":"product","link":"https:\/\/rockkofertas.com.es\/index.php\/producto\/b0fhqb9sb9\/","title":{"rendered":"B0FHQB9SB9"},"content":{"rendered":"<p>&#8211; \u3010Motor Brushless Fiable y Duradero\u3011 Esta hidrolimpiadora bater\u00eda est\u00e1 equipada con un motor brushless de \u00faltima generaci\u00f3n, que ofrece una potencia estable y una excelente eficiencia energ\u00e9tica. M\u00e1s silenciosa y con menos mantenimiento que los modelos tradicionales, garantiza un chorro constante y fiable para limpiar coches, terrazas y herramientas de jard\u00edn con facilidad.<br \/>\n&#8211; \u3010M\u00e9todos de suministro de agua vers\u00e1tiles\u3011 Olv\u00eddate de las limitaciones de conexi\u00f3n: este dispositivo puede conectarse directamente al grifo del jard\u00edn o aspirar agua de un cubo, dep\u00f3sito o incluso de un lago.Gracias a su dise\u00f1o inal\u00e1mbrico, la hidrolimpiadora bater\u00eda BULLA ofrece una total libertad de uso, tanto en casa como en exteriores.<br \/>\n&#8211; \u3010Ajuste Preciso con Pantalla LCD\u3011 Gracias a su pantalla LCD clara y controles t\u00e1ctiles, esta pistola de agua a presi\u00f3n permite ajustar f\u00e1cilmente los 30 niveles de presi\u00f3n y comprobar el nivel de bater\u00eda (1%\u201399%). Es la soluci\u00f3n ideal para adaptar la potencia a diferentes superficies, desde un enjuague r\u00e1pido hasta una limpieza diaria m\u00e1s precisa.<br \/>\n&#8211; \u3010Bater\u00edas Dobles para Mayor Autonom\u00eda\u3011 Equipada con dos bater\u00edas de litio de 4000 mAh, esta hidrolimpiadora de alta presion bater\u00eda ofrece entre 50 y 60 minutos de funcionamiento continuo, dependiendo del modo de pulverizaci\u00f3n y las condiciones de uso. Perfecta para lavar el coche, limpiar terrazas o herramientas sin interrupciones, manteniendo siempre una potencia estable.<br \/>\n&#8211; \u3010Boquilla 6-en-1 Vers\u00e1til\u3011 La boquilla giratoria de esta pistola hidrolimpiadora ofrece seis modos de pulverizaci\u00f3n: 0\u00b0, 15\u00b0, 25\u00b0, 40\u00b0, espuma y chorro amplio. Con un simple giro, podr\u00e1s adaptar el chorro a cada tarea, desde limpiezas delicadas hasta trabajos m\u00e1s intensivos, de forma pr\u00e1ctica y eficiente.<br \/>\n&#8211; \u3010Limpieza F\u00e1cil en Cualquier Lugar\u3011 Compacto y ligero, este limpiador a presion portatil es ideal para lavar coches, bicicletas, balcones, ventanas, terrazas y muebles de jard\u00edn. Gracias a su funci\u00f3n de autocebado, puede extraer agua de un cubo, de un lago o conectarse directamente a un grifo, ofreciendo la m\u00e1xima flexibilidad para un uso verdaderamente port\u00e1til, digno de un Water Jet Pro.<br \/>\n&#8211; \u3010Contenido del Paquete\u3011 1 \u00d7 hidrolimpiadora bater\u00eda port\u00e1til, 2 \u00d7 bater\u00edas de 4000 mAh, 1 \u00d7 adaptador, 1 \u00d7 manguera de 5 m, 1 \u00d7 boquilla 6-en-1, 1 \u00d7 botella para espuma, 1 \u00d7 filtro de agua, 1 \u00d7 tubo de conexi\u00f3n, 1 \u00d7 adaptador para grifo, 1 \u00d7 caja de almacenamiento.<\/p>\n","protected":false},"excerpt":{"rendered":"<p>Hidrolimpiadora Bateria, Pistola de Agua a Presi\u00f3n con Boquilla 6 en 1, Press &amp; Clean Pistola Lavado con 2 Bater\u00edas de 4,0 Ah, Pistola hidrolimpiadora para la Limpieza de Coches, Suelos y Jardines<br \/>#Publicidad <span class=\"read-more\"><a class=\"more-link btn btn-transparent\" href=\"https:\/\/rockkofertas.com.es\/index.php\/producto\/b0fhqb9sb9\/\">Leer m\u00e1s&#8230;<\/a><\/span><\/p>\n","protected":false},"featured_media":7652,"comment_status":"open","ping_status":"closed","template":"","meta":[],"product_cat":[15],"product_tag":[],"class_list":{"0":"post-7653","1":"product","2":"type-product","3":"status-publish","4":"has-post-thumbnail","6":"product_cat-sin-categorizar","8":"first","9":"instock","10":"shipping-taxable","11":"product-type-external"},"_links":{"self":[{"href":"https:\/\/rockkofertas.com.es\/index.php\/wp-json\/wp\/v2\/product\/7653","targetHints":{"allow":["GET"]}}],"collection":[{"href":"https:\/\/rockkofertas.com.es\/index.php\/wp-json\/wp\/v2\/product"}],"about":[{"href":"https:\/\/rockkofertas.com.es\/index.php\/wp-json\/wp\/v2\/types\/product"}],"replies":[{"embeddable":true,"href":"https:\/\/rockkofertas.com.es\/index.php\/wp-json\/wp\/v2\/comments?post=7653"}],"wp:featuredmedia":[{"embeddable":true,"href":"https:\/\/rockkofertas.com.es\/index.php\/wp-json\/wp\/v2\/media\/7652"}],"wp:attachment":[{"href":"https:\/\/rockkofertas.com.es\/index.php\/wp-json\/wp\/v2\/media?parent=7653"}],"wp:term":[{"taxonomy":"product_cat","embeddable":true,"href":"https:\/\/rockkofertas.com.es\/index.php\/wp-json\/wp\/v2\/product_cat?post=7653"},{"taxonomy":"product_tag","embeddable":true,"href":"https:\/\/rockkofertas.com.es\/index.php\/wp-json\/wp\/v2\/product_tag?post=7653"}],"curies":[{"name":"wp","href":"https:\/\/api.w.org\/{rel}","templated":true}]}}