{"id":7651,"date":"2025-12-08T16:00:46","date_gmt":"2025-12-08T16:00:46","guid":{"rendered":"https:\/\/rockkofertas.com.es\/index.php\/producto\/b0d7d3wtmg\/"},"modified":"2025-12-08T16:00:46","modified_gmt":"2025-12-08T16:00:46","slug":"b0d7d3wtmg","status":"publish","type":"product","link":"https:\/\/rockkofertas.com.es\/index.php\/producto\/b0d7d3wtmg\/","title":{"rendered":"B0D7D3WTMG"},"content":{"rendered":"<p>&#8211; IC\u00d3NICO Y ATEMPORAL: La camisa original de Tommy Hilfiger con cuello abotonado tiene un corte cl\u00e1sico. El dise\u00f1o sencillo y depurado convierte a esta camisa en un cl\u00e1sico que no puede faltar en ning\u00fan armario.<br \/>\n&#8211; COMODA Y CON DETALLES ESPECIALES: Gracias a su material de alta calidad, la camisa de corte normal es superc\u00f3moda de llevar. Los detalles distintivos de Tommy Hilfiger proporcionan un toque especial.<br \/>\n&#8211; CL\u00c1SICO TODOTERRENO: Esta camisa es una prenda muy f\u00e1cil de combinar y que realza cualquier conjunto. Es el complemento perfecto para pantalones de tela para la oficina o vaqueros informales para el d\u00eda a d\u00eda.<br \/>\n&#8211; MATERIAL Y CUIDADO: Camisa de algod\u00f3n 100 %. Se puede lavar a m\u00e1quina y secar en secadora.<br \/>\n&#8211; CALIDAD DEMOSTRADA: Desde 1985, esta marca de dise\u00f1ador lleva demostrando por todo el mundo la calidad y la ligereza mediante una gran variedad de dise\u00f1os en los m\u00edticos colores azul oscuro, blanco y rojo.<\/p>\n","protected":false},"excerpt":{"rendered":"<p>Tommy Hilfiger Camisa Hombre Flex Poplin Classic Regular Fit, Multicolor (Sweet Blue\/Optic White), S<br \/>\n#Publicidad <span class=\"read-more\"><a class=\"more-link btn btn-transparent\" href=\"https:\/\/rockkofertas.com.es\/index.php\/producto\/b0d7d3wtmg\/\">Leer m\u00e1s&#8230;<\/a><\/span><\/p>\n","protected":false},"featured_media":7650,"comment_status":"open","ping_status":"closed","template":"","meta":[],"product_cat":[15],"product_tag":[],"class_list":{"0":"post-7651","1":"product","2":"type-product","3":"status-publish","4":"has-post-thumbnail","6":"product_cat-sin-categorizar","8":"first","9":"instock","10":"shipping-taxable","11":"product-type-external"},"_links":{"self":[{"href":"https:\/\/rockkofertas.com.es\/index.php\/wp-json\/wp\/v2\/product\/7651","targetHints":{"allow":["GET"]}}],"collection":[{"href":"https:\/\/rockkofertas.com.es\/index.php\/wp-json\/wp\/v2\/product"}],"about":[{"href":"https:\/\/rockkofertas.com.es\/index.php\/wp-json\/wp\/v2\/types\/product"}],"replies":[{"embeddable":true,"href":"https:\/\/rockkofertas.com.es\/index.php\/wp-json\/wp\/v2\/comments?post=7651"}],"wp:featuredmedia":[{"embeddable":true,"href":"https:\/\/rockkofertas.com.es\/index.php\/wp-json\/wp\/v2\/media\/7650"}],"wp:attachment":[{"href":"https:\/\/rockkofertas.com.es\/index.php\/wp-json\/wp\/v2\/media?parent=7651"}],"wp:term":[{"taxonomy":"product_cat","embeddable":true,"href":"https:\/\/rockkofertas.com.es\/index.php\/wp-json\/wp\/v2\/product_cat?post=7651"},{"taxonomy":"product_tag","embeddable":true,"href":"https:\/\/rockkofertas.com.es\/index.php\/wp-json\/wp\/v2\/product_tag?post=7651"}],"curies":[{"name":"wp","href":"https:\/\/api.w.org\/{rel}","templated":true}]}}