{"id":7649,"date":"2025-12-08T12:10:49","date_gmt":"2025-12-08T12:10:49","guid":{"rendered":"https:\/\/rockkofertas.com.es\/index.php\/producto\/b0fqvc9th3-2\/"},"modified":"2025-12-08T12:10:49","modified_gmt":"2025-12-08T12:10:49","slug":"b0fqvc9th3-2","status":"publish","type":"product","link":"https:\/\/rockkofertas.com.es\/index.php\/producto\/b0fqvc9th3-2\/","title":{"rendered":"B0FQVC9TH3"},"content":{"rendered":"<p>&#8211; \ud83d\ude97 \u3010\ud835\udc04\ud835\udc31\ud835\udc29\ud835\udc1e\ud835\udc2b\ud835\udc22\ud835\udc1e\ud835\udc27\ud835\udc1c\ud835\udc22\ud835\udc1a \ud835\udc0d\ud835\udc1a\ud835\udc2d\ud835\udc22\ud835\udc2f\ud835\udc1a, \ud835\udc0b\ud835\udc22\ud835\udc1b\ud835\udc1e\ud835\udc2b\ud835\udc2d\ud835\udc1a\ud835\udc1d \ud835\udc08\ud835\udc27\ud835\udc1a\ud835\udc25\u00e1\ud835\udc26\ud835\udc1b\ud835\udc2b\ud835\udc22\ud835\udc1c\ud835\udc1a\u3011Adaptador android auto inalambrico de dise\u00f1o compacto que no bloquea puertos ni controles. Transforma tu CarPlay\/Android Auto en una conexi\u00f3n inal\u00e1mbrica fluida: navegaci\u00f3n, m\u00fasica, llamadas&#8230; todo funciona a la perfecci\u00f3n, sin cables. No compatible con B-MW ni Tes-la<br \/>\n&#8211; \ud83d\udd01 \u3010\ud835\udc02\ud835\udc28\ud835\udc27\ud835\udc1e\ud835\udc1c\ud835\udc2d\ud835\udc22\ud835\udc2f\ud835\udc22\ud835\udc1d\ud835\udc1a\ud835\udc1d \ud835\udc00\ud835\udc2f\ud835\udc1a\ud835\udc27\ud835\udc33\ud835\udc1a\ud835\udc1d\ud835\udc1a, \ud835\udc02\ud835\udc28\ud835\udc27\ud835\udc1d\ud835\udc2e\ud835\udc1c\ud835\udc1c\ud835\udc22\u00f3\ud835\udc27 \ud835\udc12\ud835\udc1e\ud835\udc20\ud835\udc2e\ud835\udc2b\ud835\udc1a\u3011Wi-Fi de doble banda (2,4 + 5,8 GHz) y Bluetooth 5.4 eliminan las interrupciones de m\u00fasica y los retrasos en las llamadas, android auto inalambrico ofreciendo una experiencia estable y fiable comparable a una conexi\u00f3n por cable. Conc\u00e9ntrate en la carretera y conduce con seguridad<br \/>\n&#8211; \ud83d\ude80 \u3010\ud835\udc00\ud835\udc1c\ud835\udc2d\ud835\udc2e\ud835\udc1a\ud835\udc25\ud835\udc22\ud835\udc33\ud835\udc1a\ud835\udc1c\ud835\udc22\ud835\udc28\ud835\udc27\ud835\udc1e\ud835\udc2c \ud835\udc0e\ud835\udc13\ud835\udc00 \ud835\udc1c\ud835\udc28\ud835\udc27\ud835\udc2d\ud835\udc22\ud835\udc27\ud835\udc2e\ud835\udc1a\ud835\udc2c \ud835\udc29\ud835\udc1a\ud835\udc2b\ud835\udc1a \ud835\udc2e\ud835\udc27 \ud835\udc11\ud835\udc1e\ud835\udc27\ud835\udc1d\ud835\udc22\ud835\udc26\ud835\udc22\ud835\udc1e\ud835\udc27\ud835\udc2d\ud835\udc28 \u00f3\ud835\udc29\ud835\udc2d\ud835\udc22\ud835\udc26\ud835\udc28\u3011Para optimizar constantemente el rendimiento y la compatibilidad, carplay inalambrico ahora admite actualizaciones de firmware en l\u00ednea para CarPlay\/Android Auto. \u00a1Actualiza el firmware del adaptador para disfrutar de una experiencia de conducci\u00f3n m\u00e1s estable! Para obtener instrucciones de actualizaci\u00f3n detalladas, consulta la p\u00e1gina del producto<br \/>\n&#8211; \u2705\u3010\ud835\udc0f\ud835\udc25\ud835\udc2e\ud835\udc20 \ud835\udc1a\ud835\udc27\ud835\udc1d \ud835\udc0f\ud835\udc25\ud835\udc1a\ud835\udc32, \ud835\udc0b\ud835\udc22\ud835\udc1b\ud835\udc1e\ud835\udc2b\ud835\udc2d\ud835\udc1a\ud835\udc1d \ud835\udc08\ud835\udc27\ud835\udc1a\ud835\udc25\u00e1\ud835\udc26\ud835\udc1b\ud835\udc2b\ud835\udc22\ud835\udc1c\ud835\udc1a\u3011Dile adi\u00f3s a las conexiones manuales. adaptador carplay inalambrico Tras la configuraci\u00f3n inicial, solo tienes que subirte al coche y arrancar el motor: la m\u00fasica y la navegaci\u00f3n de tu tel\u00e9fono aparecer\u00e1n autom\u00e1ticamente en la pantalla del coche, haciendo que usar CarPlay inal\u00e1mbrico sea tan natural como arrancar el motor. El adaptador se reconecta autom\u00e1ticamente al \u00faltimo dispositivo emparejado, evitando desconexiones accidentales y simplificando el cambio de dispositivo<br \/>\n&#8211; \u26a1 \u3010\ud835\udc02\ud835\udc28\ud835\udc26\ud835\udc29\ud835\udc1a\ud835\udc2d\ud835\udc22\ud835\udc1b\ud835\udc22\ud835\udc25\ud835\udc22\ud835\udc1d\ud835\udc1a\ud835\udc1d \ud835\udc13\ud835\udc28\ud835\udc2d\ud835\udc1a\ud835\udc25\u3011car play inalambrico Compatible con m\u00e1s de 800 modelos de veh\u00edculos (desde 2016) equipados con sistemas CarPlay\/Android Auto con cable. Nota:Compatible con iPhone (iOS 10+) y Android (11+).Funciona con interfaces USB\/C para una integraci\u00f3n perfecta con el puerto de tu veh\u00edculo.Verifica que tu veh\u00edculo tenga un sistema CarPlay\/Android Auto con cable antes de comprarlo<br \/>\n&#8211; \ud83d\udee1\ufe0f\u3010\ud835\udc12\ud835\udc28\ud835\udc29\ud835\udc28\ud835\udc2b\ud835\udc2d\ud835\udc1e \ud835\udc13\u00e9\ud835\udc1c\ud835\udc27\ud835\udc22\ud835\udc1c\ud835\udc28\u3011Ofrecemos una garant\u00eda de 2 a\u00f1os. Para cualquier duda, el servicio de atenci\u00f3n al cliente de Amazon est\u00e1 disponible las 24 horas, todos los d\u00edas, a trav\u00e9s de Amazon Online para ofrecerte soluciones r\u00e1pidas y sencillas<\/p>\n","protected":false},"excerpt":{"rendered":"<p>Volam Adaptador inal\u00e1mbrico para coche CarPlay &amp; Android, dongle inal\u00e1mbrico, conversi\u00f3n r\u00e1pida de cable a wifi inal\u00e1mbrico de 5 GHz, plug and play, sin latencia para iOS 10+ Android 11+, coches de<br \/>#Publicidad <span class=\"read-more\"><a class=\"more-link btn btn-transparent\" href=\"https:\/\/rockkofertas.com.es\/index.php\/producto\/b0fqvc9th3-2\/\">Leer m\u00e1s&#8230;<\/a><\/span><\/p>\n","protected":false},"featured_media":7648,"comment_status":"open","ping_status":"closed","template":"","meta":[],"product_cat":[15],"product_tag":[],"class_list":{"0":"post-7649","1":"product","2":"type-product","3":"status-publish","4":"has-post-thumbnail","6":"product_cat-sin-categorizar","8":"first","9":"instock","10":"shipping-taxable","11":"product-type-external"},"_links":{"self":[{"href":"https:\/\/rockkofertas.com.es\/index.php\/wp-json\/wp\/v2\/product\/7649","targetHints":{"allow":["GET"]}}],"collection":[{"href":"https:\/\/rockkofertas.com.es\/index.php\/wp-json\/wp\/v2\/product"}],"about":[{"href":"https:\/\/rockkofertas.com.es\/index.php\/wp-json\/wp\/v2\/types\/product"}],"replies":[{"embeddable":true,"href":"https:\/\/rockkofertas.com.es\/index.php\/wp-json\/wp\/v2\/comments?post=7649"}],"wp:featuredmedia":[{"embeddable":true,"href":"https:\/\/rockkofertas.com.es\/index.php\/wp-json\/wp\/v2\/media\/7648"}],"wp:attachment":[{"href":"https:\/\/rockkofertas.com.es\/index.php\/wp-json\/wp\/v2\/media?parent=7649"}],"wp:term":[{"taxonomy":"product_cat","embeddable":true,"href":"https:\/\/rockkofertas.com.es\/index.php\/wp-json\/wp\/v2\/product_cat?post=7649"},{"taxonomy":"product_tag","embeddable":true,"href":"https:\/\/rockkofertas.com.es\/index.php\/wp-json\/wp\/v2\/product_tag?post=7649"}],"curies":[{"name":"wp","href":"https:\/\/api.w.org\/{rel}","templated":true}]}}