{"id":7641,"date":"2025-12-07T20:44:32","date_gmt":"2025-12-07T20:44:32","guid":{"rendered":"https:\/\/rockkofertas.com.es\/index.php\/producto\/b0f94cd9n1-6\/"},"modified":"2025-12-07T20:44:32","modified_gmt":"2025-12-07T20:44:32","slug":"b0f94cd9n1-6","status":"publish","type":"product","link":"https:\/\/rockkofertas.com.es\/index.php\/producto\/b0f94cd9n1-6\/","title":{"rendered":"B0F94CD9N1"},"content":{"rendered":"<p>&#8211; La Batidora m\u00e1s vendida en Europa. Turbo de Potencia.<br \/>\n&#8211; Emma Batidora Vaso. Electrodom\u00e9sticos para hogar y hosteler\u00eda. Alto Rendimiento, Bajo Consumo<br \/>\n&#8211; Tapa doble superior para introducir alimentos. Base con pies antideslizantes.<br \/>\n&#8211; Capacidad 1,2L. Jarra de Pl\u00e1stico dura Antirroturas &#8211; Materiales y Componentes de Alta Calidad.<br \/>\n&#8211; Emma, la marca de garant\u00eda.<br \/>\n&#8211; Varilla interior de acero inoxidable<\/p>\n","protected":false},"excerpt":{"rendered":"<p>Batidora Vaso EMMA &#8211; Env\u00edo 24h &#8211; Turbo de Alta Potencia, Bajo Consumo, Alto Rendimiento &#8211; Hogar y Hosteler\u00eda &#8211; F\u00e1cil Limpieza &#8211; 1,2 L &#8211; Antirroturas (Blanca)<br \/>#Publicidad <span class=\"read-more\"><a class=\"more-link btn btn-transparent\" href=\"https:\/\/rockkofertas.com.es\/index.php\/producto\/b0f94cd9n1-6\/\">Leer m\u00e1s&#8230;<\/a><\/span><\/p>\n","protected":false},"featured_media":7640,"comment_status":"open","ping_status":"closed","template":"","meta":[],"product_cat":[15],"product_tag":[],"class_list":{"0":"post-7641","1":"product","2":"type-product","3":"status-publish","4":"has-post-thumbnail","6":"product_cat-sin-categorizar","8":"first","9":"instock","10":"shipping-taxable","11":"product-type-external"},"_links":{"self":[{"href":"https:\/\/rockkofertas.com.es\/index.php\/wp-json\/wp\/v2\/product\/7641","targetHints":{"allow":["GET"]}}],"collection":[{"href":"https:\/\/rockkofertas.com.es\/index.php\/wp-json\/wp\/v2\/product"}],"about":[{"href":"https:\/\/rockkofertas.com.es\/index.php\/wp-json\/wp\/v2\/types\/product"}],"replies":[{"embeddable":true,"href":"https:\/\/rockkofertas.com.es\/index.php\/wp-json\/wp\/v2\/comments?post=7641"}],"wp:featuredmedia":[{"embeddable":true,"href":"https:\/\/rockkofertas.com.es\/index.php\/wp-json\/wp\/v2\/media\/7640"}],"wp:attachment":[{"href":"https:\/\/rockkofertas.com.es\/index.php\/wp-json\/wp\/v2\/media?parent=7641"}],"wp:term":[{"taxonomy":"product_cat","embeddable":true,"href":"https:\/\/rockkofertas.com.es\/index.php\/wp-json\/wp\/v2\/product_cat?post=7641"},{"taxonomy":"product_tag","embeddable":true,"href":"https:\/\/rockkofertas.com.es\/index.php\/wp-json\/wp\/v2\/product_tag?post=7641"}],"curies":[{"name":"wp","href":"https:\/\/api.w.org\/{rel}","templated":true}]}}