{"id":7625,"date":"2025-12-07T10:25:06","date_gmt":"2025-12-07T10:25:06","guid":{"rendered":"https:\/\/rockkofertas.com.es\/index.php\/producto\/b0fwc76gs2-2\/"},"modified":"2025-12-07T10:25:06","modified_gmt":"2025-12-07T10:25:06","slug":"b0fwc76gs2-2","status":"publish","type":"product","link":"https:\/\/rockkofertas.com.es\/index.php\/producto\/b0fwc76gs2-2\/","title":{"rendered":"B0FWC76GS2"},"content":{"rendered":"<p>&#8211; \ud83c\udf81\u3010Exquisito Empaque para Regalo\u3011: \u00bfTe cuesta elegir un regalo? \u00a1No te preocupes! La exclusiva caja de regalo personalizada CS2PRO te ahorra la molestia del empaque adicional, convirti\u00e9ndola en la opci\u00f3n ideal para regalos navide\u00f1os. Lo reloj inteligente mujer con una pantalla ultra alta definici\u00f3n de 1.83 pulgadas, ofrece una experiencia visual m\u00e1s amplia, natural y fluida, mostrando claramente todos los datos. Incluye dos correas (acero y silicona).<br \/>\n&#8211; \ud83c\udf3a\u3010Dise\u00f1ado para Mujeres\u3011: Pensando en la salud femenina, este relojes inteligentes mujeres ofrece tres modos de recordatorio: recordatorio del ciclo menstrual, predicci\u00f3n del ciclo menstrual y recordatorio de ovulaci\u00f3n. Podr\u00e1s conocer tu ciclo menstrual con anticipaci\u00f3n, prepararte adecuadamente y ajustar tus h\u00e1bitos de sue\u00f1o y alimentaci\u00f3n para mayor comodidad.<br \/>\n&#8211; \ud83d\udc95\u3010Monitoreo de Salud\u3011: El sensor de alta precisi\u00f3n HRS3600+STK8321 integrado monitorea tu frecuencia card\u00edaca las 24 horas. Todos los datos de monitoreo se sincronizan con la aplicaci\u00f3n. A trav\u00e9s de \u00abGloryfit\u00bb, tambi\u00e9n puedes compartir tus datos de salud con familiares y amigos. Lleva el SWGOTA smartwatch mujer y comparte cada paso con tus seres queridos.<br \/>\n&#8211; \u260e\ufe0f\u3010Llamadas Bluetooth\u3011: El nuevo CS2PRO smartwatch mujer con llamadas incorpora llamadas Bluetooth 5.2. tiene altavoz incorporado y micr\u00f3fono Hi-Fi, y puede realizar y recibir llamadas sin tarjeta SIM. Ya sea que est\u00e9s haciendo ejercicio o conduciendo, puedes hacer y recibir llamadas directamente desde tu smartwatch. Tambi\u00e9n puedes recibir y ver mensajes, disfrutando de una vida inteligente plena y variada.<br \/>\n&#8211; \ud83c\udfa8\u3010M\u00e1s Funciones Interesantes\u3011: Sistema espa\u00f1ol, m\u00e1s de 113 modos deportivos, recordatorio de sedentarismo, recordatorio de hidrataci\u00f3n, pron\u00f3stico del tiempo, alarma, reproductor de m\u00fasica, esferas personalizables, desbloqueo con c\u00f3digo PIN, IP68, control remoto de la c\u00e1mara, notificaciones de WhatsApp, asistente de voz, monitor de actividad (pasos, distancia, calor\u00edas) y mucho m\u00e1s. El smart watch mujer se conecta a smartphones. Compatible con iOS 9.0\/Android 4.4 y versiones posteriores.<\/p>\n","protected":false},"excerpt":{"rendered":"<p>\u3010Caja de Regalo\u3011Reloj Inteligente Mujer, 1.83&#8243; HD Smartwatch con Llamadas\/Funci\u00f3n Femenina\/Puls\u00f3metro\/SpO2\/Monitor de Sue\u00f1o Calor\u00edas 113+ Modos Deportivos Pod\u00f3metro WhatsApp IP68 Android iOS Oro Rosa<br \/>#Publicidad <span class=\"read-more\"><a class=\"more-link btn btn-transparent\" href=\"https:\/\/rockkofertas.com.es\/index.php\/producto\/b0fwc76gs2-2\/\">Leer m\u00e1s&#8230;<\/a><\/span><\/p>\n","protected":false},"featured_media":7624,"comment_status":"open","ping_status":"closed","template":"","meta":[],"product_cat":[15],"product_tag":[],"class_list":{"0":"post-7625","1":"product","2":"type-product","3":"status-publish","4":"has-post-thumbnail","6":"product_cat-sin-categorizar","8":"first","9":"instock","10":"shipping-taxable","11":"product-type-external"},"_links":{"self":[{"href":"https:\/\/rockkofertas.com.es\/index.php\/wp-json\/wp\/v2\/product\/7625","targetHints":{"allow":["GET"]}}],"collection":[{"href":"https:\/\/rockkofertas.com.es\/index.php\/wp-json\/wp\/v2\/product"}],"about":[{"href":"https:\/\/rockkofertas.com.es\/index.php\/wp-json\/wp\/v2\/types\/product"}],"replies":[{"embeddable":true,"href":"https:\/\/rockkofertas.com.es\/index.php\/wp-json\/wp\/v2\/comments?post=7625"}],"wp:featuredmedia":[{"embeddable":true,"href":"https:\/\/rockkofertas.com.es\/index.php\/wp-json\/wp\/v2\/media\/7624"}],"wp:attachment":[{"href":"https:\/\/rockkofertas.com.es\/index.php\/wp-json\/wp\/v2\/media?parent=7625"}],"wp:term":[{"taxonomy":"product_cat","embeddable":true,"href":"https:\/\/rockkofertas.com.es\/index.php\/wp-json\/wp\/v2\/product_cat?post=7625"},{"taxonomy":"product_tag","embeddable":true,"href":"https:\/\/rockkofertas.com.es\/index.php\/wp-json\/wp\/v2\/product_tag?post=7625"}],"curies":[{"name":"wp","href":"https:\/\/api.w.org\/{rel}","templated":true}]}}