{"id":7623,"date":"2025-12-07T08:12:54","date_gmt":"2025-12-07T08:12:54","guid":{"rendered":"https:\/\/rockkofertas.com.es\/index.php\/producto\/b0ffmt2dbz\/"},"modified":"2025-12-07T08:12:54","modified_gmt":"2025-12-07T08:12:54","slug":"b0ffmt2dbz","status":"publish","type":"product","link":"https:\/\/rockkofertas.com.es\/index.php\/producto\/b0ffmt2dbz\/","title":{"rendered":"B0FFMT2DBZ"},"content":{"rendered":"<p>&#8211; [Calidad confiable] Nuestro bid\u00e9 port\u00e1til est\u00e1 fabricado con materiales seguros e impermeables. Su dise\u00f1o telesc\u00f3pico lo hace f\u00e1cil de guardar en su bolso para viajes o llevarlo a cualquier lugar. Agregue agua a una temperatura no superior a 60 \u00b0C. Se puede usar para la limpieza de heridas, el cuidado de beb\u00e9s, embarazadas, pacientes y ancianos. Ideal para viajes o uso personal en casa, le brinda una limpieza m\u00e1s c\u00f3moda.<br \/>\n&#8211; [Funci\u00f3n potente] Viene con 9 boquillas reemplazables, dise\u00f1adas con 4, 5 y 6 orificios, que le permiten elegir diferentes modos de rociado de agua. Le brinda una nueva sensaci\u00f3n refrescante. Adem\u00e1s, el ajuste de presi\u00f3n de agua de tres niveles (nivel de presi\u00f3n baja, nivel de pulso, nivel de presi\u00f3n alta) le permite disfrutar de una experiencia de limpieza personalizada.<br \/>\n&#8211; [Recargable y botella de 225 ml] Nuestro bid\u00e9 el\u00e9ctrico port\u00e1til de viaje se recarga mediante carga tipo C. La bater\u00eda de 1500 mAh proporciona una larga duraci\u00f3n. 1.5 horas con una sola carga, se puede usar hasta 60 veces, lo que garantiza que su rociador de bid\u00e9 port\u00e1til est\u00e9 siempre cargado. La botella de agua de 230 ml (7.7 oz) es suficiente para transportarla, lo que reduce la molestia de tener que a\u00f1adir agua con frecuencia. Coloque la varilla rociadora en la posici\u00f3n m\u00e1s alta.<br \/>\n&#8211; [Lista de productos] Incluye: 1 bid\u00e9 port\u00e1til, 9 boquillas, 1 cable de carga, 1 caja de embalaje, 1 manual de instrucciones y 1 bolsa de almacenamiento. Es el regalo perfecto para viajes al extranjero, viajes de negocios o actividades al aire libre. El agua limpia mejor que el papel.<br \/>\n&#8211; [Atenci\u00f3n] 1. No deje que entre agua en el puerto de carga; cierre bien el tap\u00f3n de goma. 2. No a\u00f1ada agua a m\u00e1s de 60 \u00b0C. Es mejor usar agua tibia a 37 \u00b0C. 3. Coloque la varilla rociadora en la posici\u00f3n m\u00e1s alta. Si tiene alguna pregunta, cont\u00e1ctenos. \u00a1Gracias!<\/p>\n","protected":false},"excerpt":{"rendered":"<p>Bid\u00e9 Port\u00e1til, 3 Modos de Presi\u00f3n, Pulverizador El\u00e9ctrico Para Inodoro, Mini Bid\u00e9 de Viaje Personal de Mano Recargable Para Limpieza de Higiene Personal, Lavado De Beb\u00e9, Cuidado Posparto Relajante<br \/>#Publicidad <span class=\"read-more\"><a class=\"more-link btn btn-transparent\" href=\"https:\/\/rockkofertas.com.es\/index.php\/producto\/b0ffmt2dbz\/\">Leer m\u00e1s&#8230;<\/a><\/span><\/p>\n","protected":false},"featured_media":7622,"comment_status":"open","ping_status":"closed","template":"","meta":[],"product_cat":[15],"product_tag":[],"class_list":{"0":"post-7623","1":"product","2":"type-product","3":"status-publish","4":"has-post-thumbnail","6":"product_cat-sin-categorizar","8":"first","9":"instock","10":"shipping-taxable","11":"product-type-external"},"_links":{"self":[{"href":"https:\/\/rockkofertas.com.es\/index.php\/wp-json\/wp\/v2\/product\/7623","targetHints":{"allow":["GET"]}}],"collection":[{"href":"https:\/\/rockkofertas.com.es\/index.php\/wp-json\/wp\/v2\/product"}],"about":[{"href":"https:\/\/rockkofertas.com.es\/index.php\/wp-json\/wp\/v2\/types\/product"}],"replies":[{"embeddable":true,"href":"https:\/\/rockkofertas.com.es\/index.php\/wp-json\/wp\/v2\/comments?post=7623"}],"wp:featuredmedia":[{"embeddable":true,"href":"https:\/\/rockkofertas.com.es\/index.php\/wp-json\/wp\/v2\/media\/7622"}],"wp:attachment":[{"href":"https:\/\/rockkofertas.com.es\/index.php\/wp-json\/wp\/v2\/media?parent=7623"}],"wp:term":[{"taxonomy":"product_cat","embeddable":true,"href":"https:\/\/rockkofertas.com.es\/index.php\/wp-json\/wp\/v2\/product_cat?post=7623"},{"taxonomy":"product_tag","embeddable":true,"href":"https:\/\/rockkofertas.com.es\/index.php\/wp-json\/wp\/v2\/product_tag?post=7623"}],"curies":[{"name":"wp","href":"https:\/\/api.w.org\/{rel}","templated":true}]}}