{"id":7619,"date":"2025-12-07T04:00:55","date_gmt":"2025-12-07T04:00:55","guid":{"rendered":"https:\/\/rockkofertas.com.es\/index.php\/producto\/b0btjd6lcl-5\/"},"modified":"2025-12-07T04:00:55","modified_gmt":"2025-12-07T04:00:55","slug":"b0btjd6lcl-5","status":"publish","type":"product","link":"https:\/\/rockkofertas.com.es\/index.php\/producto\/b0btjd6lcl-5\/","title":{"rendered":"B0BTJD6LCL"},"content":{"rendered":"<p>&#8211; RESENTAMOS LOS SONY WH-CH520: Disfruta de un sonido excelente para cada canci\u00f3n, con un estilo que se adapta a ti. Con nuestra tecnolog\u00eda Digital Sound Enhancement Engine (DSEE) y mucho m\u00e1s<br \/>\n&#8211; SONIDO DE ALTA CALIDAD, ADAPTADO A TI: Estos auriculares Sony cuentan con tecnolog\u00eda DSEE, 360 Reality Audio y un ecualizador de 5 bandas personalizable en la app Sony | Sound Connect<br \/>\n&#8211; ESCUCHA CON COMODIDAD Y ESTILO: Con almohadillas suaves y un peso de solo 147g, estos auriculares inal\u00e1mbricos son c\u00f3modos. Elige entre Negro, Blanco, Azul, Beige, Rosa o Amarillo para combinar con tu estilo<br \/>\n&#8211; BATER\u00cdA DE LARGA DURACI\u00d3N: Con hasta 50 h de bater\u00eda, estos auriculares Bluetooth ofrecen energ\u00eda para d\u00edas. Una carga r\u00e1pida de 3 minutos proporciona hasta 90 minutos de reproducci\u00f3n.<br \/>\n&#8211; LLAMADAS N\u00cdTIDAS, CONEXI\u00d3N AUTOM\u00c1TICA: Los auriculares Sony WH-CH520 capturan tu voz con claridad. Conexi\u00f3n Multipunto empareja dos dispositivos Bluetooth y cambia entre ellos f\u00e1cilmente<br \/>\n&#8211; CONTROL R\u00c1PIDO Y F\u00c1CIL: Usa los botones de los auriculares o la app Sony | Sound Connect para controlar los WH-CH520. Swift Pair y Fast Pair facilitan la conexi\u00f3n a tus dispositivos<\/p>\n","protected":false},"excerpt":{"rendered":"<p>Auriculares de diadema inal\u00e1mbricos Bluetooth Sony WH-CH520, sonido de , dise\u00f1o ligero, 50 h de bater\u00eda, carga r\u00e1pida, ecualizador, llamadas n\u00edtidas, iOS y Android &#8211; Negro<br \/>\n#Publicidad <span class=\"read-more\"><a class=\"more-link btn btn-transparent\" href=\"https:\/\/rockkofertas.com.es\/index.php\/producto\/b0btjd6lcl-5\/\">Leer m\u00e1s&#8230;<\/a><\/span><\/p>\n","protected":false},"featured_media":7618,"comment_status":"open","ping_status":"closed","template":"","meta":[],"product_cat":[15],"product_tag":[],"class_list":{"0":"post-7619","1":"product","2":"type-product","3":"status-publish","4":"has-post-thumbnail","6":"product_cat-sin-categorizar","8":"first","9":"instock","10":"shipping-taxable","11":"product-type-external"},"_links":{"self":[{"href":"https:\/\/rockkofertas.com.es\/index.php\/wp-json\/wp\/v2\/product\/7619","targetHints":{"allow":["GET"]}}],"collection":[{"href":"https:\/\/rockkofertas.com.es\/index.php\/wp-json\/wp\/v2\/product"}],"about":[{"href":"https:\/\/rockkofertas.com.es\/index.php\/wp-json\/wp\/v2\/types\/product"}],"replies":[{"embeddable":true,"href":"https:\/\/rockkofertas.com.es\/index.php\/wp-json\/wp\/v2\/comments?post=7619"}],"wp:featuredmedia":[{"embeddable":true,"href":"https:\/\/rockkofertas.com.es\/index.php\/wp-json\/wp\/v2\/media\/7618"}],"wp:attachment":[{"href":"https:\/\/rockkofertas.com.es\/index.php\/wp-json\/wp\/v2\/media?parent=7619"}],"wp:term":[{"taxonomy":"product_cat","embeddable":true,"href":"https:\/\/rockkofertas.com.es\/index.php\/wp-json\/wp\/v2\/product_cat?post=7619"},{"taxonomy":"product_tag","embeddable":true,"href":"https:\/\/rockkofertas.com.es\/index.php\/wp-json\/wp\/v2\/product_tag?post=7619"}],"curies":[{"name":"wp","href":"https:\/\/api.w.org\/{rel}","templated":true}]}}