{"id":7607,"date":"2025-12-06T19:49:53","date_gmt":"2025-12-06T19:49:53","guid":{"rendered":"https:\/\/rockkofertas.com.es\/index.php\/producto\/b0c5dk53fs-5\/"},"modified":"2025-12-06T19:49:53","modified_gmt":"2025-12-06T19:49:53","slug":"b0c5dk53fs-5","status":"publish","type":"product","link":"https:\/\/rockkofertas.com.es\/index.php\/producto\/b0c5dk53fs-5\/","title":{"rendered":"B0C5DK53FS"},"content":{"rendered":"<p>&#8211; Maquina de afeitar hombre: La recortadora corporal OLOV est\u00e1 dise\u00f1ada para el aseo por debajo de la cintura, pero tambi\u00e9n funciona muy bien en sus partes no tan privadas. La recortadora para hombres con recortadora de vello nasal satisface todas sus necesidades de afeitado, incluyendo ingle, pecho, axilas, espalda, piernas, nariz, etc. Mantenga su virilidad segura, ordenada y limpia. Esta afeitadora el\u00e9ctrica hombre es el regalo perfecto para usted, su novio o marido.<br \/>\n&#8211; Cuchilla de cer\u00e1mica de seguridad: Las afeitadora corporal masculina adoptan cuchillas cer\u00e1micas avanzadas para un recorte suave y n\u00edtido, sin cortes ni rasgu\u00f1os. Equipada con 2 protectores ajustables para diferentes longitudes de pelo. No importa la longitud que elija, puede estar seguro de obtener un recorte uniforme.<br \/>\n&#8211; Impermeable y f\u00e1cil de limpiar: El afeitadora de genitales es resistente al agua para uso en seco o mojado y es m\u00e1s f\u00e1cil de recortar en la ducha, ya que el agua lava los recortes. Adem\u00e1s, su cabezal de afeitado desmontable hace que este recortador corporal sea f\u00e1cil de limpiar. Sin ruido, c\u00f3modo y silencioso, satisfacer sus necesidades en diferentes.<br \/>\n&#8211; Pr\u00e1ctico y recargable: Viene con una base\/soporte de carga USB que se conecta a la red el\u00e9ctrica. La depiladora hombre se puede cargar a trav\u00e9s de la base o por separado, por lo que es f\u00e1cil de guardar para el ba\u00f1o y empacar para viajes o viajes de negocios. Cuando est\u00e1 completamente cargada, la maquina depilar hombre puede utilizarse durante 90 minutos.<br \/>\n&#8211; Consejos: Tensa la piel, corta despacio y con firmeza cuando recortes la zona sensible. Para el pelo largo, instale un peine gu\u00eda y afeite lentamente en contra de la direcci\u00f3n del flujo del pelo.<\/p>\n","protected":false},"excerpt":{"rendered":"<p>OLOV Afeitadora Corporal Masculina, Depiladora Corporal Hombre con Cuchilla de Cer\u00e1mica Desmontable, Cortapelos Nariz, Base de Recarga USB, Impermeable para Axilas, Pechoy Piernas y Genitales,Negro<br \/>#Publicidad <span class=\"read-more\"><a class=\"more-link btn btn-transparent\" href=\"https:\/\/rockkofertas.com.es\/index.php\/producto\/b0c5dk53fs-5\/\">Leer m\u00e1s&#8230;<\/a><\/span><\/p>\n","protected":false},"featured_media":7606,"comment_status":"open","ping_status":"closed","template":"","meta":[],"product_cat":[15],"product_tag":[],"class_list":{"0":"post-7607","1":"product","2":"type-product","3":"status-publish","4":"has-post-thumbnail","6":"product_cat-sin-categorizar","8":"first","9":"instock","10":"shipping-taxable","11":"product-type-external"},"_links":{"self":[{"href":"https:\/\/rockkofertas.com.es\/index.php\/wp-json\/wp\/v2\/product\/7607","targetHints":{"allow":["GET"]}}],"collection":[{"href":"https:\/\/rockkofertas.com.es\/index.php\/wp-json\/wp\/v2\/product"}],"about":[{"href":"https:\/\/rockkofertas.com.es\/index.php\/wp-json\/wp\/v2\/types\/product"}],"replies":[{"embeddable":true,"href":"https:\/\/rockkofertas.com.es\/index.php\/wp-json\/wp\/v2\/comments?post=7607"}],"wp:featuredmedia":[{"embeddable":true,"href":"https:\/\/rockkofertas.com.es\/index.php\/wp-json\/wp\/v2\/media\/7606"}],"wp:attachment":[{"href":"https:\/\/rockkofertas.com.es\/index.php\/wp-json\/wp\/v2\/media?parent=7607"}],"wp:term":[{"taxonomy":"product_cat","embeddable":true,"href":"https:\/\/rockkofertas.com.es\/index.php\/wp-json\/wp\/v2\/product_cat?post=7607"},{"taxonomy":"product_tag","embeddable":true,"href":"https:\/\/rockkofertas.com.es\/index.php\/wp-json\/wp\/v2\/product_tag?post=7607"}],"curies":[{"name":"wp","href":"https:\/\/api.w.org\/{rel}","templated":true}]}}