{"id":7603,"date":"2025-12-06T09:49:04","date_gmt":"2025-12-06T09:49:04","guid":{"rendered":"https:\/\/rockkofertas.com.es\/index.php\/producto\/b08839l43j\/"},"modified":"2025-12-06T09:49:04","modified_gmt":"2025-12-06T09:49:04","slug":"b08839l43j","status":"publish","type":"product","link":"https:\/\/rockkofertas.com.es\/index.php\/producto\/b08839l43j\/","title":{"rendered":"B08839L43J"},"content":{"rendered":"<p>&#8211; Monitorea tus cambios con un vistazo -Vigila tu cuerpo constantemente para alcanzar tu objetivo. La App Fitdays ofrece gr\u00e1ficos detallados y guarda datos hist\u00f3ricos para monitorizar los cambios de tu composici\u00f3n corporal a lo largo de d\u00edas, semanas, meses o incluso a\u00f1os. Alcanza tus objetivos con las b\u00e1sculas de Posture para el peso corporal.<br \/>\n&#8211; 13 Composici\u00f3n corporal esencial -la b\u00e1scula inteligente no solo muestra el peso, sino tambi\u00e9n el IMC, la grasa corporal, la grasa subcut\u00e1nea, el agua corporal, las prote\u00ednas, la TMB, la edad corporal, etc., mediante la tecnolog\u00eda de medici\u00f3n de bioimpedancia el\u00e9ctrica. Los datos se sincronizar\u00e1n con la aplicaci\u00f3n cuando el tel\u00e9fono y la b\u00e1scula se conecten correctamente. Esto le permite conocer con claridad m\u00e1s datos sobre su cuerpo en el tiempo y realizar un seguimiento del progreso f\u00e1cilmente en su tel\u00e9fono.<br \/>\n&#8211; B\u00e1scula de alta precisi\u00f3n -equipada con 4 sensores de alta precisi\u00f3n y 4 electrodos de alta sensibilidad, con tecnolog\u00eda avanzada para garantizar lecturas precisas con divisiones de 0.2 lb\/100 g y una capacidad m\u00e1xima de 400 lb\/180 kg en incrementosde 0.1 lb\/0.05 kg. Con indicador de bajo consumo\/sobrecarga, tecnologia de encendido autom\u00e1tico al pisar y 2 pilas AAA incluidas.<br \/>\n&#8211; Sincronizaci\u00f3n con apps de salud -La App FITDAYS est\u00e1 disponible para iOS y Android y se sincroniza f\u00e1cilmente con otras Apps de fitness como Apple Health, Google Fit, Samsung Health, Fitbit, etc., lo que te permite almacenar y compartir tus datos de forma m\u00e1s c\u00f3moda.<br \/>\n&#8211; Guardi\u00e1n de la salud familiar -La App Fitdays te permite crear perfiles ilimitados hasta 24 usuarios para tu familia y amigos con una sola b\u00e1scula inteligente. Es muy \u00fatil y pr\u00e1ctica para quienes se mantienen en forma y practican deportes para mejorar su salud.<\/p>\n","protected":false},"excerpt":{"rendered":"<p>Posture Bascula de Ba\u00f1o Digital, Bascula Inteligente para Fitness, 13 Indicadores de Composici\u00f3n (Grasa\/M\u00fasculo\/IMC) y App, Alta Precisi\u00f3n, 180 kg &#8211; Negro<br \/>#Publicidad <span class=\"read-more\"><a class=\"more-link btn btn-transparent\" href=\"https:\/\/rockkofertas.com.es\/index.php\/producto\/b08839l43j\/\">Leer m\u00e1s&#8230;<\/a><\/span><\/p>\n","protected":false},"featured_media":7602,"comment_status":"open","ping_status":"closed","template":"","meta":[],"product_cat":[15],"product_tag":[],"class_list":{"0":"post-7603","1":"product","2":"type-product","3":"status-publish","4":"has-post-thumbnail","6":"product_cat-sin-categorizar","8":"first","9":"instock","10":"shipping-taxable","11":"product-type-external"},"_links":{"self":[{"href":"https:\/\/rockkofertas.com.es\/index.php\/wp-json\/wp\/v2\/product\/7603","targetHints":{"allow":["GET"]}}],"collection":[{"href":"https:\/\/rockkofertas.com.es\/index.php\/wp-json\/wp\/v2\/product"}],"about":[{"href":"https:\/\/rockkofertas.com.es\/index.php\/wp-json\/wp\/v2\/types\/product"}],"replies":[{"embeddable":true,"href":"https:\/\/rockkofertas.com.es\/index.php\/wp-json\/wp\/v2\/comments?post=7603"}],"wp:featuredmedia":[{"embeddable":true,"href":"https:\/\/rockkofertas.com.es\/index.php\/wp-json\/wp\/v2\/media\/7602"}],"wp:attachment":[{"href":"https:\/\/rockkofertas.com.es\/index.php\/wp-json\/wp\/v2\/media?parent=7603"}],"wp:term":[{"taxonomy":"product_cat","embeddable":true,"href":"https:\/\/rockkofertas.com.es\/index.php\/wp-json\/wp\/v2\/product_cat?post=7603"},{"taxonomy":"product_tag","embeddable":true,"href":"https:\/\/rockkofertas.com.es\/index.php\/wp-json\/wp\/v2\/product_tag?post=7603"}],"curies":[{"name":"wp","href":"https:\/\/api.w.org\/{rel}","templated":true}]}}