{"id":7601,"date":"2025-12-06T08:47:35","date_gmt":"2025-12-06T08:47:35","guid":{"rendered":"https:\/\/rockkofertas.com.es\/index.php\/producto\/b0g3gh6g8m\/"},"modified":"2025-12-06T08:47:35","modified_gmt":"2025-12-06T08:47:35","slug":"b0g3gh6g8m","status":"publish","type":"product","link":"https:\/\/rockkofertas.com.es\/index.php\/producto\/b0g3gh6g8m\/","title":{"rendered":"B0G3GH6G8M"},"content":{"rendered":"<p>&#8211; \ud83c\udf84\u3010 El \u00faltimo Android OS \u3011\ud83c\udf84 Tablet Android incorpora el \u00faltimo sistema operativo y tecnolog\u00eda de AI para un rendimiento y eficiencia m\u00e1s r\u00e1pidos: el sistema operativo Android a\u00f1ade una pol\u00edtica de congelaci\u00f3n de aplicaciones APP para reducir el uso de la CPU, lo que mejora la eficiencia de las aplicaciones APP front-end. Rendimiento y eficiencia del sistema mejorados, para que puedas utilizar el sistema de forma m\u00e1s r\u00e1pida y segura. Nota: \u00a1Tablet U3 no admite la inserci\u00f3n de tarjeta SIM!<br \/>\n&#8211; \ud83c\udf84\u3010 Octa &#8211; Core &amp; 22GB RAM + 128GB ROM TF 2TB \u3011\ud83c\udf84 Tablet 10 pulgadas utiliza un procesador de ocho n\u00facleos que combina la tecnolog\u00eda de redes neuronales de inteligencia artificial con la frecuencia m\u00e1s alta de 2.0 GHz, y el inicio y la respuesta de la aplicaci\u00f3n se hacen m\u00e1s r\u00e1pidos. Disfrute de juegos, videos o multitarea con m\u00e1s fluidez. 22GB RAM ( 6GB RAM + 16GB de expansi\u00f3n) y 128GB memoria ROM, se pueden expandir 2TB trav\u00e9s de microsd. Satisfacer sus necesidades diarias de aprendizaje, trabajo.<br \/>\n&#8211; \ud83c\udf84\u3010 5G+2.4G WiFi &amp; Bluetooth 5.0 &amp; Certificado GMS \u3011\ud83c\udf84 Tablet baratas y buenas soporta 2.4G y 5G WiFi, un nuevo canal de recepci\u00f3n y transmisi\u00f3n WiFi que mejora la velocidad y estabilidad de conexi\u00f3n de red. Ya sea en un lugar p\u00fablico o privado, o en casa, Todos pueden conectarse f\u00e1cilmente. Bluetooth 5.0 integrado permite conectar auriculares Bluetooth, teclados Bluetooth y otros dispositivos Bluetooth a trav\u00e9s de Bluetooth. Certificado GMS y acceso a millones de aplicaciones a trav\u00e9s de Play Store.<br \/>\n&#8211; \ud83c\udf84\u3010 Doble C\u00e1mara &amp; Doble Altavoz &amp; 8000 mAh \u3011\ud83c\udf84 Tablet cuenta con una c\u00e1mara de 5 MP + 8 MP para videollamadas en alta definici\u00f3n y grabaci\u00f3n momentos memorables. Dos altavoces est\u00e9reo en la parte superior proporcionan una experiencia de audio m\u00e1s clara y fuerte. Tableta tiene una gran bater\u00eda integrada 8000 mAh que, junto con el eficiente sistema operativo y el sistema de ahorro de energ\u00eda, permite trabajar durante mucho tiempo.UJJ U3 Tablet es un gran regalo de Navidad para su familia o amigos!<br \/>\n&#8211; \ud83c\udf84\u3010 Widevine L1 &amp; FHD-Display \u3011\ud83c\udf84 Tabletas est\u00e1 equipada con el m\u00e1ximo nivel de seguridad en el nivel Widevine L1. El contenido se descifra dentro del dispositivo y se protege por hardware para evitar la filtraci\u00f3n de los datos originales. V\u00eddeo de alta calidad y streaming de alta resoluci\u00f3n disponibles. Se pueden reproducir contenidos de alta calidad: servicios de streaming como Amazon Prime Video y HD. Tableta con AI Colour Enhancement para colores m\u00e1s vivos e im\u00e1genes m\u00e1s n\u00edtidas.<br \/>\n&#8211; \ud83c\udf84\u30102 en 1 Tablet Android con Teclado\u3011\ud83c\udf84 Tablet Android viene con un teclado Bluetooth, rat\u00f3n inal\u00e1mbrico, cargador + cable de datos y una carcasa plegable que combina la conveniencia de una tableta con la funcionalidad de una computadora port\u00e1til, haciendo que su oficio m\u00f3vil y la creaci\u00f3n sean m\u00e1s convenientes. Un embalaje tan rico, sin duda, ofrece a los usuarios una experiencia asequible.<\/p>\n","protected":false},"excerpt":{"rendered":"<p>Tablet Android &#8211; Octa-Core 2.0GHz\uff5c22GB RAM + 128GB ROM\uff08Expandible 2TB \uff09\uff5c8000mAh\uff5c5G WiFi \/Bluetooth 5.0\uff5cC\u00e1mara Dual\uff5cGMS Certificaci\u00f3n Widevine L1\uff5c5MP + 8MP\uff5cTablet 10 Pulgadas con Teclado y Raton &#8211; Azul<br \/>#Publicidad <span class=\"read-more\"><a class=\"more-link btn btn-transparent\" href=\"https:\/\/rockkofertas.com.es\/index.php\/producto\/b0g3gh6g8m\/\">Leer m\u00e1s&#8230;<\/a><\/span><\/p>\n","protected":false},"featured_media":7600,"comment_status":"open","ping_status":"closed","template":"","meta":[],"product_cat":[15],"product_tag":[],"class_list":{"0":"post-7601","1":"product","2":"type-product","3":"status-publish","4":"has-post-thumbnail","6":"product_cat-sin-categorizar","8":"first","9":"instock","10":"shipping-taxable","11":"product-type-external"},"_links":{"self":[{"href":"https:\/\/rockkofertas.com.es\/index.php\/wp-json\/wp\/v2\/product\/7601","targetHints":{"allow":["GET"]}}],"collection":[{"href":"https:\/\/rockkofertas.com.es\/index.php\/wp-json\/wp\/v2\/product"}],"about":[{"href":"https:\/\/rockkofertas.com.es\/index.php\/wp-json\/wp\/v2\/types\/product"}],"replies":[{"embeddable":true,"href":"https:\/\/rockkofertas.com.es\/index.php\/wp-json\/wp\/v2\/comments?post=7601"}],"wp:featuredmedia":[{"embeddable":true,"href":"https:\/\/rockkofertas.com.es\/index.php\/wp-json\/wp\/v2\/media\/7600"}],"wp:attachment":[{"href":"https:\/\/rockkofertas.com.es\/index.php\/wp-json\/wp\/v2\/media?parent=7601"}],"wp:term":[{"taxonomy":"product_cat","embeddable":true,"href":"https:\/\/rockkofertas.com.es\/index.php\/wp-json\/wp\/v2\/product_cat?post=7601"},{"taxonomy":"product_tag","embeddable":true,"href":"https:\/\/rockkofertas.com.es\/index.php\/wp-json\/wp\/v2\/product_tag?post=7601"}],"curies":[{"name":"wp","href":"https:\/\/api.w.org\/{rel}","templated":true}]}}