{"id":7593,"date":"2025-12-05T22:07:37","date_gmt":"2025-12-05T22:07:37","guid":{"rendered":"https:\/\/rockkofertas.com.es\/index.php\/producto\/b0fy6srrz5-2\/"},"modified":"2025-12-05T22:07:37","modified_gmt":"2025-12-05T22:07:37","slug":"b0fy6srrz5-2","status":"publish","type":"product","link":"https:\/\/rockkofertas.com.es\/index.php\/producto\/b0fy6srrz5-2\/","title":{"rendered":"B0FY6SRRZ5"},"content":{"rendered":"<p>&#8211; Amplia Compatibilidad: Ecowaare cargador usb c es compatible con iPhone 14\/ 14 Plus\/ 14 Pro\/ 14 Pro Max\/ 13 mini\/ 13\/ 13 Pro\/ 13 Pro Max\/ 12 mini\/ 12\/12 Pro\/12 Pro Max\/11\/11 Pro Max\/XS Max\/XS\/XR\/8 Plus\/8\/SE 2022\/2020, as\u00ed como compatible con iPhone 7, 6 Plus, 5, 5C, 5S y SE.<br \/>\n&#8211; Carga r\u00e1pida de 25W: 3 veces m\u00e1s r\u00e1pido que los cargadores est\u00e1ndar de 5W &#8211; Nuestro cargador de tel\u00e9fono Ecowaare soporta una potencia m\u00e1xima de salida de 25W, y permite una velocidad de carga r\u00e1pida, alcanzando hasta el 50% en s\u00f3lo 30 minutos. Ahorrando m\u00e1s tiempo.<br \/>\n&#8211; Cable extra largo de 2m: Carga c\u00f3modamente en cualquier lugar: con un cable de carga de 2 m\/6 pies, ya no tendr\u00e1s que esforzarte para llegar a los enchufes: usa tu tel\u00e9fono libremente en la cama, en el sof\u00e1 o en tu escritorio.<br \/>\n&#8211; Protecci\u00f3n de seguridad 4 en 1: El cargador USB C est\u00e1 hecho de material ign\u00edfugo y tiene un chip de circuito integrado que evita el sobrecalentamiento, la sobrecorriente, la sobretensi\u00f3n y los cortocircuitos. Maximiza la duraci\u00f3n de la bater\u00eda, seguro y duradero.<br \/>\n&#8211; Lo que obtienes: un Adaptador de corriente USB-C de 25 W y un cable de carga de 2 m.<\/p>\n","protected":false},"excerpt":{"rendered":"<p>Cargador for iPhone Carga Rapida &#8211; for iPhone 14\/14 Plus\/14 Pro\/14 Pro Max\/13\/12\/11\/X\/XS MAX\/XR\/SE\/8\/7\/6, 25W USB C Enchufe Rapido con 2M Cable Cabezal Adaptador Pared Charger Corrient Ecowaare<br \/>#Publicidad <span class=\"read-more\"><a class=\"more-link btn btn-transparent\" href=\"https:\/\/rockkofertas.com.es\/index.php\/producto\/b0fy6srrz5-2\/\">Leer m\u00e1s&#8230;<\/a><\/span><\/p>\n","protected":false},"featured_media":7592,"comment_status":"open","ping_status":"closed","template":"","meta":[],"product_cat":[15],"product_tag":[],"class_list":{"0":"post-7593","1":"product","2":"type-product","3":"status-publish","4":"has-post-thumbnail","6":"product_cat-sin-categorizar","8":"first","9":"instock","10":"shipping-taxable","11":"product-type-external"},"_links":{"self":[{"href":"https:\/\/rockkofertas.com.es\/index.php\/wp-json\/wp\/v2\/product\/7593","targetHints":{"allow":["GET"]}}],"collection":[{"href":"https:\/\/rockkofertas.com.es\/index.php\/wp-json\/wp\/v2\/product"}],"about":[{"href":"https:\/\/rockkofertas.com.es\/index.php\/wp-json\/wp\/v2\/types\/product"}],"replies":[{"embeddable":true,"href":"https:\/\/rockkofertas.com.es\/index.php\/wp-json\/wp\/v2\/comments?post=7593"}],"wp:featuredmedia":[{"embeddable":true,"href":"https:\/\/rockkofertas.com.es\/index.php\/wp-json\/wp\/v2\/media\/7592"}],"wp:attachment":[{"href":"https:\/\/rockkofertas.com.es\/index.php\/wp-json\/wp\/v2\/media?parent=7593"}],"wp:term":[{"taxonomy":"product_cat","embeddable":true,"href":"https:\/\/rockkofertas.com.es\/index.php\/wp-json\/wp\/v2\/product_cat?post=7593"},{"taxonomy":"product_tag","embeddable":true,"href":"https:\/\/rockkofertas.com.es\/index.php\/wp-json\/wp\/v2\/product_tag?post=7593"}],"curies":[{"name":"wp","href":"https:\/\/api.w.org\/{rel}","templated":true}]}}