{"id":7589,"date":"2025-12-05T16:22:55","date_gmt":"2025-12-05T16:22:55","guid":{"rendered":"https:\/\/rockkofertas.com.es\/index.php\/producto\/b0fgjnhv85\/"},"modified":"2025-12-05T16:22:55","modified_gmt":"2025-12-05T16:22:55","slug":"b0fgjnhv85","status":"publish","type":"product","link":"https:\/\/rockkofertas.com.es\/index.php\/producto\/b0fgjnhv85\/","title":{"rendered":"B0FGJNHV85"},"content":{"rendered":"<p>&#8211; \ud83d\udcf8 RESOLUCI\u00d3N 4K Y FOTOS DE ALTA CALIDAD 16MP: Captura tus aventuras con una nitidez incre\u00edble gracias a la grabaci\u00f3n en 4K a 30fps y fotos de hasta 16MP. Ya sea en movimiento o bajo el agua, consigue im\u00e1genes vivas y detalladas con un \u00e1ngulo ultra amplio de 170\u00b0.<br \/>\n&#8211; \ud83c\udf0a C\u00c1MARA DEPORTIVA ACU\u00c1TICA SUMERGIBLE 30M: Incluye una carcasa impermeable que permite sumergir la c\u00e1mara hasta 30 metros, perfecta para buceo, surf, nataci\u00f3n o snorkel. Ideal para quienes buscan una aut\u00e9ntica c\u00e1mara gopro acu\u00e1tica 4k sin gastar de m\u00e1s.<br \/>\n&#8211; \ud83d\udcf1 WIFI INTEGRADO Y CONTROL DESDE APP M\u00d3VIL: Con\u00e9ctala f\u00e1cilmente a tu smartphone mediante WiFi. Visualiza, edita y comparte tus v\u00eddeos o fotos directamente en redes sociales desde la app compatible.<br \/>\n&#8211; \ud83d\udd0b BATER\u00cdA DE LARGA DURACI\u00d3N + GRABACI\u00d3N CONTINUA: Equipada con una bater\u00eda de 900mAh, ofrece hasta 90 minutos de grabaci\u00f3n continua. Perfecta para actividades al aire libre, viajes o deportes extremos. Compatible con tarjetas microSD de hasta 64GB.<br \/>\n&#8211; \ud83c\udf92 M\u00daLTIPLES FUNCIONES Y ACCESORIOS INCLUIDOS: Modo r\u00e1faga, timelapse, grabaci\u00f3n en bucle, exposici\u00f3n ajustable, detecci\u00f3n de movimiento y m\u00e1s. Se incluye una carcasa impermeable y soportes para casco, bicicleta o moto. Una action cam completa para cualquier aventura.<\/p>\n","protected":false},"excerpt":{"rendered":"<p>REKION\u00ae Camara Deportiva De Alta RESOLUCI\u00d3N 4K60FPS + Tarjeta SD De 64GB Gratis | Camara Acuatica con 8X Zoom | CAM Acuatica Sumergible hasta 30 Metros | Action CAM 16MP con 170\u00b0 + ESTABILIZADOR<br \/>#Publicidad <span class=\"read-more\"><a class=\"more-link btn btn-transparent\" href=\"https:\/\/rockkofertas.com.es\/index.php\/producto\/b0fgjnhv85\/\">Leer m\u00e1s&#8230;<\/a><\/span><\/p>\n","protected":false},"featured_media":7588,"comment_status":"open","ping_status":"closed","template":"","meta":[],"product_cat":[15],"product_tag":[],"class_list":{"0":"post-7589","1":"product","2":"type-product","3":"status-publish","4":"has-post-thumbnail","6":"product_cat-sin-categorizar","8":"first","9":"instock","10":"shipping-taxable","11":"product-type-external"},"_links":{"self":[{"href":"https:\/\/rockkofertas.com.es\/index.php\/wp-json\/wp\/v2\/product\/7589","targetHints":{"allow":["GET"]}}],"collection":[{"href":"https:\/\/rockkofertas.com.es\/index.php\/wp-json\/wp\/v2\/product"}],"about":[{"href":"https:\/\/rockkofertas.com.es\/index.php\/wp-json\/wp\/v2\/types\/product"}],"replies":[{"embeddable":true,"href":"https:\/\/rockkofertas.com.es\/index.php\/wp-json\/wp\/v2\/comments?post=7589"}],"wp:featuredmedia":[{"embeddable":true,"href":"https:\/\/rockkofertas.com.es\/index.php\/wp-json\/wp\/v2\/media\/7588"}],"wp:attachment":[{"href":"https:\/\/rockkofertas.com.es\/index.php\/wp-json\/wp\/v2\/media?parent=7589"}],"wp:term":[{"taxonomy":"product_cat","embeddable":true,"href":"https:\/\/rockkofertas.com.es\/index.php\/wp-json\/wp\/v2\/product_cat?post=7589"},{"taxonomy":"product_tag","embeddable":true,"href":"https:\/\/rockkofertas.com.es\/index.php\/wp-json\/wp\/v2\/product_tag?post=7589"}],"curies":[{"name":"wp","href":"https:\/\/api.w.org\/{rel}","templated":true}]}}