{"id":7585,"date":"2025-12-05T16:00:44","date_gmt":"2025-12-05T16:00:44","guid":{"rendered":"https:\/\/rockkofertas.com.es\/index.php\/producto\/b0d41lz8yt-3\/"},"modified":"2025-12-05T16:00:44","modified_gmt":"2025-12-05T16:00:44","slug":"b0d41lz8yt-3","status":"publish","type":"product","link":"https:\/\/rockkofertas.com.es\/index.php\/producto\/b0d41lz8yt-3\/","title":{"rendered":"B0D41LZ8YT"},"content":{"rendered":"<p>&#8211; \u3010Cuchillo de Chef Japon\u00e9s de Acero en Polvo\u3011El cuchillo de cocina SHAN ZU est\u00e1 hecho de acero en polvo japon\u00e9s con alto contenido de carbono con una dureza de 63HRC, que es m\u00e1s duro que el 99% de los aceros ordinarios, y procesado con tecnolog\u00eda metal\u00fargica avanzada. Obtendr\u00e1 un cuchillo de chef excepcional.<br \/>\n&#8211; \u3010Hoja S\u00faper Afilada y Precisa\u3011La nitidez es la clave para lograr los mejores cortes, lo que se muestra bien en este cuchillo de chef SHAN ZU. Los h\u00e1biles artesanos forjaron la hoja de acero en polvo a 2,2 mm de espesor y luego pulieron el borde a un \u00e1ngulo de corte de 12\u00b0 en ambos lados, lo que hace que la hoja sea muy afilada y corte carne, verduras y pescado de manera f\u00e1cil y precisa.<br \/>\n&#8211; \u3010Patr\u00f3n Grabado con L\u00e1ser de Moda\u3011Este cuchillo de chef profesional presenta un dise\u00f1o que combina la est\u00e9tica tradicional con elementos modernos. El grabado de un patr\u00f3n de textura elegante en la superficie de la hoja con l\u00e1ser hace que el cuchillo de chef luzca m\u00e1s avanzado y moderno. NOTA: ESTE NO ES UN CUCHILLO DE COCINA DE DAMASCO.<br \/>\n&#8211; \u3010Mango Estable y C\u00f3modo\u3011El mango afilado del cuchillo de cocina est\u00e1 hecho de madera Pakka de alta calidad, que es resistente a la humedad y no se deforma f\u00e1cilmente. El mango est\u00e1 dise\u00f1ado ergon\u00f3micamente para adaptarse perfectamente a la palma, lo que puede reducir la presi\u00f3n y la fatiga de la mu\u00f1eca, brind\u00e1ndole una experiencia de sujeci\u00f3n c\u00f3moda y segura.<br \/>\n&#8211; \u3010Servicio al Cliente y Caja de Embalaje Premium\u3011\u00a1COMPRE SIN RIESGO! Este cuchillo de cocinero tiene un c\u00e1lido servicio posventa de 2 a\u00f1os. Adem\u00e1s, viene con una hermosa caja de embalaje, qu\u00e9 buena opci\u00f3n para cumplea\u00f1os, d\u00eda del padre, d\u00eda de la madre y Navidad.<\/p>\n","protected":false},"excerpt":{"rendered":"<p>SHAN ZU Cuchillo de Chef de Acero en Polvo, 20cm de Cocina de Cocina Japon\u00e9s, Cuchillo de Cocinero Profesional de Acero Duro, Cuchillo para Trinchar Ultra Afilado, Mango Ergon\u00f3mico de Madera de Pakka<br \/>\n#Publicidad <span class=\"read-more\"><a class=\"more-link btn btn-transparent\" href=\"https:\/\/rockkofertas.com.es\/index.php\/producto\/b0d41lz8yt-3\/\">Leer m\u00e1s&#8230;<\/a><\/span><\/p>\n","protected":false},"featured_media":7584,"comment_status":"open","ping_status":"closed","template":"","meta":[],"product_cat":[15],"product_tag":[],"class_list":{"0":"post-7585","1":"product","2":"type-product","3":"status-publish","4":"has-post-thumbnail","6":"product_cat-sin-categorizar","8":"first","9":"instock","10":"shipping-taxable","11":"product-type-external"},"_links":{"self":[{"href":"https:\/\/rockkofertas.com.es\/index.php\/wp-json\/wp\/v2\/product\/7585","targetHints":{"allow":["GET"]}}],"collection":[{"href":"https:\/\/rockkofertas.com.es\/index.php\/wp-json\/wp\/v2\/product"}],"about":[{"href":"https:\/\/rockkofertas.com.es\/index.php\/wp-json\/wp\/v2\/types\/product"}],"replies":[{"embeddable":true,"href":"https:\/\/rockkofertas.com.es\/index.php\/wp-json\/wp\/v2\/comments?post=7585"}],"wp:featuredmedia":[{"embeddable":true,"href":"https:\/\/rockkofertas.com.es\/index.php\/wp-json\/wp\/v2\/media\/7584"}],"wp:attachment":[{"href":"https:\/\/rockkofertas.com.es\/index.php\/wp-json\/wp\/v2\/media?parent=7585"}],"wp:term":[{"taxonomy":"product_cat","embeddable":true,"href":"https:\/\/rockkofertas.com.es\/index.php\/wp-json\/wp\/v2\/product_cat?post=7585"},{"taxonomy":"product_tag","embeddable":true,"href":"https:\/\/rockkofertas.com.es\/index.php\/wp-json\/wp\/v2\/product_tag?post=7585"}],"curies":[{"name":"wp","href":"https:\/\/api.w.org\/{rel}","templated":true}]}}