{"id":7583,"date":"2025-12-05T13:56:56","date_gmt":"2025-12-05T13:56:56","guid":{"rendered":"https:\/\/rockkofertas.com.es\/index.php\/producto\/b0fx5rhxx7\/"},"modified":"2025-12-05T13:56:56","modified_gmt":"2025-12-05T13:56:56","slug":"b0fx5rhxx7","status":"publish","type":"product","link":"https:\/\/rockkofertas.com.es\/index.php\/producto\/b0fx5rhxx7\/","title":{"rendered":"B0FX5RHXX7"},"content":{"rendered":"<p>&#8211; \ud83d\udcf8 SUPER PACK CON PANTALLA DE 60\u201d INCLUIDA: Recibe un proyector 4K con una pantalla de 60 pulgadas lista para usar, instalaci\u00f3n sin taladro mediante velcro adhesivo y un video instructivo para montarla en 1 minuto. Proyecta de 40\u201d a 200\u201d y disfruta tus pel\u00edculas en pared o techo gracias a la rotaci\u00f3n de 180\u00b0. El pack m\u00e1s completo para montar un cine en casa desde el primer momento.<br \/>\n&#8211; \ud83c\udf10 ANDROID 11 CON APPS Y WIFI 6 ULTRA ESTABLE: Accede a plataformas como YouTube y Prime Video sin dispositivos externos. WiFi 6 de doble banda para streaming fluido y duplicaci\u00f3n de pantalla estable en iPhone, iOS, Android, Huawei y tablets. Una experiencia realmente smart sin TV Stick ni cables adicionales.<br \/>\n&#8211; \ud83c\udfa5 ALTA RESOLUCI\u00d3N 250 ANSI CON 9000 L\u00daMENES Y 4K\/1080P: Brillo real de 250 ANSI, colores intensos y nitidez profesional compatible con 4K y Full HD 1080P. Ofrece una imagen mucho m\u00e1s brillante que los proyectores econ\u00f3micos que sufren de tonos apagados o proyecci\u00f3n oscura.<br \/>\n&#8211; \ud83d\udd0a SONIDO HI-FI Y BLUETOOTH 5.0 CON TODA LA COMPATIBILIDAD: Altavoces Hi-Fi integrados y Bluetooth 5.0 para conectar barras de sonido, auriculares, altavoces externos y equipos home cinema. Compatible con HDMI, USB, TV Stick, PS5, Switch, Laptop y Apple TV 4K. Perfecto tanto para cine como para presentaciones en oficina.<br \/>\n&#8211; \ud83c\udf92 AUTO KEYSTONE Y ROTACI\u00d3N 180\u00b0 EN UN DISE\u00d1O PORT\u00c1TIL: Correcci\u00f3n trapezoidal autom\u00e1tica, enfoque r\u00e1pido y cuerpo rotativo de 180\u00b0 para proyectar f\u00e1cilmente en pared o techo sin tr\u00edpode. Compacto, silencioso y listo para jard\u00edn, camping, habitaci\u00f3n o viajes. Sin sobrecalentamientos ni fallos de conexi\u00f3n. Incluye pantalla de 60\u201d para completar tu experiencia de cine en casa.<\/p>\n","protected":false},"excerpt":{"rendered":"<p>REKION\u00ae [Apps INTEGRADAS &amp; 2025 Upgraded] Super Proyector Portatil 4K + Pantalla 60 Pulgadas | Support Premium 1080P Full HD 250 ANSI 9000 L\u00famenes | WiFi 6 Bluetooth 5.0 | Android 13 | 180\u00b0Rotable<br \/>#Publicidad <span class=\"read-more\"><a class=\"more-link btn btn-transparent\" href=\"https:\/\/rockkofertas.com.es\/index.php\/producto\/b0fx5rhxx7\/\">Leer m\u00e1s&#8230;<\/a><\/span><\/p>\n","protected":false},"featured_media":7582,"comment_status":"open","ping_status":"closed","template":"","meta":[],"product_cat":[15],"product_tag":[],"class_list":{"0":"post-7583","1":"product","2":"type-product","3":"status-publish","4":"has-post-thumbnail","6":"product_cat-sin-categorizar","8":"first","9":"instock","10":"shipping-taxable","11":"product-type-external"},"_links":{"self":[{"href":"https:\/\/rockkofertas.com.es\/index.php\/wp-json\/wp\/v2\/product\/7583","targetHints":{"allow":["GET"]}}],"collection":[{"href":"https:\/\/rockkofertas.com.es\/index.php\/wp-json\/wp\/v2\/product"}],"about":[{"href":"https:\/\/rockkofertas.com.es\/index.php\/wp-json\/wp\/v2\/types\/product"}],"replies":[{"embeddable":true,"href":"https:\/\/rockkofertas.com.es\/index.php\/wp-json\/wp\/v2\/comments?post=7583"}],"wp:featuredmedia":[{"embeddable":true,"href":"https:\/\/rockkofertas.com.es\/index.php\/wp-json\/wp\/v2\/media\/7582"}],"wp:attachment":[{"href":"https:\/\/rockkofertas.com.es\/index.php\/wp-json\/wp\/v2\/media?parent=7583"}],"wp:term":[{"taxonomy":"product_cat","embeddable":true,"href":"https:\/\/rockkofertas.com.es\/index.php\/wp-json\/wp\/v2\/product_cat?post=7583"},{"taxonomy":"product_tag","embeddable":true,"href":"https:\/\/rockkofertas.com.es\/index.php\/wp-json\/wp\/v2\/product_tag?post=7583"}],"curies":[{"name":"wp","href":"https:\/\/api.w.org\/{rel}","templated":true}]}}