{"id":7575,"date":"2025-12-05T10:16:57","date_gmt":"2025-12-05T10:16:57","guid":{"rendered":"https:\/\/rockkofertas.com.es\/index.php\/producto\/b0fg8g2fbv-3\/"},"modified":"2025-12-05T10:16:57","modified_gmt":"2025-12-05T10:16:57","slug":"b0fg8g2fbv-3","status":"publish","type":"product","link":"https:\/\/rockkofertas.com.es\/index.php\/producto\/b0fg8g2fbv-3\/","title":{"rendered":"B0FG8G2FBV"},"content":{"rendered":"<p>&#8211; Volumen, alargamiento y curling: Esta m\u00e1scara contiene un factor de negro de carbono de alto volumen para un aspecto m\u00e1s grueso y oscuro; una textura cremosa para una aplicaci\u00f3n m\u00e1s suave; y un agente de ajuste para un look m\u00e1s largo y rizado.<br \/>\n&#8211; Impermeable y de larga duraci\u00f3n: La f\u00f3rmula de endurecimiento de pel\u00edcula y el factor impermeable hacen que las pesta\u00f1as sean impermeables y resistentes al sudor, durando 24 horas sin agruparse. Probado para ser particularmente eficaz en la sudoraci\u00f3n de verano, ofrece excelentes resultados impermeables y resistentes a las manchas.<br \/>\n&#8211; Cepillo: El cepillo de la m\u00e1scara cuenta con un cepillo de silicona de dientes finos que alarga las pesta\u00f1as, creando volumen y definici\u00f3n.<br \/>\n&#8211; Eliminaci\u00f3n del maquillaje: Use el desimaquillador de ojos o toallitas desimaquilladoras para limpiar las pesta\u00f1as hasta que est\u00e9n limpias, sin dejar residuos de maquillaje.<br \/>\n&#8211; C\u00f3mo utilizar: Aplicar a las pesta\u00f1as desde la base, doblando suavemente hacia arriba. Aplica menos presi\u00f3n a medida que te mueves m\u00e1s cerca del borde. Tira suavemente de tus p\u00e1rpados, luego tira suavemente de tus pesta\u00f1as con los dedos para evitar que te pongas r\u00edmel en tus p\u00e1rpados.<\/p>\n","protected":false},"excerpt":{"rendered":"<p>M\u00e1scara de r\u00edmel negra, engrosamiento, alargador, rimel, resistente al agua de fibra l\u00edquida, Pesta\u00f1as Volumen y largura, 10 ml<br \/>#Publicidad <span class=\"read-more\"><a class=\"more-link btn btn-transparent\" href=\"https:\/\/rockkofertas.com.es\/index.php\/producto\/b0fg8g2fbv-3\/\">Leer m\u00e1s&#8230;<\/a><\/span><\/p>\n","protected":false},"featured_media":7574,"comment_status":"open","ping_status":"closed","template":"","meta":[],"product_cat":[15],"product_tag":[],"class_list":{"0":"post-7575","1":"product","2":"type-product","3":"status-publish","4":"has-post-thumbnail","6":"product_cat-sin-categorizar","8":"first","9":"instock","10":"shipping-taxable","11":"product-type-external"},"_links":{"self":[{"href":"https:\/\/rockkofertas.com.es\/index.php\/wp-json\/wp\/v2\/product\/7575","targetHints":{"allow":["GET"]}}],"collection":[{"href":"https:\/\/rockkofertas.com.es\/index.php\/wp-json\/wp\/v2\/product"}],"about":[{"href":"https:\/\/rockkofertas.com.es\/index.php\/wp-json\/wp\/v2\/types\/product"}],"replies":[{"embeddable":true,"href":"https:\/\/rockkofertas.com.es\/index.php\/wp-json\/wp\/v2\/comments?post=7575"}],"wp:featuredmedia":[{"embeddable":true,"href":"https:\/\/rockkofertas.com.es\/index.php\/wp-json\/wp\/v2\/media\/7574"}],"wp:attachment":[{"href":"https:\/\/rockkofertas.com.es\/index.php\/wp-json\/wp\/v2\/media?parent=7575"}],"wp:term":[{"taxonomy":"product_cat","embeddable":true,"href":"https:\/\/rockkofertas.com.es\/index.php\/wp-json\/wp\/v2\/product_cat?post=7575"},{"taxonomy":"product_tag","embeddable":true,"href":"https:\/\/rockkofertas.com.es\/index.php\/wp-json\/wp\/v2\/product_tag?post=7575"}],"curies":[{"name":"wp","href":"https:\/\/api.w.org\/{rel}","templated":true}]}}