{"id":7573,"date":"2025-12-05T08:00:45","date_gmt":"2025-12-05T08:00:45","guid":{"rendered":"https:\/\/rockkofertas.com.es\/index.php\/producto\/b08x6dcjt2\/"},"modified":"2025-12-05T08:00:45","modified_gmt":"2025-12-05T08:00:45","slug":"b08x6dcjt2","status":"publish","type":"product","link":"https:\/\/rockkofertas.com.es\/index.php\/producto\/b08x6dcjt2\/","title":{"rendered":"B08X6DCJT2"},"content":{"rendered":"<p>&#8211; \u3010Resoluci\u00f3n 2K &amp; Cobertura de 360\u200b\u200b\u00b0\u3011La c\u00e1mara de vigilancia wifi Imou est\u00e1 equipada con una lente HD de 3,6 mm y 2K de ancho con un \u00e1ngulo de visi\u00f3n de 118\u00b0, rotaci\u00f3n horizontal de 355\u00b0 y rotaci\u00f3n vertical de 80\u00b0, sin persiana \u00e1rea de cobertura puntual. La c\u00e1mara de vigilancia por infrarrojos puede proporcionar una distancia de visi\u00f3n nocturna de 10 my puede grabar videos panor\u00e1micos QHD 3MP en tiempo real incluso en la noche oscura. (La c\u00e1mara wifi solo admite WiFi 2.4G)<br \/>\n&#8211; \u3010Detecci\u00f3n Humana &amp; Alarmas con Inteligencia Artificial\u3011La c\u00e1mara de vigilancia interior wifi puede marcar \u00e1reas espec\u00edficas, rastrear y registrar autom\u00e1ticamente la actividad y tiene una alarma incorporada para asustar a extra\u00f1os no deseados. La AI DETECCI\u00d3N HUMANA puede identificar con precisi\u00f3n a los humanos en movimiento y enviar notificaciones de inmediato al tel\u00e9fono inteligente, lo que le permite monitorear notificaciones importantes sin recibir falsas alarmas molestas.<br \/>\n&#8211; \u3010Audio Bidireccional &amp; Detecci\u00f3n de Sonido Anormal\u3011 El micr\u00f3fono y los altavoces incorporados le permiten comunicarse de manera fluida y clara con su familia cuando no est\u00e1. Cuando se detecta el llanto de un beb\u00e9, el ladrido de un perro u otros sonidos anormales, la c\u00e1mara inal\u00e1mbrica wifi interior enviar\u00e1 una alerta instant\u00e1nea a su tel\u00e9fono, para que pueda calmar sus emociones y saber lo que est\u00e1 pasando en casa.<br \/>\n&#8211; \u3010Seguimiento Inteligente &amp; Compatible con Alexa\/ios\/Android\u3011La c\u00e1mara de videovigilancia interior rastrear\u00e1 y registrar\u00e1 inteligentemente la trayectoria del movimiento. Puede ver claramente el movimiento de personas o animales dentro de los 5M. Compatible con Alexa, p\u00eddale a Alexa que muestre su cocina, sala de estar o guarder\u00eda con la c\u00e1mara Imou.<br \/>\n&#8211; \u3010Modo Privado &amp; Almacenamiento Flexible\u3011Puede grabar videos en una tarjeta SD de hasta 256 GB (no incluida) o en Imou Cloud (prueba gratuita de 30 d\u00edas con un ciclo de 7 d\u00edas para la grabaci\u00f3n) para asegurarse de poder reproducir videos en cualquier hora. Un clic en el modo privado de la aplicaci\u00f3n Imou Life para cubrir f\u00edsicamente la lente de la c\u00e1mara, protegiendo as\u00ed su privacidad cuando est\u00e1 en casa.<\/p>\n","protected":false},"excerpt":{"rendered":"<p>Imou C\u00e1mara IP WiFi Interior 2K(3MP) con Detecci\u00f3n de Humano, C\u00e1mara de Vigilancia WiFi Interior 360\u00b0 con Sirena, Audio Bidireccional, Modo de Privacidad, Compatible con Alexa para Beb\u00e9\/Mascotas<br \/>\n#Publicidad <span class=\"read-more\"><a class=\"more-link btn btn-transparent\" href=\"https:\/\/rockkofertas.com.es\/index.php\/producto\/b08x6dcjt2\/\">Leer m\u00e1s&#8230;<\/a><\/span><\/p>\n","protected":false},"featured_media":7572,"comment_status":"open","ping_status":"closed","template":"","meta":[],"product_cat":[15],"product_tag":[],"class_list":{"0":"post-7573","1":"product","2":"type-product","3":"status-publish","4":"has-post-thumbnail","6":"product_cat-sin-categorizar","8":"first","9":"instock","10":"shipping-taxable","11":"product-type-external"},"_links":{"self":[{"href":"https:\/\/rockkofertas.com.es\/index.php\/wp-json\/wp\/v2\/product\/7573","targetHints":{"allow":["GET"]}}],"collection":[{"href":"https:\/\/rockkofertas.com.es\/index.php\/wp-json\/wp\/v2\/product"}],"about":[{"href":"https:\/\/rockkofertas.com.es\/index.php\/wp-json\/wp\/v2\/types\/product"}],"replies":[{"embeddable":true,"href":"https:\/\/rockkofertas.com.es\/index.php\/wp-json\/wp\/v2\/comments?post=7573"}],"wp:featuredmedia":[{"embeddable":true,"href":"https:\/\/rockkofertas.com.es\/index.php\/wp-json\/wp\/v2\/media\/7572"}],"wp:attachment":[{"href":"https:\/\/rockkofertas.com.es\/index.php\/wp-json\/wp\/v2\/media?parent=7573"}],"wp:term":[{"taxonomy":"product_cat","embeddable":true,"href":"https:\/\/rockkofertas.com.es\/index.php\/wp-json\/wp\/v2\/product_cat?post=7573"},{"taxonomy":"product_tag","embeddable":true,"href":"https:\/\/rockkofertas.com.es\/index.php\/wp-json\/wp\/v2\/product_tag?post=7573"}],"curies":[{"name":"wp","href":"https:\/\/api.w.org\/{rel}","templated":true}]}}