{"id":7563,"date":"2025-12-04T19:30:00","date_gmt":"2025-12-04T19:30:00","guid":{"rendered":"https:\/\/rockkofertas.com.es\/index.php\/producto\/b0frsl6s5c-2\/"},"modified":"2025-12-04T19:30:00","modified_gmt":"2025-12-04T19:30:00","slug":"b0frsl6s5c-2","status":"publish","type":"product","link":"https:\/\/rockkofertas.com.es\/index.php\/producto\/b0frsl6s5c-2\/","title":{"rendered":"B0FRSL6S5C"},"content":{"rendered":"<p>&#8211; \u3010Conectividad Total de unas C\u00e1maras esp\u00eda: 3 Modos (WiFi, Hotspot, Sin Internet) + Bater\u00eda de 5H\u3011 M\u00e1xima flexibilidad para sus \u3010C\u00e1maras esp\u00eda\u3011: Funciona con su red WiFi, el hotspot de su m\u00f3vil o sin internet. La bater\u00eda de 5 horas de duraci\u00f3n ofrece la libertad de colocar estas \u3010C\u00e1maras esp\u00eda ocultas\u3011 en cualquier lugar (garajes, viajes) con total autonom\u00eda<br \/>\n&#8211; \u3010Calidad 4K y Visi\u00f3n Nocturna Invisible: Caracter\u00edsticas de estas C\u00e1maras esp\u00eda\u3011 Nitidez profesional d\u00eda y noche: Estas C\u00e1maras esp\u00eda graban cada detalle con asombrosa claridad 4K y gran angular de 150\u00b0. Por la noche, la tecnolog\u00eda infrarroja no emite luz visible, garantizando una vigilancia 100% discreta las 24 horas<br \/>\n&#8211; \u3010Almacenamiento Seguro para sus C\u00e1maras esp\u00eda : Nube y Tarjeta microSD\u3011 Sus grabaciones siempre a salvo: Elija almacenamiento en la nube encriptado o en tarjeta microSD. Los datos de sus C\u00e1maras esp\u00eda est\u00e1n protegidos con est\u00e1ndares profesionales y cumplimiento GDPR.<br \/>\n&#8211; \u3010Detecci\u00f3n Inteligente IA en estas C\u00e1maras esp\u00eda: Reduce Falsas Alarmas 95%\u3011 Solo alertas importantes: El algoritmo de IA de estas C\u00e1maras esp\u00eda distingue con precisi\u00f3n entre personas, mascotas y veh\u00edculos. Disfrute de una vigilancia inteligente y sin molestias<br \/>\n&#8211; \u3010Soluci\u00f3n Completa con Soporte 24\/7 para sus C\u00e1maras esp\u00eda\u3011 Tranquilidad total: Para vigilancia permanente, con\u00e9ctela a la corriente y grabe sin l\u00edmites. Nuestro soporte t\u00e9cnico 24\/7 est\u00e1 especializado en C\u00e1maras esp\u00eda, ofreciendo la soluci\u00f3n confiable para su seguridad.<br \/>\n&#8211; Importante: Compatible exclusivamente con WiFi de 2.4 GHz (la mayor\u00eda de routers dual-band 2.4G\/5G permiten seleccionar esta frecuencia)<\/p>\n","protected":false},"excerpt":{"rendered":"<p>AOBOCAM C\u00e1mara Esp\u00eda Oculta 4K con Visi\u00f3n Nocturna y WiFi &#8211; C\u00e1mara Vigilancia Interior Inal\u00e1mbrica con Detecci\u00f3n de Movimiento AI, \u00c1ngulo 150\u00b0 y Almacenamiento en Nube (ES-W06)<br \/>#Publicidad <span class=\"read-more\"><a class=\"more-link btn btn-transparent\" href=\"https:\/\/rockkofertas.com.es\/index.php\/producto\/b0frsl6s5c-2\/\">Leer m\u00e1s&#8230;<\/a><\/span><\/p>\n","protected":false},"featured_media":7562,"comment_status":"open","ping_status":"closed","template":"","meta":[],"product_cat":[15],"product_tag":[],"class_list":{"0":"post-7563","1":"product","2":"type-product","3":"status-publish","4":"has-post-thumbnail","6":"product_cat-sin-categorizar","8":"first","9":"instock","10":"shipping-taxable","11":"product-type-external"},"_links":{"self":[{"href":"https:\/\/rockkofertas.com.es\/index.php\/wp-json\/wp\/v2\/product\/7563","targetHints":{"allow":["GET"]}}],"collection":[{"href":"https:\/\/rockkofertas.com.es\/index.php\/wp-json\/wp\/v2\/product"}],"about":[{"href":"https:\/\/rockkofertas.com.es\/index.php\/wp-json\/wp\/v2\/types\/product"}],"replies":[{"embeddable":true,"href":"https:\/\/rockkofertas.com.es\/index.php\/wp-json\/wp\/v2\/comments?post=7563"}],"wp:featuredmedia":[{"embeddable":true,"href":"https:\/\/rockkofertas.com.es\/index.php\/wp-json\/wp\/v2\/media\/7562"}],"wp:attachment":[{"href":"https:\/\/rockkofertas.com.es\/index.php\/wp-json\/wp\/v2\/media?parent=7563"}],"wp:term":[{"taxonomy":"product_cat","embeddable":true,"href":"https:\/\/rockkofertas.com.es\/index.php\/wp-json\/wp\/v2\/product_cat?post=7563"},{"taxonomy":"product_tag","embeddable":true,"href":"https:\/\/rockkofertas.com.es\/index.php\/wp-json\/wp\/v2\/product_tag?post=7563"}],"curies":[{"name":"wp","href":"https:\/\/api.w.org\/{rel}","templated":true}]}}