{"id":7561,"date":"2025-12-04T16:00:48","date_gmt":"2025-12-04T16:00:48","guid":{"rendered":"https:\/\/rockkofertas.com.es\/index.php\/producto\/b0c8s7zll3\/"},"modified":"2025-12-04T16:00:48","modified_gmt":"2025-12-04T16:00:48","slug":"b0c8s7zll3","status":"publish","type":"product","link":"https:\/\/rockkofertas.com.es\/index.php\/producto\/b0c8s7zll3\/","title":{"rendered":"B0C8S7ZLL3"},"content":{"rendered":"<p>&#8211; Tejido: 50% algod\u00f3n y 50% lino, suave y transpirable, tejido grueso, ca\u00edda natural, no desti\u00f1e f\u00e1cilmente, no se arruga f\u00e1cilmente, agradable al tacto.Protege eficazmente el tablero de la mesa e impide que penetren las manchas y las gotas de agua.<br \/>\n&#8211; Estilo de dise\u00f1o: Bellamente bordado con un elegante patr\u00f3n de bordado central, simple y generoso, con bordes adornados con borlas para a\u00f1adir un toque de sofisticaci\u00f3n y romance a su mesa.<br \/>\n&#8211; Suitable: Como protector de mesa,Adecuado para mesas de comedor, mesas de caf\u00e9, cocina,terraza, cena de boda,mesas de almacenamiento, etc.Tambi\u00e9n se puede utilizar como mantel para picnic en el jard\u00edn, mantel decorativo, etc. Es universal para todas las estaciones y puede decorar su mesa con m\u00e1s belleza.<br \/>\n&#8211; Consejos de lavado: Este mantel tiene un revestimiento impermeable en la superficie, se recomienda que la temperatura del agua de lavado no exceda de 30 \u00b0 C. Es mejor lavarlo a mano, ponerlo plano para secar y se puede planchar a baja temperatura.<br \/>\n&#8211; Selecci\u00f3n del mantel: con una amplia gama de tama\u00f1os y estilos, a la hora de elegir el tama\u00f1o del mantel debe medir ambos lados de la mesa y a\u00f1adir de 20 a 40 cm a cada lado para el voladizo.<\/p>\n","protected":false},"excerpt":{"rendered":"<p>Pahajim Mantel Mesa Rectangular Manteles Antimanchas Impermeable Lino Algodon Dise\u00f1o de borlas Estilo Moderno para Decoraci\u00f3n de la Mesa de Comedor(Beige,140x260cm)<br \/>\n#Publicidad <span class=\"read-more\"><a class=\"more-link btn btn-transparent\" href=\"https:\/\/rockkofertas.com.es\/index.php\/producto\/b0c8s7zll3\/\">Leer m\u00e1s&#8230;<\/a><\/span><\/p>\n","protected":false},"featured_media":7560,"comment_status":"open","ping_status":"closed","template":"","meta":[],"product_cat":[15],"product_tag":[],"class_list":{"0":"post-7561","1":"product","2":"type-product","3":"status-publish","4":"has-post-thumbnail","6":"product_cat-sin-categorizar","8":"first","9":"instock","10":"shipping-taxable","11":"product-type-external"},"_links":{"self":[{"href":"https:\/\/rockkofertas.com.es\/index.php\/wp-json\/wp\/v2\/product\/7561","targetHints":{"allow":["GET"]}}],"collection":[{"href":"https:\/\/rockkofertas.com.es\/index.php\/wp-json\/wp\/v2\/product"}],"about":[{"href":"https:\/\/rockkofertas.com.es\/index.php\/wp-json\/wp\/v2\/types\/product"}],"replies":[{"embeddable":true,"href":"https:\/\/rockkofertas.com.es\/index.php\/wp-json\/wp\/v2\/comments?post=7561"}],"wp:featuredmedia":[{"embeddable":true,"href":"https:\/\/rockkofertas.com.es\/index.php\/wp-json\/wp\/v2\/media\/7560"}],"wp:attachment":[{"href":"https:\/\/rockkofertas.com.es\/index.php\/wp-json\/wp\/v2\/media?parent=7561"}],"wp:term":[{"taxonomy":"product_cat","embeddable":true,"href":"https:\/\/rockkofertas.com.es\/index.php\/wp-json\/wp\/v2\/product_cat?post=7561"},{"taxonomy":"product_tag","embeddable":true,"href":"https:\/\/rockkofertas.com.es\/index.php\/wp-json\/wp\/v2\/product_tag?post=7561"}],"curies":[{"name":"wp","href":"https:\/\/api.w.org\/{rel}","templated":true}]}}