{"id":7557,"date":"2025-12-04T12:09:50","date_gmt":"2025-12-04T12:09:50","guid":{"rendered":"https:\/\/rockkofertas.com.es\/index.php\/producto\/b0g1c478dr\/"},"modified":"2025-12-04T12:09:50","modified_gmt":"2025-12-04T12:09:50","slug":"b0g1c478dr","status":"publish","type":"product","link":"https:\/\/rockkofertas.com.es\/index.php\/producto\/b0g1c478dr\/","title":{"rendered":"B0G1C478DR"},"content":{"rendered":"<p>&#8211; Informaci\u00f3n de compra: Su veh\u00edculo debe ser fabricado despu\u00e9s de 2016 y ser compatible con un adaptador CarPlay o Android Auto con cable. Se requiere emparejamiento manual para el primer uso. El sistema operativo iOS debe ser la versi\u00f3n 10 o superior, mientras que el tel\u00e9fono Android debe ser la versi\u00f3n 11 o superior<br \/>\n&#8211; \u00a1Lib\u00e9rate de los cables y disfruta de la libertad! \u00a1Olv\u00eddate de los cables enredados en tu coche! Con el adaptador inal\u00e1mbrico Volam (actualizado en 2026) para A-pple CarPlay, puedes acceder sin cables a todas las funciones originales de CarPlay: navegaci\u00f3n, Siri, llamadas manos libres y mucho m\u00e1s. La experiencia de usuario es tan fluida como con CarPlay inal\u00e1mbrico, en un espacio m\u00e1s ordenado<br \/>\n&#8211; Dise\u00f1o antip\u00e9rdida y listo para usar: El dise\u00f1o integrado 2 en 1 USB + Tipo C elimina las molestias de los conectores separados tradicionales y el riesgo de perder accesorios, brind\u00e1ndote mayor tranquilidad. Con la funci\u00f3n Apple CarPlay para autos, conecta tu tel\u00e9fono iOS\/Android al sistema inal\u00e1mbrico Android Auto CarPlay del auto de forma f\u00e1cil y sencilla<br \/>\n&#8211; \u3010WiFi de 5 GHz, transmisi\u00f3n de alta velocidad\u3011La tecnolog\u00eda Wi-Fi de 5 GHz garantiza una transmisi\u00f3n de datos r\u00e1pida y estable. El chip 5G integrado mejora la recepci\u00f3n de la se\u00f1al, proporcionando una experiencia de navegaci\u00f3n fluida. Gracias a su alta potencia de procesamiento, podr\u00e1 disfrutar de una navegaci\u00f3n fluida, llamadas con manos libres y reproducci\u00f3n de m\u00fasica, haciendo que cada viaje sea agradable y c\u00f3modo. Renueva tu coche ahora con el adaptador inal\u00e1mbrico 2 en 1 Volam CarPlay para iPhone<br \/>\n&#8211; \u3010Amplia compatibilidad\u3011Este adaptador inal\u00e1mbrico CarPlay para iPhone es compatible con el 98% de los coches del mercado compatibles con CarPlay por cable. Antes de comprarlo, conecta tu tel\u00e9fono al coche con un USB inal\u00e1mbrico de Android Auto para comprobar si tu veh\u00edculo es compatible con CarPlay. Para un rendimiento \u00f3ptimo, se recomienda iOS 10\/Android 11 o posterior<br \/>\n&#8211; \u3010Actualizaciones inal\u00e1mbricas OTA, evoluci\u00f3n continua\u3011El adaptador inal\u00e1mbrico CarPlay admite actualizaciones OTA en l\u00ednea, lo que garantiza la compatibilidad con dispositivos futuros. Sin necesidad de desmontar ni devolver el producto, puede disfrutar de nuevas funciones y optimizaciones de rendimiento mediante actualizaciones remotas, adapt\u00e1ndose perfectamente a los nuevos sistemas telef\u00f3nicos. Compra \u00fanica, uso prolongado<br \/>\n&#8211; \u3010Servicio posventa y garant\u00eda m\u00e1s completos\u3011Todos los adaptadores Volam CarPlay cuentan con una garant\u00eda de calidad de 2 a\u00f1os. Si tiene alguna pregunta, no dude en contactarnos a trav\u00e9s de Amazon. Nos comprometemos a satisfacer las necesidades de nuestros clientes, ofreciendo respuesta inmediata las 24 horas y un servicio sin preocupaciones<\/p>\n","protected":false},"excerpt":{"rendered":"<p>Volam (actualizado en 2026 Adaptador inal\u00e1mbrico 2 en 1 para CarPlay y Android Auto, dise\u00f1o antip\u00e9rdida Plug &amp; Play Conexi\u00f3n r\u00e1pida WiFi 2.4G + 5G USB\/Tipo C Compatible con Autos de 2016<br \/>#Publicidad <span class=\"read-more\"><a class=\"more-link btn btn-transparent\" href=\"https:\/\/rockkofertas.com.es\/index.php\/producto\/b0g1c478dr\/\">Leer m\u00e1s&#8230;<\/a><\/span><\/p>\n","protected":false},"featured_media":7556,"comment_status":"open","ping_status":"closed","template":"","meta":[],"product_cat":[15],"product_tag":[],"class_list":{"0":"post-7557","1":"product","2":"type-product","3":"status-publish","4":"has-post-thumbnail","6":"product_cat-sin-categorizar","8":"first","9":"instock","10":"shipping-taxable","11":"product-type-external"},"_links":{"self":[{"href":"https:\/\/rockkofertas.com.es\/index.php\/wp-json\/wp\/v2\/product\/7557","targetHints":{"allow":["GET"]}}],"collection":[{"href":"https:\/\/rockkofertas.com.es\/index.php\/wp-json\/wp\/v2\/product"}],"about":[{"href":"https:\/\/rockkofertas.com.es\/index.php\/wp-json\/wp\/v2\/types\/product"}],"replies":[{"embeddable":true,"href":"https:\/\/rockkofertas.com.es\/index.php\/wp-json\/wp\/v2\/comments?post=7557"}],"wp:featuredmedia":[{"embeddable":true,"href":"https:\/\/rockkofertas.com.es\/index.php\/wp-json\/wp\/v2\/media\/7556"}],"wp:attachment":[{"href":"https:\/\/rockkofertas.com.es\/index.php\/wp-json\/wp\/v2\/media?parent=7557"}],"wp:term":[{"taxonomy":"product_cat","embeddable":true,"href":"https:\/\/rockkofertas.com.es\/index.php\/wp-json\/wp\/v2\/product_cat?post=7557"},{"taxonomy":"product_tag","embeddable":true,"href":"https:\/\/rockkofertas.com.es\/index.php\/wp-json\/wp\/v2\/product_tag?post=7557"}],"curies":[{"name":"wp","href":"https:\/\/api.w.org\/{rel}","templated":true}]}}