{"id":7555,"date":"2025-12-04T12:00:48","date_gmt":"2025-12-04T12:00:48","guid":{"rendered":"https:\/\/rockkofertas.com.es\/index.php\/producto\/b0814yhsqk-2\/"},"modified":"2025-12-04T12:00:48","modified_gmt":"2025-12-04T12:00:48","slug":"b0814yhsqk-2","status":"publish","type":"product","link":"https:\/\/rockkofertas.com.es\/index.php\/producto\/b0814yhsqk-2\/","title":{"rendered":"B0814YHSQK"},"content":{"rendered":"<p>&#8211; Dos corazones que laten como uno solo: Este bonito y vers\u00e1til collar de Swarovski incorpora un rom\u00e1ntico dise\u00f1o con dos corazones entrelazados acabados con combinaci\u00f3n de metales<br \/>\n&#8211; Cada coraz\u00f3n est\u00e1 adornado con numerosas piedras que brillan siempre que les da la luz<br \/>\n&#8211; La posici\u00f3n de los corazones puede ajustarse para crear distintos looks<br \/>\n&#8211; Un regalo lleno de significado para alguien especial<\/p>\n","protected":false},"excerpt":{"rendered":"<p>Swarovski Collar Swarovski Infinity, Coraz\u00f3n, Blanco, Combinaci\u00f3n de acabados met\u00e1licos<br \/>\n#Publicidad <span class=\"read-more\"><a class=\"more-link btn btn-transparent\" href=\"https:\/\/rockkofertas.com.es\/index.php\/producto\/b0814yhsqk-2\/\">Leer m\u00e1s&#8230;<\/a><\/span><\/p>\n","protected":false},"featured_media":7554,"comment_status":"open","ping_status":"closed","template":"","meta":[],"product_cat":[15],"product_tag":[],"class_list":{"0":"post-7555","1":"product","2":"type-product","3":"status-publish","4":"has-post-thumbnail","6":"product_cat-sin-categorizar","8":"first","9":"instock","10":"shipping-taxable","11":"product-type-external"},"_links":{"self":[{"href":"https:\/\/rockkofertas.com.es\/index.php\/wp-json\/wp\/v2\/product\/7555","targetHints":{"allow":["GET"]}}],"collection":[{"href":"https:\/\/rockkofertas.com.es\/index.php\/wp-json\/wp\/v2\/product"}],"about":[{"href":"https:\/\/rockkofertas.com.es\/index.php\/wp-json\/wp\/v2\/types\/product"}],"replies":[{"embeddable":true,"href":"https:\/\/rockkofertas.com.es\/index.php\/wp-json\/wp\/v2\/comments?post=7555"}],"wp:featuredmedia":[{"embeddable":true,"href":"https:\/\/rockkofertas.com.es\/index.php\/wp-json\/wp\/v2\/media\/7554"}],"wp:attachment":[{"href":"https:\/\/rockkofertas.com.es\/index.php\/wp-json\/wp\/v2\/media?parent=7555"}],"wp:term":[{"taxonomy":"product_cat","embeddable":true,"href":"https:\/\/rockkofertas.com.es\/index.php\/wp-json\/wp\/v2\/product_cat?post=7555"},{"taxonomy":"product_tag","embeddable":true,"href":"https:\/\/rockkofertas.com.es\/index.php\/wp-json\/wp\/v2\/product_tag?post=7555"}],"curies":[{"name":"wp","href":"https:\/\/api.w.org\/{rel}","templated":true}]}}