{"id":7553,"date":"2025-12-04T10:39:34","date_gmt":"2025-12-04T10:39:34","guid":{"rendered":"https:\/\/rockkofertas.com.es\/index.php\/producto\/b0dl7qgz5x\/"},"modified":"2025-12-04T10:39:34","modified_gmt":"2025-12-04T10:39:34","slug":"b0dl7qgz5x","status":"publish","type":"product","link":"https:\/\/rockkofertas.com.es\/index.php\/producto\/b0dl7qgz5x\/","title":{"rendered":"B0DL7QGZ5X"},"content":{"rendered":"<p>&#8211; \u23f2\ufe0f Transforma tu grifo en un verdadero atractivo est\u00e9tico para tu cocina. Este filtro de agua para grifo est\u00e1 equipado con un term\u00f3metro y una pantalla LED inteligente que te informa en tiempo real sobre la temperatura del agua y la vida \u00fatil restante del cartucho. Es completamente aut\u00f3nomo: la pantalla funciona sin electricidad ni pilas, utilizando la energ\u00eda cin\u00e9tica generada por el flujo de agua.<br \/>\n&#8211; \ud83d\udc4d Antes de comprar, aseg\u00farate de que el filtro agua Puramane es compatible con tu grifo. Se incluyen seis adaptadores con roscas internas y externas de 16 mm a 24 mm. El sistema Plug &amp; Play permite una instalaci\u00f3n r\u00e1pida en segundos. En el primer uso, retira el pl\u00e1stico del cartucho incluido. Sustituirlo es igual de sencillo: desenrosca la tapa, retira el cartucho usado e inserta el nuevo. \ud83d\udca1 Comprueba siempre la compatibilidad y cont\u00e1ctanos si tienes alguna duda.<br \/>\n&#8211; \ud83d\udca7 Filtraci\u00f3n avanzada en 8 etapas: Nuestro purificador de agua domestico con carb\u00f3n activo elimina eficazmente el cloro activo, los organoclorados, los compuestos org\u00e1nicos, los purificador agua grifoles pesados y los pesticidas. El sistema de purificador agua grifo tambi\u00e9n utiliza tecnolog\u00eda de luz azul ultravioleta, que ayuda a desinfectar el agua eliminando microorganismos como bacterias y virus. Los cartuchos est\u00e1n certificados NSF ANSI 42 &amp; 53.<br \/>\n&#8211; \ud83c\udf0d Cartuchos de larga duraci\u00f3n: Cada cartucho filtra hasta 1000 litros de agua, lo que equivale a ahorrar 2000 botellas de pl\u00e1stico. Sustituye el cartucho cada 4 meses para disfrutar de un filtro de agua siempre eficaz, manteniendo un consumo sostenible y respetuoso con el medio ambiente.<br \/>\n&#8211; \u2714\ufe0f ALTERNATIVE A LA CARAFE FILTRANTE : Contrairement aux carafes d&#8217;eau utilisant une filtration par gravit\u00e9 o\u00f9 l\u2019eau stagne, ce filtre pour robinet utilise la pression pour une filtration instantan\u00e9e et continue, assurant une eau toujours fra\u00eeche et pr\u00eate \u00e0 boire.<br \/>\n&#8211; \ud83d\udca6 2 modos de uso: Con un interruptor de encendido\/apagado para el modo de purificaci\u00f3n, nuestro filtro de agua para grifo optimiza el uso del cartucho apag\u00e1ndolo para tareas no alimentarias como limpieza o lavado de platos. En modo no filtrado, el filtro incorpora un aireador que mejora el flujo del agua. Esta caracter\u00edstica no solo permite un importante ahorro de agua, sino tambi\u00e9n prolonga la vida \u00fatil del filtro agua.<br \/>\n&#8211; \ud83e\udd29 Satisfacci\u00f3n garantizada: En Puramane, tu satisfacci\u00f3n es nuestra prioridad. Ofrecemos un servicio de atenci\u00f3n al cliente dedicado para ayudarte en la instalaci\u00f3n y el uso de tu filtro de agua para grifo. Nuestro equipo est\u00e1 a tu disposici\u00f3n para resolver cualquier duda y acompa\u00f1arte durante todo el proceso. Nos comprometemos a que tu instalaci\u00f3n sea sencilla y tu experiencia de uso c\u00f3moda y sin preocupaciones.<\/p>\n","protected":false},"excerpt":{"rendered":"<p>Puramane : filtro agua grifo, tecnolog\u00eda UV, pantalla LED, purificador de agua multietapa, 1000 litros de agua filtrada por cartucho (1 filtro agua + 1 cartucho)<br \/>#Publicidad <span class=\"read-more\"><a class=\"more-link btn btn-transparent\" href=\"https:\/\/rockkofertas.com.es\/index.php\/producto\/b0dl7qgz5x\/\">Leer m\u00e1s&#8230;<\/a><\/span><\/p>\n","protected":false},"featured_media":7552,"comment_status":"open","ping_status":"closed","template":"","meta":[],"product_cat":[15],"product_tag":[],"class_list":{"0":"post-7553","1":"product","2":"type-product","3":"status-publish","4":"has-post-thumbnail","6":"product_cat-sin-categorizar","8":"first","9":"instock","10":"shipping-taxable","11":"product-type-external"},"_links":{"self":[{"href":"https:\/\/rockkofertas.com.es\/index.php\/wp-json\/wp\/v2\/product\/7553","targetHints":{"allow":["GET"]}}],"collection":[{"href":"https:\/\/rockkofertas.com.es\/index.php\/wp-json\/wp\/v2\/product"}],"about":[{"href":"https:\/\/rockkofertas.com.es\/index.php\/wp-json\/wp\/v2\/types\/product"}],"replies":[{"embeddable":true,"href":"https:\/\/rockkofertas.com.es\/index.php\/wp-json\/wp\/v2\/comments?post=7553"}],"wp:featuredmedia":[{"embeddable":true,"href":"https:\/\/rockkofertas.com.es\/index.php\/wp-json\/wp\/v2\/media\/7552"}],"wp:attachment":[{"href":"https:\/\/rockkofertas.com.es\/index.php\/wp-json\/wp\/v2\/media?parent=7553"}],"wp:term":[{"taxonomy":"product_cat","embeddable":true,"href":"https:\/\/rockkofertas.com.es\/index.php\/wp-json\/wp\/v2\/product_cat?post=7553"},{"taxonomy":"product_tag","embeddable":true,"href":"https:\/\/rockkofertas.com.es\/index.php\/wp-json\/wp\/v2\/product_tag?post=7553"}],"curies":[{"name":"wp","href":"https:\/\/api.w.org\/{rel}","templated":true}]}}