{"id":7549,"date":"2025-12-04T09:19:05","date_gmt":"2025-12-04T09:19:05","guid":{"rendered":"https:\/\/rockkofertas.com.es\/index.php\/producto\/b0fqmx91nd\/"},"modified":"2025-12-04T09:19:05","modified_gmt":"2025-12-04T09:19:05","slug":"b0fqmx91nd","status":"publish","type":"product","link":"https:\/\/rockkofertas.com.es\/index.php\/producto\/b0fqmx91nd\/","title":{"rendered":"B0FQMX91ND"},"content":{"rendered":"<p>&#8211; Refrigeraci\u00f3n Confortable a 8 \u00b0C: la avanzada tecnolog\u00eda de refrigeraci\u00f3n del dispositivo de depiladora laser IPL reduce r\u00e1pidamente la temperatura de la piel a 8 \u00b0C, lo que garantiza una experiencia de depilaci\u00f3n m\u00e1s c\u00f3moda y minimiza el riesgo de irritaci\u00f3n cut\u00e1nea.<br \/>\n&#8211; Energ\u00eda 21J Altamente Efectiva: El dispositivo de depiladora luz pulsada cuenta con 9 niveles de energ\u00eda ajustables y una potente potencia de hasta 21J. En combinaci\u00f3n con la innovadora tecnolog\u00eda de luz roja (longitud de onda de 600-1200 NM), proporciona una depilaci\u00f3n eficaz para lograr sin esfuerzo una piel suave y sin vello.<br \/>\n&#8211; Pr\u00e1ctico Modo Autom\u00e1tico: Adem\u00e1s del control manual, este dispositivo de depiladora laser cuenta con un modo de flash autom\u00e1tico que proporciona una depilaci\u00f3n eficaz mediante pulsos de luz automatizados, lo que lo hace especialmente adecuado para zonas extensas como las piernas, los brazos y la espalda. La depilaci\u00f3n de todo el cuerpo dura aproximadamente 10 minutos.<br \/>\n&#8211; Pantalla Clara &amp; Seguridad: El dispositivo de depiladora luz pulsada cuenta con una pantalla t\u00e1ctil clara e intuitiva con un funcionamiento sencillo. Su mecanismo de seguridad integrado garantiza que los pulsos de luz solo se activen al entrar en contacto con la piel, lo que proporciona una protecci\u00f3n \u00f3ptima y una experiencia c\u00f3moda.<br \/>\n&#8211; Consejos Sobre el Tipo de Piel &amp; Cabello: Para obtener resultados \u00f3ptimos, el equipo de depiladora laser debe permanecer conectado a la fuente de alimentaci\u00f3n durante su funcionamiento. La tecnolog\u00eda IPL no es adecuada para pieles oscuras (marr\u00f3n, marr\u00f3n oscuro o negro), colores claros (rubio, rojo, gris o blanco).<\/p>\n","protected":false},"excerpt":{"rendered":"<p>21J Depiladora Laser con Funci\u00f3n de Refrigeraci\u00f3n, 600-1200NM Depiladora Luz Pulsada con 9 Niveles de Energ\u00eda, Pantalla T\u00e1ctil LCD para Mujer y Hombre, Bikini, Axilas, Cara, Cuerpo Blanco<br \/>#Publicidad <span class=\"read-more\"><a class=\"more-link btn btn-transparent\" href=\"https:\/\/rockkofertas.com.es\/index.php\/producto\/b0fqmx91nd\/\">Leer m\u00e1s&#8230;<\/a><\/span><\/p>\n","protected":false},"featured_media":7548,"comment_status":"open","ping_status":"closed","template":"","meta":[],"product_cat":[15],"product_tag":[],"class_list":{"0":"post-7549","1":"product","2":"type-product","3":"status-publish","4":"has-post-thumbnail","6":"product_cat-sin-categorizar","8":"first","9":"instock","10":"shipping-taxable","11":"product-type-external"},"_links":{"self":[{"href":"https:\/\/rockkofertas.com.es\/index.php\/wp-json\/wp\/v2\/product\/7549","targetHints":{"allow":["GET"]}}],"collection":[{"href":"https:\/\/rockkofertas.com.es\/index.php\/wp-json\/wp\/v2\/product"}],"about":[{"href":"https:\/\/rockkofertas.com.es\/index.php\/wp-json\/wp\/v2\/types\/product"}],"replies":[{"embeddable":true,"href":"https:\/\/rockkofertas.com.es\/index.php\/wp-json\/wp\/v2\/comments?post=7549"}],"wp:featuredmedia":[{"embeddable":true,"href":"https:\/\/rockkofertas.com.es\/index.php\/wp-json\/wp\/v2\/media\/7548"}],"wp:attachment":[{"href":"https:\/\/rockkofertas.com.es\/index.php\/wp-json\/wp\/v2\/media?parent=7549"}],"wp:term":[{"taxonomy":"product_cat","embeddable":true,"href":"https:\/\/rockkofertas.com.es\/index.php\/wp-json\/wp\/v2\/product_cat?post=7549"},{"taxonomy":"product_tag","embeddable":true,"href":"https:\/\/rockkofertas.com.es\/index.php\/wp-json\/wp\/v2\/product_tag?post=7549"}],"curies":[{"name":"wp","href":"https:\/\/api.w.org\/{rel}","templated":true}]}}