{"id":7545,"date":"2025-12-04T08:00:50","date_gmt":"2025-12-04T08:00:50","guid":{"rendered":"https:\/\/rockkofertas.com.es\/index.php\/producto\/b016qm6o9g-8\/"},"modified":"2025-12-04T08:00:50","modified_gmt":"2025-12-04T08:00:50","slug":"b016qm6o9g-8","status":"publish","type":"product","link":"https:\/\/rockkofertas.com.es\/index.php\/producto\/b016qm6o9g-8\/","title":{"rendered":"B016QM6O9G"},"content":{"rendered":"<p>&#8211; DISE\u00d1O PREMIUM: El logotipo bordado en la parte delantera y los detalles distintivos de la marca en la parte posterior y en el bot\u00f3n y los ojales en la corona de la gorra proporcionan un toque especial. La visera curvada de la gorra te protege de la claridad.<br \/>\n&#8211; COMODIDAD EXCEPCIONAL: La gorra moderna para hombre garantiza una sensaci\u00f3n de ligereza y es el complemento perfecto para los d\u00edas de verano calurosos. La correa ajustable con logotipo permite ajustarla a la cabeza.<br \/>\n&#8211; VERS\u00c1TIL Y PR\u00c1CTICO: Puedes usar este gorro de b\u00e9isbol a diario o para hacer deporte, el accesorio combina a la perfecci\u00f3n con cualquier look y realza tu estilo.<br \/>\n&#8211; MATERIAL Y TALLAS: La gorra est\u00e1 confeccionada en algod\u00f3n 100 % org\u00e1nico. Talla \u00fanica.<br \/>\n&#8211; CALIDAD DEMOSTRADA: Desde 1985, esta marca de dise\u00f1ador lleva demostrando por todo el mundo la calidad y la ligereza mediante una gran variedad de dise\u00f1os en los m\u00edticos colores azul oscuro, blanco y rojo.<\/p>\n","protected":false},"excerpt":{"rendered":"<p>Tommy Hilfiger Gorra Hombre Cap Classic BB Basecap, Azul (Midnight), Talla \u00danica<br \/>\n#Publicidad <span class=\"read-more\"><a class=\"more-link btn btn-transparent\" href=\"https:\/\/rockkofertas.com.es\/index.php\/producto\/b016qm6o9g-8\/\">Leer m\u00e1s&#8230;<\/a><\/span><\/p>\n","protected":false},"featured_media":7544,"comment_status":"open","ping_status":"closed","template":"","meta":[],"product_cat":[15],"product_tag":[],"class_list":{"0":"post-7545","1":"product","2":"type-product","3":"status-publish","4":"has-post-thumbnail","6":"product_cat-sin-categorizar","8":"first","9":"instock","10":"shipping-taxable","11":"product-type-external"},"_links":{"self":[{"href":"https:\/\/rockkofertas.com.es\/index.php\/wp-json\/wp\/v2\/product\/7545","targetHints":{"allow":["GET"]}}],"collection":[{"href":"https:\/\/rockkofertas.com.es\/index.php\/wp-json\/wp\/v2\/product"}],"about":[{"href":"https:\/\/rockkofertas.com.es\/index.php\/wp-json\/wp\/v2\/types\/product"}],"replies":[{"embeddable":true,"href":"https:\/\/rockkofertas.com.es\/index.php\/wp-json\/wp\/v2\/comments?post=7545"}],"wp:featuredmedia":[{"embeddable":true,"href":"https:\/\/rockkofertas.com.es\/index.php\/wp-json\/wp\/v2\/media\/7544"}],"wp:attachment":[{"href":"https:\/\/rockkofertas.com.es\/index.php\/wp-json\/wp\/v2\/media?parent=7545"}],"wp:term":[{"taxonomy":"product_cat","embeddable":true,"href":"https:\/\/rockkofertas.com.es\/index.php\/wp-json\/wp\/v2\/product_cat?post=7545"},{"taxonomy":"product_tag","embeddable":true,"href":"https:\/\/rockkofertas.com.es\/index.php\/wp-json\/wp\/v2\/product_tag?post=7545"}],"curies":[{"name":"wp","href":"https:\/\/api.w.org\/{rel}","templated":true}]}}