{"id":7543,"date":"2025-12-04T04:00:41","date_gmt":"2025-12-04T04:00:41","guid":{"rendered":"https:\/\/rockkofertas.com.es\/index.php\/producto\/b00x0w9o1q-3\/"},"modified":"2025-12-04T04:00:41","modified_gmt":"2025-12-04T04:00:41","slug":"b00x0w9o1q-3","status":"publish","type":"product","link":"https:\/\/rockkofertas.com.es\/index.php\/producto\/b00x0w9o1q-3\/","title":{"rendered":"B00X0W9O1Q"},"content":{"rendered":"<p>&#8211; PR\u00c1CTICO: La cartera de Tommy Hilfiger de peque\u00f1as dimensiones incluye compartimentos para billetes, dos ranuras para tarjetas y un bolsillo monedero con bot\u00f3n de presi\u00f3n. La cartera plana puede guardarse f\u00e1cilmente en los bolsillos de los pantalones, mochilas o bolsos.<br \/>\n&#8211; DISE\u00d1O PREMIUM: El forro interior con las tiras de Tommy Hilfiger y el logotipo estampado en la parte delantera proporcionan ese toque especial. La bandera TH de metal redondea el dise\u00f1o a la perfecci\u00f3n.<br \/>\n&#8211; ESTILOSO: Este art\u00edculo de piel es apto tanto para gente joven como adulta. Esta cartera tambi\u00e9n es ideal para regalar al hombre preocupado por la moda.<br \/>\n&#8211; MATERIAL Y DIMENSIONES: Cartera de piel 100 % flexible. Las dimensiones son: 11 x 3 x 7 cm.<br \/>\n&#8211; CALIDAD DEMOSTRADA: Desde 1985, esta marca de dise\u00f1ador lleva demostrando por todo el mundo la calidad y la ligereza mediante una gran variedad de dise\u00f1os en los m\u00edticos colores azul oscuro, blanco y rojo.<\/p>\n","protected":false},"excerpt":{"rendered":"<p>Tommy Hiliger, JOHNSON MINI CC FLAP AND COIN POCKET &#8211; Cartera, unisex, color black, talla OS<br \/>\n#Publicidad <span class=\"read-more\"><a class=\"more-link btn btn-transparent\" href=\"https:\/\/rockkofertas.com.es\/index.php\/producto\/b00x0w9o1q-3\/\">Leer m\u00e1s&#8230;<\/a><\/span><\/p>\n","protected":false},"featured_media":7542,"comment_status":"open","ping_status":"closed","template":"","meta":[],"product_cat":[15],"product_tag":[],"class_list":{"0":"post-7543","1":"product","2":"type-product","3":"status-publish","4":"has-post-thumbnail","6":"product_cat-sin-categorizar","8":"first","9":"instock","10":"shipping-taxable","11":"product-type-external"},"_links":{"self":[{"href":"https:\/\/rockkofertas.com.es\/index.php\/wp-json\/wp\/v2\/product\/7543","targetHints":{"allow":["GET"]}}],"collection":[{"href":"https:\/\/rockkofertas.com.es\/index.php\/wp-json\/wp\/v2\/product"}],"about":[{"href":"https:\/\/rockkofertas.com.es\/index.php\/wp-json\/wp\/v2\/types\/product"}],"replies":[{"embeddable":true,"href":"https:\/\/rockkofertas.com.es\/index.php\/wp-json\/wp\/v2\/comments?post=7543"}],"wp:featuredmedia":[{"embeddable":true,"href":"https:\/\/rockkofertas.com.es\/index.php\/wp-json\/wp\/v2\/media\/7542"}],"wp:attachment":[{"href":"https:\/\/rockkofertas.com.es\/index.php\/wp-json\/wp\/v2\/media?parent=7543"}],"wp:term":[{"taxonomy":"product_cat","embeddable":true,"href":"https:\/\/rockkofertas.com.es\/index.php\/wp-json\/wp\/v2\/product_cat?post=7543"},{"taxonomy":"product_tag","embeddable":true,"href":"https:\/\/rockkofertas.com.es\/index.php\/wp-json\/wp\/v2\/product_tag?post=7543"}],"curies":[{"name":"wp","href":"https:\/\/api.w.org\/{rel}","templated":true}]}}