{"id":7539,"date":"2025-12-03T22:18:56","date_gmt":"2025-12-03T22:18:56","guid":{"rendered":"https:\/\/rockkofertas.com.es\/index.php\/producto\/b0f7qy4chp\/"},"modified":"2025-12-03T22:18:56","modified_gmt":"2025-12-03T22:18:56","slug":"b0f7qy4chp","status":"publish","type":"product","link":"https:\/\/rockkofertas.com.es\/index.php\/producto\/b0f7qy4chp\/","title":{"rendered":"B0F7QY4CHP"},"content":{"rendered":"<p>&#8211; Estable y antideslizante: materiales resistentes a la corrosi\u00f3n seleccionados con almohadillas de silicona antideslizantes en la parte inferior garantizan un soporte seguro sin deslizamientos. El dise\u00f1o de b\u00fafer reduce eficazmente las impresiones de la imagen y al mismo tiempo protege el escritorio para una proyecci\u00f3n estable y clara.<br \/>\n&#8211; \u3010Proyecci\u00f3n sin interferencias\u3011El montaje en techo evita sombras humanas que obstaculizan la visi\u00f3n, y la imagen es clara y clara. Incluso cuando las personas se mueven, el proceso de visualizaci\u00f3n o presentaci\u00f3n no se ver\u00e1 afectado, lo que permite una experiencia visual suave.<br \/>\n&#8211; \u3010Ajuste completo\u3011Permite una rotaci\u00f3n libre de 360\u00b0, un bloqueo de \u00e1ngulo con solo pulsar un bot\u00f3n y un f\u00e1cil ajuste de la direcci\u00f3n de proyecci\u00f3n. Ya sea proyecci\u00f3n en cine en casa, proyecci\u00f3n de conferencias laterales o proyecci\u00f3n colgante en el aula se puede encontrar con precisi\u00f3n la posici\u00f3n de proyecci\u00f3n \u00f3ptima.<br \/>\n&#8211; Alta capacidad de carga: el material met\u00e1lico de alta calidad soporta dispositivos de menos de 3 kg de forma estable y se adapta a diferentes necesidades de proyecci\u00f3n. Ofrece tres opciones de montaje: mesa, techo y montaje en pared flexible para cine en casa, salas de conferencias, aulas y otros \u00e1mbitos de uso.<br \/>\n&#8211; Instalaci\u00f3n conveniente: el proyector se puede desmontar y volver a montar r\u00e1pidamente sin herramientas, por lo que la posici\u00f3n se puede ajustar f\u00e1cilmente en cualquier momento. El dise\u00f1o compacto y plegable ahorra espacio, se puede guardar y transportar f\u00e1cilmente, proporciona un entorno limpio y atractivo y es ideal para pel\u00edculas, oficina o clase.<\/p>\n","protected":false},"excerpt":{"rendered":"<p>Salange Soporte de Pared Multifuncional, Ajustable en 360\u00b0, Apto para proyectores con Conector de Rosca de 1\/4 Pulgadas, Soporte Universal para proyector, Color Negro<br \/>#Publicidad <span class=\"read-more\"><a class=\"more-link btn btn-transparent\" href=\"https:\/\/rockkofertas.com.es\/index.php\/producto\/b0f7qy4chp\/\">Leer m\u00e1s&#8230;<\/a><\/span><\/p>\n","protected":false},"featured_media":7538,"comment_status":"open","ping_status":"closed","template":"","meta":[],"product_cat":[15],"product_tag":[],"class_list":{"0":"post-7539","1":"product","2":"type-product","3":"status-publish","4":"has-post-thumbnail","6":"product_cat-sin-categorizar","8":"first","9":"instock","10":"shipping-taxable","11":"product-type-external"},"_links":{"self":[{"href":"https:\/\/rockkofertas.com.es\/index.php\/wp-json\/wp\/v2\/product\/7539","targetHints":{"allow":["GET"]}}],"collection":[{"href":"https:\/\/rockkofertas.com.es\/index.php\/wp-json\/wp\/v2\/product"}],"about":[{"href":"https:\/\/rockkofertas.com.es\/index.php\/wp-json\/wp\/v2\/types\/product"}],"replies":[{"embeddable":true,"href":"https:\/\/rockkofertas.com.es\/index.php\/wp-json\/wp\/v2\/comments?post=7539"}],"wp:featuredmedia":[{"embeddable":true,"href":"https:\/\/rockkofertas.com.es\/index.php\/wp-json\/wp\/v2\/media\/7538"}],"wp:attachment":[{"href":"https:\/\/rockkofertas.com.es\/index.php\/wp-json\/wp\/v2\/media?parent=7539"}],"wp:term":[{"taxonomy":"product_cat","embeddable":true,"href":"https:\/\/rockkofertas.com.es\/index.php\/wp-json\/wp\/v2\/product_cat?post=7539"},{"taxonomy":"product_tag","embeddable":true,"href":"https:\/\/rockkofertas.com.es\/index.php\/wp-json\/wp\/v2\/product_tag?post=7539"}],"curies":[{"name":"wp","href":"https:\/\/api.w.org\/{rel}","templated":true}]}}