{"id":7537,"date":"2025-12-03T20:00:41","date_gmt":"2025-12-03T20:00:41","guid":{"rendered":"https:\/\/rockkofertas.com.es\/index.php\/producto\/b08tc1k7kb\/"},"modified":"2025-12-03T20:00:41","modified_gmt":"2025-12-03T20:00:41","slug":"b08tc1k7kb","status":"publish","type":"product","link":"https:\/\/rockkofertas.com.es\/index.php\/producto\/b08tc1k7kb\/","title":{"rendered":"B08TC1K7KB"},"content":{"rendered":"<p>&#8211; IC\u00d3NICO Y ATEMPORAL: El bolso crossbody original de Calvin Klein convence por su dise\u00f1o moderno y deportivo. Destacan el logotipo de Calvin Klein en la parte delantera y la correa para el hombro ajustable.<br \/>\n&#8211; PR\u00c1CTICO Y ELEGANTE: Gracias a su tama\u00f1o perfecto, el bolso tipo bandolera es superpopular. Su pr\u00e1ctico cierre y el bolsillo interior permiten guardar todos tus objetos personales de manera segura.<br \/>\n&#8211; PARA CUALQUIER OCASI\u00d3N: Este pr\u00e1ctico bolso de dise\u00f1o minimalista combina a la perfecci\u00f3n con cualquier estilo. Gracias a su dise\u00f1o sencillo pero elegante, puedes usar el bolso bandolera de dimensiones peque\u00f1as a diario o para salir de noche.<br \/>\n&#8211; MATERIAL DE ALTA CALIDAD: El bolso de mujer est\u00e1 confeccionado en 100% poliuretano. Forro de poli\u00e9ster reciclado. Dimensiones: 23,5 x 4 x 15 cm.<br \/>\n&#8211; EMOCIONANTE Y CLARO: La marca de moda Calvin Klein, fundada en 1968, es conocida por su singular look y lleva conquistando el mundo de la moda desde entonces. La marca americana apuesta por una est\u00e9tica minimalista.<\/p>\n","protected":false},"excerpt":{"rendered":"<p>Calvin Klein Bolso bandolera Mujer Ck Must Ew Xbody peque\u00f1o, Negro (Ck Black), Talla \u00danica<br \/>\n#Publicidad <span class=\"read-more\"><a class=\"more-link btn btn-transparent\" href=\"https:\/\/rockkofertas.com.es\/index.php\/producto\/b08tc1k7kb\/\">Leer m\u00e1s&#8230;<\/a><\/span><\/p>\n","protected":false},"featured_media":7536,"comment_status":"open","ping_status":"closed","template":"","meta":[],"product_cat":[15],"product_tag":[],"class_list":{"0":"post-7537","1":"product","2":"type-product","3":"status-publish","4":"has-post-thumbnail","6":"product_cat-sin-categorizar","8":"first","9":"instock","10":"shipping-taxable","11":"product-type-external"},"_links":{"self":[{"href":"https:\/\/rockkofertas.com.es\/index.php\/wp-json\/wp\/v2\/product\/7537","targetHints":{"allow":["GET"]}}],"collection":[{"href":"https:\/\/rockkofertas.com.es\/index.php\/wp-json\/wp\/v2\/product"}],"about":[{"href":"https:\/\/rockkofertas.com.es\/index.php\/wp-json\/wp\/v2\/types\/product"}],"replies":[{"embeddable":true,"href":"https:\/\/rockkofertas.com.es\/index.php\/wp-json\/wp\/v2\/comments?post=7537"}],"wp:featuredmedia":[{"embeddable":true,"href":"https:\/\/rockkofertas.com.es\/index.php\/wp-json\/wp\/v2\/media\/7536"}],"wp:attachment":[{"href":"https:\/\/rockkofertas.com.es\/index.php\/wp-json\/wp\/v2\/media?parent=7537"}],"wp:term":[{"taxonomy":"product_cat","embeddable":true,"href":"https:\/\/rockkofertas.com.es\/index.php\/wp-json\/wp\/v2\/product_cat?post=7537"},{"taxonomy":"product_tag","embeddable":true,"href":"https:\/\/rockkofertas.com.es\/index.php\/wp-json\/wp\/v2\/product_tag?post=7537"}],"curies":[{"name":"wp","href":"https:\/\/api.w.org\/{rel}","templated":true}]}}