{"id":7535,"date":"2025-12-03T18:53:08","date_gmt":"2025-12-03T18:53:08","guid":{"rendered":"https:\/\/rockkofertas.com.es\/index.php\/producto\/b0dhgqxk92-2\/"},"modified":"2025-12-03T18:53:08","modified_gmt":"2025-12-03T18:53:08","slug":"b0dhgqxk92-2","status":"publish","type":"product","link":"https:\/\/rockkofertas.com.es\/index.php\/producto\/b0dhgqxk92-2\/","title":{"rendered":"B0DHGQXK92"},"content":{"rendered":"<p>&#8211; \u26bd DECORACI\u00d3N COMPLETA PARA CUMPLEA\u00d1OS DE F\u00daTBOL: Incluye guirnalda de \u00abFeliz Cumplea\u00f1os\u00bb, globos tem\u00e1ticos de f\u00fatbol y adornos perfectos para una fiesta inolvidable.<br \/>\n&#8211; \u2b50 GLOBOS FUTBOL: Globos de l\u00e1tex y foil de alta calidad con dise\u00f1os de balones de f\u00fatbol, estrellas y trofeo, ideales para cumplea\u00f1os de ni\u00f1os apasionados por este deporte.<br \/>\n&#8211; \u26bd SET DE DECORACI\u00d3N PARA CUMPLEA\u00d1OS DE NI\u00d1O: Todo lo que necesitas en un solo kit: globos, pancarta y accesorios para crear la mejor decoraci\u00f3n de cumplea\u00f1os de f\u00fatbol.<br \/>\n&#8211; \u26bd ADORNOS TEM\u00c1TICOS DE F\u00daTBOL PARA NI\u00d1OS Y ADULTOS: Perfecto para fiestas de ni\u00f1os, pero tambi\u00e9n para adornar celebraciones tem\u00e1ticas de f\u00fatbol de adultos<br \/>\n&#8211; \ud83d\udce7 ATENCI\u00d3N AL CLIENTE PERSONALIZADA: Empresa espa\u00f1ola comprometida con la calidad y satisfacci\u00f3n de nuestros clientes. Servicio de atenci\u00f3n al cliente eficiente y personalizado.<\/p>\n","protected":false},"excerpt":{"rendered":"<p>IM\u00ae Globo de f\u00fatbol cumplea\u00f1os Ni\u00f1o (26 globo l\u00e1tex + 5 globos grandes de foil + guirnalda) | F\u00fatbol Cumplea\u00f1os Decoracion | Cumplea\u00f1oS infantil | Decoraci\u00f3n F\u00fatbol | Decoraci\u00f3n Cumplea\u00f1os F\u00fatbol.<br \/>#Publicidad <span class=\"read-more\"><a class=\"more-link btn btn-transparent\" href=\"https:\/\/rockkofertas.com.es\/index.php\/producto\/b0dhgqxk92-2\/\">Leer m\u00e1s&#8230;<\/a><\/span><\/p>\n","protected":false},"featured_media":7534,"comment_status":"open","ping_status":"closed","template":"","meta":[],"product_cat":[15],"product_tag":[],"class_list":{"0":"post-7535","1":"product","2":"type-product","3":"status-publish","4":"has-post-thumbnail","6":"product_cat-sin-categorizar","8":"first","9":"instock","10":"shipping-taxable","11":"product-type-external"},"_links":{"self":[{"href":"https:\/\/rockkofertas.com.es\/index.php\/wp-json\/wp\/v2\/product\/7535","targetHints":{"allow":["GET"]}}],"collection":[{"href":"https:\/\/rockkofertas.com.es\/index.php\/wp-json\/wp\/v2\/product"}],"about":[{"href":"https:\/\/rockkofertas.com.es\/index.php\/wp-json\/wp\/v2\/types\/product"}],"replies":[{"embeddable":true,"href":"https:\/\/rockkofertas.com.es\/index.php\/wp-json\/wp\/v2\/comments?post=7535"}],"wp:featuredmedia":[{"embeddable":true,"href":"https:\/\/rockkofertas.com.es\/index.php\/wp-json\/wp\/v2\/media\/7534"}],"wp:attachment":[{"href":"https:\/\/rockkofertas.com.es\/index.php\/wp-json\/wp\/v2\/media?parent=7535"}],"wp:term":[{"taxonomy":"product_cat","embeddable":true,"href":"https:\/\/rockkofertas.com.es\/index.php\/wp-json\/wp\/v2\/product_cat?post=7535"},{"taxonomy":"product_tag","embeddable":true,"href":"https:\/\/rockkofertas.com.es\/index.php\/wp-json\/wp\/v2\/product_tag?post=7535"}],"curies":[{"name":"wp","href":"https:\/\/api.w.org\/{rel}","templated":true}]}}