{"id":7533,"date":"2025-12-03T16:00:48","date_gmt":"2025-12-03T16:00:48","guid":{"rendered":"https:\/\/rockkofertas.com.es\/index.php\/producto\/b0c4n5k56s\/"},"modified":"2025-12-03T16:00:48","modified_gmt":"2025-12-03T16:00:48","slug":"b0c4n5k56s","status":"publish","type":"product","link":"https:\/\/rockkofertas.com.es\/index.php\/producto\/b0c4n5k56s\/","title":{"rendered":"B0C4N5K56S"},"content":{"rendered":"<p>&#8211; \ud83d\udc9565% poli\u00e9ster \/ 35% algod\u00f3n la mejor mezcla para los delantales conocidos por su durabilidad (no desti\u00f1en tan r\u00e1pido, no pierden su forma tan r\u00e1pido, se ven como nuevos por m\u00e1s tiempo, menos<br \/>\n&#8211; \ud83d\udc95FLEXIBLE A LA MEDIDA PERFECTA: El delantal mide 65&#215;85 cm. La longitud de nuestro delantal se puede ajustar con los lazos del cuello y la cintura seg\u00fan sea necesario, tama\u00f1o perfecto para la mayor\u00eda de las personas,<br \/>\n&#8211; \ud83d\udc95VARIOS USOS: Adecuado para todo tipo de lugares debido a su elegante apariencia: Barbacoa, elaboraci\u00f3n de caf\u00e9, creaci\u00f3n art\u00edstica, cocina casera, bricolaje, cafeter\u00eda, restaurante, reposter\u00eda, corte de flores, tareas dom\u00e9sticas, manualidades o pintura, puede utilizarse como delantal para ni\u00f1os. El delantal con peto grande que cubre desde el pecho hasta la rodilla proporciona una gran protecci\u00f3n contra la grasa de la cocina, los derrames y las manchas de comida.<br \/>\n&#8211; \ud83d\udc95Los bolsillos delanteros facilitan la cocina: El bolsillo delantero del delantal est\u00e1 equipado con 2 bolsillos grandes y 1 bolsillo peque\u00f1o mediano para guardar bolsas de especias, tel\u00e9fonos m\u00f3viles, tarjetas de recetas, bol\u00edgrafos, cucharas, accesorios para la barbacoa y mucho m\u00e1s mientras cocinas. Tama\u00f1os de bolsillo.<br \/>\n&#8211; \ud83d\udc95CALIDAD: Impermeable, c\u00f3modo, resistente a las arrugas, delantal de alta calidad, elegante, pr\u00e1ctico, duradero, suave al tacto, libre de productos qu\u00edmicos nocivos. LIMPIEZA &#8211; Se puede lavar a m\u00e1quina y secar en secadora.<\/p>\n","protected":false},"excerpt":{"rendered":"<p>LEFUNDA\u00ae Delantal de cocina impermeable (paquete de 4) con 3 bolsillos, ajustable para barbacoa con tirantes largos, ideal para cocinar en restaurantes y cafeter\u00edas (multicolor, grande)<br \/>\n#Publicidad <span class=\"read-more\"><a class=\"more-link btn btn-transparent\" href=\"https:\/\/rockkofertas.com.es\/index.php\/producto\/b0c4n5k56s\/\">Leer m\u00e1s&#8230;<\/a><\/span><\/p>\n","protected":false},"featured_media":7532,"comment_status":"open","ping_status":"closed","template":"","meta":[],"product_cat":[15],"product_tag":[],"class_list":{"0":"post-7533","1":"product","2":"type-product","3":"status-publish","4":"has-post-thumbnail","6":"product_cat-sin-categorizar","8":"first","9":"instock","10":"shipping-taxable","11":"product-type-external"},"_links":{"self":[{"href":"https:\/\/rockkofertas.com.es\/index.php\/wp-json\/wp\/v2\/product\/7533","targetHints":{"allow":["GET"]}}],"collection":[{"href":"https:\/\/rockkofertas.com.es\/index.php\/wp-json\/wp\/v2\/product"}],"about":[{"href":"https:\/\/rockkofertas.com.es\/index.php\/wp-json\/wp\/v2\/types\/product"}],"replies":[{"embeddable":true,"href":"https:\/\/rockkofertas.com.es\/index.php\/wp-json\/wp\/v2\/comments?post=7533"}],"wp:featuredmedia":[{"embeddable":true,"href":"https:\/\/rockkofertas.com.es\/index.php\/wp-json\/wp\/v2\/media\/7532"}],"wp:attachment":[{"href":"https:\/\/rockkofertas.com.es\/index.php\/wp-json\/wp\/v2\/media?parent=7533"}],"wp:term":[{"taxonomy":"product_cat","embeddable":true,"href":"https:\/\/rockkofertas.com.es\/index.php\/wp-json\/wp\/v2\/product_cat?post=7533"},{"taxonomy":"product_tag","embeddable":true,"href":"https:\/\/rockkofertas.com.es\/index.php\/wp-json\/wp\/v2\/product_tag?post=7533"}],"curies":[{"name":"wp","href":"https:\/\/api.w.org\/{rel}","templated":true}]}}