{"id":7529,"date":"2025-12-03T11:53:16","date_gmt":"2025-12-03T11:53:16","guid":{"rendered":"https:\/\/rockkofertas.com.es\/index.php\/producto\/b0g1tc4myz\/"},"modified":"2025-12-03T11:53:16","modified_gmt":"2025-12-03T11:53:16","slug":"b0g1tc4myz","status":"publish","type":"product","link":"https:\/\/rockkofertas.com.es\/index.php\/producto\/b0g1tc4myz\/","title":{"rendered":"B0G1TC4MYZ"},"content":{"rendered":"<p>&#8211; \ud83d\udd1dRELAJACI\u00d3N MUSCULAR, BIENESTAR F\u00cdSICO Y SALUD \u00d3SEA: Nuestra f\u00f3rmula de bisglicinato de magnesio, cuenta con el aporte exacto de magnesio para aliviar calambres, rigidez y tensiones musculares. Un \u201cmatch\u201d imprescindible para deportistas, o personas que buscan aportar un plus en su rutina diaria, mejora la absorci\u00f3n de nutrientes, promoviendo una buena salud \u00f3sea y prevenci\u00f3n de desgaste articular. Cada bote incluye 180 c\u00e1psulas vegetales. Puedes tomar 2 c\u00e1psulas al d\u00eda (90 d\u00edas de suministro) o hasta 4 c\u00e1psulas si necesitas una dosis reforzada (45 d\u00edas).<br \/>\n&#8211; \ud83d\udc4bEQUILIBRIO EMOCIONAL Y DESCANSO DE CALIDAD: Nuestra exclusiva f\u00f3rmula de magnesio est\u00e1 dise\u00f1ada para combatir la fatiga f\u00edsica y mental de manera eficaz, contribuyendo al normal funcionamiento del sistema nervioso. Gracias al poder del bisglicinato de magnesio, mejorar\u00e1s tu productividad, enfoque y rendimiento cognitivo, favoreciendo un estado de calma que transformar\u00e1 tu d\u00eda a d\u00eda. Ser\u00e1s tu mejor versi\u00f3n tanto en el trabajo, como en tus momentos de ocio y familia.<br \/>\n&#8211; \ud83d\udc99NUESTRO MAGNESIO EN CAPSULAS, ES PARA TI, SI: tienes dificultad para dormir, sufres calambres musculares al despertar o tras entrenar, experimentas molestias en las articulaciones, te sientes cansado, tienes problemas para concentrarte, recordar cosas o deseas mejorar tu rendimiento deportivo. Ahora puedes darle la vuelta a todo esto con nuestra f\u00f3rmula premium.<br \/>\n&#8211; \ud83c\udf3fSIN MOLESTIAS DIGESTIVAS: Disfruta de todos los beneficios del magnesio sin posibles alteraciones digestivas. Nuestro magnesio bisglicinato destaca por su alta tolerancia digestiva, evitando molestias intestinales, diarreas y cualquier incomodidad similar, al estar libre de OGM, aditivos, colorantes e ingredientes artificiales, brind\u00e1ndote los mismos beneficios esenciales del magnesio, sin efectos laxantes no deseados.<br \/>\n&#8211; \ud83c\udfc6 COMPROMISO, CERCAN\u00cdA Y CALIDAD: Nuestra experiencia nos ha ense\u00f1ado la importancia de estar cerca de nuestros clientes. Ofrecemos atenci\u00f3n personalizada para resolver cualquier duda que pueda surgir antes, durante, o despu\u00e9s del tratamiento. Nuestros laboratorios cuentan con un amplio equipo de profesionales, y un departamento de I+D para seleccionar los mejores principios activos. Desarrollamos y fabricamos en Espa\u00f1a, estando presentes en diversos Pa\u00edses de la Uni\u00f3n Europea.<\/p>\n","protected":false},"excerpt":{"rendered":"<p>Magnesio Bisglicinato 2250 mg Premium &#8211; 180 C\u00e1psulas para 3 Meses &#8211; Sin Efecto Laxante | Potencia el Rendimiento y la Concentraci\u00f3n | Reduce Cansancio, Fortalece M\u00fasculos, Articulaciones | Navitalife<br \/>#Publicidad <span class=\"read-more\"><a class=\"more-link btn btn-transparent\" href=\"https:\/\/rockkofertas.com.es\/index.php\/producto\/b0g1tc4myz\/\">Leer m\u00e1s&#8230;<\/a><\/span><\/p>\n","protected":false},"featured_media":7528,"comment_status":"open","ping_status":"closed","template":"","meta":[],"product_cat":[15],"product_tag":[],"class_list":{"0":"post-7529","1":"product","2":"type-product","3":"status-publish","4":"has-post-thumbnail","6":"product_cat-sin-categorizar","8":"first","9":"instock","10":"shipping-taxable","11":"product-type-external"},"_links":{"self":[{"href":"https:\/\/rockkofertas.com.es\/index.php\/wp-json\/wp\/v2\/product\/7529","targetHints":{"allow":["GET"]}}],"collection":[{"href":"https:\/\/rockkofertas.com.es\/index.php\/wp-json\/wp\/v2\/product"}],"about":[{"href":"https:\/\/rockkofertas.com.es\/index.php\/wp-json\/wp\/v2\/types\/product"}],"replies":[{"embeddable":true,"href":"https:\/\/rockkofertas.com.es\/index.php\/wp-json\/wp\/v2\/comments?post=7529"}],"wp:featuredmedia":[{"embeddable":true,"href":"https:\/\/rockkofertas.com.es\/index.php\/wp-json\/wp\/v2\/media\/7528"}],"wp:attachment":[{"href":"https:\/\/rockkofertas.com.es\/index.php\/wp-json\/wp\/v2\/media?parent=7529"}],"wp:term":[{"taxonomy":"product_cat","embeddable":true,"href":"https:\/\/rockkofertas.com.es\/index.php\/wp-json\/wp\/v2\/product_cat?post=7529"},{"taxonomy":"product_tag","embeddable":true,"href":"https:\/\/rockkofertas.com.es\/index.php\/wp-json\/wp\/v2\/product_tag?post=7529"}],"curies":[{"name":"wp","href":"https:\/\/api.w.org\/{rel}","templated":true}]}}