{"id":7527,"date":"2025-12-03T11:47:13","date_gmt":"2025-12-03T11:47:13","guid":{"rendered":"https:\/\/rockkofertas.com.es\/index.php\/producto\/b0crb2lv8v\/"},"modified":"2025-12-03T11:47:13","modified_gmt":"2025-12-03T11:47:13","slug":"b0crb2lv8v","status":"publish","type":"product","link":"https:\/\/rockkofertas.com.es\/index.php\/producto\/b0crb2lv8v\/","title":{"rendered":"B0CRB2LV8V"},"content":{"rendered":"<p>&#8211; Velocidad superr\u00e1pida 1300 Mbps:WLAN Stick para PC Velocidad m\u00e1xima de hasta 1300 Mbps, 867 Mbit\/s a 5 GHz y 400 Mbit\/s a 2.4 GHz, velocidad de adaptador inal\u00e1mbrico AC1300 ultra r\u00e1pida con 802.11ac, rendimiento estable para reducir retrasos, mejorar considerablemente su experiencia de navegaci\u00f3n web y juego<br \/>\n&#8211; Antena dual de alta ganancia de 5 dBi: el adaptador WiFi PC dispone de antenas de doble 5dBi High Gain WlAN que se pueden girar 180\u00b0 para lograr mayores velocidades de red y una cobertura de red m\u00e1s amplia, incluso si la se\u00f1al es d\u00e9bil. Este dise\u00f1o mejora enormemente la intensidad de la se\u00f1al recibida y enviada del adaptador USB<br \/>\n&#8211; Interfaz USB 3.0 r\u00e1pida: USB WLAN Stick adopta la interfaz de transmisi\u00f3n USB 3.0 mejorada, que puede alcanzar una alta velocidad de 5 GHz\/867 Mbps, la velocidad de transferencia es 10 veces m\u00e1s r\u00e1pida que USB 2. 0, es una excelente opci\u00f3n para que usted disfrute de la transmisi\u00f3n de datos de alta velocidad. Se recomienda que el escritorio se inserte en la interfaz en la parte posterior del host, la se\u00f1al es m\u00e1s estable<br \/>\n&#8211; Conexi\u00f3n de red estable y segura: el adaptador USB WiFi admite la funci\u00f3n de enrutamiento AP y la conmutaci\u00f3n AP inteligente para construir una LAN inal\u00e1mbrica que se puede utilizar con cualquier router WiFi para compartir f\u00e1cilmente los recursos de red. Admite mecanismos de seguridad avanzados WPA\/WPA2\/WPA2-PSK\/WPA2-PSK para proteger su seguridad en Internet<br \/>\n&#8211; Alta compatibilidad y perfecto servicio al cliente: Internet Stick para Windows 11\/10\/ 8\/ 7\/ XP\/ Mac OS X, puede usarlo directamente con el CD incluido o consultar el enlace de instalaci\u00f3n para la instalaci\u00f3n del controlador: (https:\/\/1drv.ms\/u\/s!Ag6FMLUp1LS6gTesFb6SFkxbevwC?e=bRTSiH ) Si tiene alguna pregunta, p\u00f3ngase en contacto con nosotros inmediatamente, estamos a su disposici\u00f3n las 24 horas del d\u00eda<\/p>\n","protected":false},"excerpt":{"rendered":"<p>ElecMoga WiFi USB, Antena WiFi AC 1300M Adaptador\u3010Dual Band 5GHz\/2.4GHz USB 3.0 WiFi para PC\u3011para Desktop Laptop Tablet, Soporta Windows Compatible Windows 11\/10\/8\/7\/XP, Mac OS X 10.9-10.15<br \/>#Publicidad <span class=\"read-more\"><a class=\"more-link btn btn-transparent\" href=\"https:\/\/rockkofertas.com.es\/index.php\/producto\/b0crb2lv8v\/\">Leer m\u00e1s&#8230;<\/a><\/span><\/p>\n","protected":false},"featured_media":7526,"comment_status":"open","ping_status":"closed","template":"","meta":[],"product_cat":[15],"product_tag":[],"class_list":{"0":"post-7527","1":"product","2":"type-product","3":"status-publish","4":"has-post-thumbnail","6":"product_cat-sin-categorizar","8":"first","9":"instock","10":"shipping-taxable","11":"product-type-external"},"_links":{"self":[{"href":"https:\/\/rockkofertas.com.es\/index.php\/wp-json\/wp\/v2\/product\/7527","targetHints":{"allow":["GET"]}}],"collection":[{"href":"https:\/\/rockkofertas.com.es\/index.php\/wp-json\/wp\/v2\/product"}],"about":[{"href":"https:\/\/rockkofertas.com.es\/index.php\/wp-json\/wp\/v2\/types\/product"}],"replies":[{"embeddable":true,"href":"https:\/\/rockkofertas.com.es\/index.php\/wp-json\/wp\/v2\/comments?post=7527"}],"wp:featuredmedia":[{"embeddable":true,"href":"https:\/\/rockkofertas.com.es\/index.php\/wp-json\/wp\/v2\/media\/7526"}],"wp:attachment":[{"href":"https:\/\/rockkofertas.com.es\/index.php\/wp-json\/wp\/v2\/media?parent=7527"}],"wp:term":[{"taxonomy":"product_cat","embeddable":true,"href":"https:\/\/rockkofertas.com.es\/index.php\/wp-json\/wp\/v2\/product_cat?post=7527"},{"taxonomy":"product_tag","embeddable":true,"href":"https:\/\/rockkofertas.com.es\/index.php\/wp-json\/wp\/v2\/product_tag?post=7527"}],"curies":[{"name":"wp","href":"https:\/\/api.w.org\/{rel}","templated":true}]}}