{"id":7525,"date":"2025-12-03T11:45:42","date_gmt":"2025-12-03T11:45:42","guid":{"rendered":"https:\/\/rockkofertas.com.es\/index.php\/producto\/b0dmvwdh5s-3\/"},"modified":"2025-12-03T11:45:42","modified_gmt":"2025-12-03T11:45:42","slug":"b0dmvwdh5s-3","status":"publish","type":"product","link":"https:\/\/rockkofertas.com.es\/index.php\/producto\/b0dmvwdh5s-3\/","title":{"rendered":"B0DMVWDH5S"},"content":{"rendered":"<p>&#8211; 7 cabezales para cepillo multiusos: el kit de limpieza giratorio el\u00e9ctrico incluye 7 cabezales de cepillo reemplazables, que se adaptan a todas las \u00e1reas de limpieza en cocinas y ba\u00f1os, como ba\u00f1era, cocina, parrilla, estufa, pared aceitosa, rejilla, fregadero, suelo, lechada, inodoro, coche, rueda de coche, vasos, ventanas, platos, etc. Cualquier esquina se puede limpiar y dejar como nueva con este potente limpiador giratorio. Uno que reemplazar\u00e1 los otros cepillos.<br \/>\n&#8211; Doble velocidad de giro, limpieza eficiente: a diferencia de otros estropajos el\u00e9ctricos que solo tienen una velocidad, este ofrece dos velocidades ajustables. Perfecto para una limpieza profunda y puede hacer frente r\u00e1pidamente a manchas dif\u00edciles como espuma de jab\u00f3n y lechada. Es f\u00e1cil de usar, simplemente haz clic una vez para usar el modo de baja velocidad de 280 r.p.m. para la limpieza diaria y haz clic de nuevo para usar el modo de 360 r.p.m. para una limpieza profunda.<br \/>\n&#8211; Carga r\u00e1pida, inal\u00e1mbrica y duradera: tecnolog\u00eda de carga r\u00e1pida y funci\u00f3n de visualizaci\u00f3n de nivel de bater\u00eda. El limpiador inal\u00e1mbrico motorizado funciona con una bater\u00eda de litio recargable integrada de 2500 mAh que puede proporcionar 100 minutos de trabajo a largo plazo despu\u00e9s de solo 3-4 horas de carga r\u00e1pida.<br \/>\n&#8211; Longitud ajustable y limpieza completa: mango corto para una limpieza cercana (como estufa, fregadero, mesa) o mango largo extendido para limpieza de larga distancia (como suelos, ventanas, ba\u00f1eras); cuenta con 2 varillas de extensi\u00f3n, la longitud es ajustable y, con solo un giro, puedes elegir la longitud que desees, hasta 110 cm m\u00e1s larga. Y el extremo tiene un dise\u00f1o de agarre ergon\u00f3mico: mejor sensaci\u00f3n en la mano y no se desliza f\u00e1cilmente.<br \/>\n&#8211; Resistente al agua IP65: clasificaci\u00f3n de impermeabilidad IP65 y dise\u00f1o herm\u00e9tico que se puede lavar directamente debajo del grifo. No sumerjas el limpiador el\u00e9ctrico de ducha en agua, retira el cabezal del cepillo y l\u00e1valo por separado. Con un dise\u00f1o ligero y port\u00e1til, el limpiador el\u00e9ctrico inal\u00e1mbrico viene con un gancho para un f\u00e1cil almacenamiento, para ahorrar tiempo y energ\u00eda.<\/p>\n","protected":false},"excerpt":{"rendered":"<p>Limpiador Giratorio el\u00e9ctrico, Cepillo de Limpieza el\u00e9ctrico 7 en 1, Limpieza Potente de 360 RPM, depurador de ba\u00f1o de 1.5 Horas de Doble Velocidad con Brazo de extensi\u00f3n para Cocina, Coche, Azulejos<br \/>#Publicidad <span class=\"read-more\"><a class=\"more-link btn btn-transparent\" href=\"https:\/\/rockkofertas.com.es\/index.php\/producto\/b0dmvwdh5s-3\/\">Leer m\u00e1s&#8230;<\/a><\/span><\/p>\n","protected":false},"featured_media":7524,"comment_status":"open","ping_status":"closed","template":"","meta":[],"product_cat":[15],"product_tag":[],"class_list":{"0":"post-7525","1":"product","2":"type-product","3":"status-publish","4":"has-post-thumbnail","6":"product_cat-sin-categorizar","8":"first","9":"instock","10":"shipping-taxable","11":"product-type-external"},"_links":{"self":[{"href":"https:\/\/rockkofertas.com.es\/index.php\/wp-json\/wp\/v2\/product\/7525","targetHints":{"allow":["GET"]}}],"collection":[{"href":"https:\/\/rockkofertas.com.es\/index.php\/wp-json\/wp\/v2\/product"}],"about":[{"href":"https:\/\/rockkofertas.com.es\/index.php\/wp-json\/wp\/v2\/types\/product"}],"replies":[{"embeddable":true,"href":"https:\/\/rockkofertas.com.es\/index.php\/wp-json\/wp\/v2\/comments?post=7525"}],"wp:featuredmedia":[{"embeddable":true,"href":"https:\/\/rockkofertas.com.es\/index.php\/wp-json\/wp\/v2\/media\/7524"}],"wp:attachment":[{"href":"https:\/\/rockkofertas.com.es\/index.php\/wp-json\/wp\/v2\/media?parent=7525"}],"wp:term":[{"taxonomy":"product_cat","embeddable":true,"href":"https:\/\/rockkofertas.com.es\/index.php\/wp-json\/wp\/v2\/product_cat?post=7525"},{"taxonomy":"product_tag","embeddable":true,"href":"https:\/\/rockkofertas.com.es\/index.php\/wp-json\/wp\/v2\/product_tag?post=7525"}],"curies":[{"name":"wp","href":"https:\/\/api.w.org\/{rel}","templated":true}]}}