{"id":7523,"date":"2025-12-03T10:29:27","date_gmt":"2025-12-03T10:29:27","guid":{"rendered":"https:\/\/rockkofertas.com.es\/index.php\/producto\/b0g4qtc2ww\/"},"modified":"2025-12-03T10:29:27","modified_gmt":"2025-12-03T10:29:27","slug":"b0g4qtc2ww","status":"publish","type":"product","link":"https:\/\/rockkofertas.com.es\/index.php\/producto\/b0g4qtc2ww\/","title":{"rendered":"B0G4QTC2WW"},"content":{"rendered":"<p>&#8211; Hermoso dise\u00f1o de aceites esenciales: el hermoso dise\u00f1o de material de vidrio hace que nuestro aceite esencial sea una obra de arte para el hogar. Adem\u00e1s, nuestro difusor funciona silenciosamente mediante el uso de la \u00faltima tecnolog\u00eda ultras\u00f3nica. En comparaci\u00f3n con otros difusores, esta es una opci\u00f3n asequible, econ\u00f3mica y pr\u00e1ctica.<br \/>\n&#8211; [Ambientador inteligente compacto para coche] Proporciona una experiencia de conducci\u00f3n refrescante, nuestro difusor puede ser un ambientador de aroma para coche. Un imprescindible para tu experiencia de conducci\u00f3n. El dise\u00f1o de la taza del coche se adapta a la mayor\u00eda de los portavasos del coche, por lo que es port\u00e1til y conveniente para usar en cualquier lugar y en cualquier momento.<br \/>\n&#8211; Luz de ambiente de color y cielo estrellado: con luces de ambiente de 7 colores, el material de vidrio hace que nuestro difusor sea un ambiente y muy adecuado para el coche y el dormitorio. Luz de cielo estrellado solo se muestra en el coche.<br \/>\n&#8211; 5 modos de pulverizaci\u00f3n: 1) S 15 minutos compartimento cerrado (habitaci\u00f3n privada) 2) M 5 minutos de espacio medio (uso diario) 3) L 1 minuto de desodorizaci\u00f3n r\u00e1pida (como humo) 4) XL 20 segundos de espacio grande (por ejemplo, vest\u00edbulo) 5) Limpieza continua de la fragancia (olor grave).<br \/>\n&#8211; Embalaje ecol\u00f3gico: este difusor no tiene bater\u00eda. Se puede encender a trav\u00e9s de adaptadores (no incluidos), bater\u00eda externa, cargador de coche, ordenador port\u00e1til, etc. M\u00e1s de 1 amperio con cable tipo C (incluido 1 metro de largo). Gracias por proteger el medio ambiente.<br \/>\n&#8211; [250 ml de capacidad] Botella de cristal ultragrande. Puede agregar hasta 250 ml de agua y aceite esencial sin necesidad de rellenar, siempre que desee usar una sola fragancia por un tiempo. Disfrute de los beneficios de los aceites esenciales al distribuir su fragancia relajante en su entorno. Si la botella de vidrio se rompe, p\u00f3ngase en contacto con nosotros.<br \/>\n&#8211; F\u00e1cil de configurar: solo tienes que a\u00f1adir agua y aceite esencial (no incluido, compra en Amazon), como 20 ml de aceite y 200 ml de agua, a continuaci\u00f3n, pulsa durante mucho tiempo para encender el difusor. Admite funcionamiento sin agua, este difusor puede funcionar sin el uso de agua. Adem\u00e1s, aseg\u00farese de que la potencia de su adaptador sea superior a 1 amperio.<\/p>\n","protected":false},"excerpt":{"rendered":"<p>Difusor de aceites esenciales, ambientadores de coche, difusores de aromaterapia para el hogar, habitaci\u00f3n grande, dormitorio, coche, oficina, escritorio con luz de cielo estrellado, capacidad de 250<br \/>#Publicidad <span class=\"read-more\"><a class=\"more-link btn btn-transparent\" href=\"https:\/\/rockkofertas.com.es\/index.php\/producto\/b0g4qtc2ww\/\">Leer m\u00e1s&#8230;<\/a><\/span><\/p>\n","protected":false},"featured_media":7522,"comment_status":"open","ping_status":"closed","template":"","meta":[],"product_cat":[15],"product_tag":[],"class_list":{"0":"post-7523","1":"product","2":"type-product","3":"status-publish","4":"has-post-thumbnail","6":"product_cat-sin-categorizar","8":"first","9":"instock","10":"shipping-taxable","11":"product-type-external"},"_links":{"self":[{"href":"https:\/\/rockkofertas.com.es\/index.php\/wp-json\/wp\/v2\/product\/7523","targetHints":{"allow":["GET"]}}],"collection":[{"href":"https:\/\/rockkofertas.com.es\/index.php\/wp-json\/wp\/v2\/product"}],"about":[{"href":"https:\/\/rockkofertas.com.es\/index.php\/wp-json\/wp\/v2\/types\/product"}],"replies":[{"embeddable":true,"href":"https:\/\/rockkofertas.com.es\/index.php\/wp-json\/wp\/v2\/comments?post=7523"}],"wp:featuredmedia":[{"embeddable":true,"href":"https:\/\/rockkofertas.com.es\/index.php\/wp-json\/wp\/v2\/media\/7522"}],"wp:attachment":[{"href":"https:\/\/rockkofertas.com.es\/index.php\/wp-json\/wp\/v2\/media?parent=7523"}],"wp:term":[{"taxonomy":"product_cat","embeddable":true,"href":"https:\/\/rockkofertas.com.es\/index.php\/wp-json\/wp\/v2\/product_cat?post=7523"},{"taxonomy":"product_tag","embeddable":true,"href":"https:\/\/rockkofertas.com.es\/index.php\/wp-json\/wp\/v2\/product_tag?post=7523"}],"curies":[{"name":"wp","href":"https:\/\/api.w.org\/{rel}","templated":true}]}}