{"id":7515,"date":"2025-12-02T22:34:59","date_gmt":"2025-12-02T22:34:59","guid":{"rendered":"https:\/\/rockkofertas.com.es\/index.php\/producto\/b0drj3cn7y\/"},"modified":"2025-12-02T22:34:59","modified_gmt":"2025-12-02T22:34:59","slug":"b0drj3cn7y","status":"publish","type":"product","link":"https:\/\/rockkofertas.com.es\/index.php\/producto\/b0drj3cn7y\/","title":{"rendered":"B0DRJ3CN7Y"},"content":{"rendered":"<p>&#8211; \u3010Modelo compatible\u3011Compatible con Xiaomi Redmi Note 14 Pro+ 5G.<br \/>\n&#8211; \u3010Exquisita artesan\u00eda\u3011Precisa en todos los botones, altavoces, c\u00e1mara y puertos con buena retroalimentaci\u00f3n t\u00e1ctil cuando se presiona. Puede acceder f\u00e1cilmente a su Xiaomi Redmi Note 14 Pro+ 5G.<br \/>\n&#8211; \u3010Quality Material\u3011Esta funda de tel\u00e9fono est\u00e1 hecha de material TPU de alta calidad que es suave y duradero para el uso a largo plazo. No se decolorar\u00e1.<br \/>\n&#8211; \u3010Protecci\u00f3n perfecta\u3011Bordes elevados para proteger la pantalla y la c\u00e1mara de ara\u00f1azos debido al contacto directo con la superficie. Proporciona una sensaci\u00f3n suave y un agarre c\u00f3modo.<br \/>\n&#8211; \u3010Enhanced protection\u3011Carcasa mejorada con un dise\u00f1o delgado y ligero para poner y quitar f\u00e1cilmente. Si encuentra alg\u00fan problema despu\u00e9s de la compra, puede ponerse en contacto con nosotros a tiempo y haremos todo lo posible para resolverlo por usted.<\/p>\n","protected":false},"excerpt":{"rendered":"<p>Byvuwiay Funda Compatible con Xiaomi Redmi Note 14 Pro+ 5G, Carcasa de L\u00edquida TPU Anti-Choque, Carcasa Xiaomi Redmi Note 14 Pro+ 5G, Mint<br \/>#Publicidad <span class=\"read-more\"><a class=\"more-link btn btn-transparent\" href=\"https:\/\/rockkofertas.com.es\/index.php\/producto\/b0drj3cn7y\/\">Leer m\u00e1s&#8230;<\/a><\/span><\/p>\n","protected":false},"featured_media":7514,"comment_status":"open","ping_status":"closed","template":"","meta":[],"product_cat":[15],"product_tag":[],"class_list":{"0":"post-7515","1":"product","2":"type-product","3":"status-publish","4":"has-post-thumbnail","6":"product_cat-sin-categorizar","8":"first","9":"instock","10":"shipping-taxable","11":"product-type-external"},"_links":{"self":[{"href":"https:\/\/rockkofertas.com.es\/index.php\/wp-json\/wp\/v2\/product\/7515","targetHints":{"allow":["GET"]}}],"collection":[{"href":"https:\/\/rockkofertas.com.es\/index.php\/wp-json\/wp\/v2\/product"}],"about":[{"href":"https:\/\/rockkofertas.com.es\/index.php\/wp-json\/wp\/v2\/types\/product"}],"replies":[{"embeddable":true,"href":"https:\/\/rockkofertas.com.es\/index.php\/wp-json\/wp\/v2\/comments?post=7515"}],"wp:featuredmedia":[{"embeddable":true,"href":"https:\/\/rockkofertas.com.es\/index.php\/wp-json\/wp\/v2\/media\/7514"}],"wp:attachment":[{"href":"https:\/\/rockkofertas.com.es\/index.php\/wp-json\/wp\/v2\/media?parent=7515"}],"wp:term":[{"taxonomy":"product_cat","embeddable":true,"href":"https:\/\/rockkofertas.com.es\/index.php\/wp-json\/wp\/v2\/product_cat?post=7515"},{"taxonomy":"product_tag","embeddable":true,"href":"https:\/\/rockkofertas.com.es\/index.php\/wp-json\/wp\/v2\/product_tag?post=7515"}],"curies":[{"name":"wp","href":"https:\/\/api.w.org\/{rel}","templated":true}]}}