{"id":7505,"date":"2025-12-02T14:50:21","date_gmt":"2025-12-02T14:50:21","guid":{"rendered":"https:\/\/rockkofertas.com.es\/index.php\/producto\/b0f9w9x7lv\/"},"modified":"2025-12-02T14:50:21","modified_gmt":"2025-12-02T14:50:21","slug":"b0f9w9x7lv","status":"publish","type":"product","link":"https:\/\/rockkofertas.com.es\/index.php\/producto\/b0f9w9x7lv\/","title":{"rendered":"B0F9W9X7LV"},"content":{"rendered":"<p>&#8211; \u2705 Con freno por gravedad Ruedas: la amplia base met\u00e1lica en forma de estrella garantiza un equilibrio estable de la silla de oficina. La silla de escritorio cuenta con un freno por gravedad card\u00e1nico que se bloquea autom\u00e1ticamente cuando te sientas y se desbloquea de forma sincronizada cuando te levantas. Al sentarse en la silla escritorio, se activa el freno por gravedad y se bloquean las ruedas, por lo que no tiene que preocuparse de que la sillas se deslice y puede concentrarse en su trabajo. Al salir de la habitaci\u00f3n, la silla se puede deslizar f\u00e1cilmente debajo de la mesa para ahorrar espacio.<br \/>\n&#8211; \u2705 Ajustable de m\u00faltiples maneras: con la palanca situada debajo del asiento, puede ajustar la altura del asiento de forma individual entre 45 cm y 55 cm. La funci\u00f3n de balanceo tambi\u00e9n le permite relajarse con un suave movimiento de vaiv\u00e9n. Los resortes de gas certificados por SGS garantizan la estabilidad y la seguridad con una capacidad de carga m\u00e1xima de 300 libras. La silla de maquillaje se entrega con instrucciones detalladas y es r\u00e1pida y f\u00e1cil de montar.<br \/>\n&#8211; \u2705 Comodidad y durabilidad: el sill\u00f3n de lectura cuenta con un coj\u00edn doblemente acolchado (11 cm de grosor) y un asiento grande y curvado para aliviar la presi\u00f3n sobre la columna vertebral; el coj\u00edn del asiento, de 60 cm de ancho, le ofrece mucho espacio para cambiar c\u00f3modamente de postura. Tanto si se sienta con las piernas cruzadas como con las piernas estiradas, aqu\u00ed siempre encontrar\u00e1 la posici\u00f3n ideal. El respaldo, fabricado con el mismo material, es amplio, suave y le ofrece un gran confort.<br \/>\n&#8211; \u2705 Alta calidad y estabilidad: La superficie del coj\u00edn y del respaldo de la silla de lectura est\u00e1 revestida de terciopelo de alta calidad, resistente al desgaste, agradable al tacto, transpirable y suave, ideal para familias con mascotas. El coj\u00edn del asiento, de 60 cm x 52 cm, est\u00e1 relleno de espuma altamente el\u00e1stica que mantiene su forma y brinda una experiencia de asiento perfecta. Debajo del amplio coj\u00edn del asiento hay un marco met\u00e1lico pentagonal ultraestable que garantiza una comodidad duradera durante todo el d\u00eda.<br \/>\n&#8211; \u2705 Silla de oficina moderna sin reposabrazos: A diferencia de las sillas de oficina ergon\u00f3micas tradicionales, hemos eliminado los dos reposabrazos y todos los adornos innecesarios, resultando en una combinaci\u00f3n perfecta de comodidad y moda. Es f\u00e1cilmente combinable con cualquier estilo de decoraci\u00f3n y crea un ambiente c\u00f3modo y elegante. Las ruedas de f\u00e1cil deslizamiento de la silla de escritorio son adecuadas para una gran variedad de suelos, como moquetas, baldosas y suelos de madera, garantizando un movimiento suave y sin resistencias.<br \/>\n&#8211; \u2705 Bonita y pr\u00e1ctica: esta silla giratoria es elegante y vers\u00e1til. Sus l\u00edneas claras y colores puros son muy decorativos. El amplio respaldo y el asiento mullido permiten trabajar c\u00f3modamente en la oficina en casa o en el sal\u00f3n. Adem\u00e1s, tambi\u00e9n es ideal como silla de oficina, silla de balc\u00f3n, taburete de bar, silla de caf\u00e9, etc. Puede utilizarla para trabajar, estudiar o maquillarse.<br \/>\n&#8211; \u2705 Consejos para la instalaci\u00f3n: Para instalar la silla ergon\u00f3mica de escritorio, coloque la placa de conexi\u00f3n del respaldo sobre el coj\u00edn y ejerza una fuerza fuerte contra \u00e9l (puede seguir las instrucciones: presione el coj\u00edn contra una pared para facilitar el alineamiento). De este modo, los orificios de la placa de hierro del respaldo coincidir\u00e1n con los del coj\u00edn (esto requiere cierta fuerza, pero los orificios se pueden alinear f\u00e1cilmente). Luego, atornille los 4 tornillos en la posici\u00f3n correspondiente y apri\u00e9telos con un destornillador de cruz o piatto para completar la instalaci\u00f3n del respaldo y el coj\u00edn.<\/p>\n","protected":false},"excerpt":{"rendered":"<p>Durrafy Silla de Oficina Ergon\u00f3mica, Giratoria 360\u00b0 con Ruedas y Freno por Gravedad, sin Reposabrazos, Altura Regulable, Silla Ergon\u00f3mica con Capacidad para 136 kg, para Dormitorio, Sal\u00f3n, Beige.<br \/>#Publicidad <span class=\"read-more\"><a class=\"more-link btn btn-transparent\" href=\"https:\/\/rockkofertas.com.es\/index.php\/producto\/b0f9w9x7lv\/\">Leer m\u00e1s&#8230;<\/a><\/span><\/p>\n","protected":false},"featured_media":7504,"comment_status":"open","ping_status":"closed","template":"","meta":[],"product_cat":[15],"product_tag":[],"class_list":{"0":"post-7505","1":"product","2":"type-product","3":"status-publish","4":"has-post-thumbnail","6":"product_cat-sin-categorizar","8":"first","9":"instock","10":"shipping-taxable","11":"product-type-external"},"_links":{"self":[{"href":"https:\/\/rockkofertas.com.es\/index.php\/wp-json\/wp\/v2\/product\/7505","targetHints":{"allow":["GET"]}}],"collection":[{"href":"https:\/\/rockkofertas.com.es\/index.php\/wp-json\/wp\/v2\/product"}],"about":[{"href":"https:\/\/rockkofertas.com.es\/index.php\/wp-json\/wp\/v2\/types\/product"}],"replies":[{"embeddable":true,"href":"https:\/\/rockkofertas.com.es\/index.php\/wp-json\/wp\/v2\/comments?post=7505"}],"wp:featuredmedia":[{"embeddable":true,"href":"https:\/\/rockkofertas.com.es\/index.php\/wp-json\/wp\/v2\/media\/7504"}],"wp:attachment":[{"href":"https:\/\/rockkofertas.com.es\/index.php\/wp-json\/wp\/v2\/media?parent=7505"}],"wp:term":[{"taxonomy":"product_cat","embeddable":true,"href":"https:\/\/rockkofertas.com.es\/index.php\/wp-json\/wp\/v2\/product_cat?post=7505"},{"taxonomy":"product_tag","embeddable":true,"href":"https:\/\/rockkofertas.com.es\/index.php\/wp-json\/wp\/v2\/product_tag?post=7505"}],"curies":[{"name":"wp","href":"https:\/\/api.w.org\/{rel}","templated":true}]}}