{"id":7489,"date":"2025-12-02T04:00:40","date_gmt":"2025-12-02T04:00:40","guid":{"rendered":"https:\/\/rockkofertas.com.es\/index.php\/producto\/b06xwz41rt-7\/"},"modified":"2025-12-02T04:00:40","modified_gmt":"2025-12-02T04:00:40","slug":"b06xwz41rt-7","status":"publish","type":"product","link":"https:\/\/rockkofertas.com.es\/index.php\/producto\/b06xwz41rt-7\/","title":{"rendered":"B06XWZ41RT"},"content":{"rendered":"<p>&#8211; Potencia de salida de 770 mW<br \/>\n&#8211; Puntero fosforescente<br \/>\n&#8211; Amplio DIAL con indicador<br \/>\n&#8211; Asa para transportarlo &#8211; Para pod\u00e9rtelo llevar donde quieras<br \/>\n&#8211; Con iluminaci\u00f3n LED<br \/>\n&#8211; Altavoz de amplio rango 10 cm<br \/>\n&#8211; Sintonizador digital con control de auto frecuencia (AFC)<br \/>\n&#8211; Sintonizador LED \/ Digital<br \/>\n&#8211; Gran escala de marcaci\u00f3n con dise\u00f1o universal &#8211; Para poder utilizarlo f\u00e1cilmente<\/p>\n","protected":false},"excerpt":{"rendered":"<p>Panasonic RF-2400DEG-K &#8211; Radio Port\u00e1til FM\/Am, (770mW, Iluminaci\u00f3n LED, FM\/Am, F\u00e1cil y Simple de Usar, Sintonizador Digital, Altavoz Amplio Rango 10 cm, Asa para Transportar) Color Negro<br \/>\n#Publicidad <span class=\"read-more\"><a class=\"more-link btn btn-transparent\" href=\"https:\/\/rockkofertas.com.es\/index.php\/producto\/b06xwz41rt-7\/\">Leer m\u00e1s&#8230;<\/a><\/span><\/p>\n","protected":false},"featured_media":7488,"comment_status":"open","ping_status":"closed","template":"","meta":[],"product_cat":[15],"product_tag":[],"class_list":{"0":"post-7489","1":"product","2":"type-product","3":"status-publish","4":"has-post-thumbnail","6":"product_cat-sin-categorizar","8":"first","9":"instock","10":"shipping-taxable","11":"product-type-external"},"_links":{"self":[{"href":"https:\/\/rockkofertas.com.es\/index.php\/wp-json\/wp\/v2\/product\/7489","targetHints":{"allow":["GET"]}}],"collection":[{"href":"https:\/\/rockkofertas.com.es\/index.php\/wp-json\/wp\/v2\/product"}],"about":[{"href":"https:\/\/rockkofertas.com.es\/index.php\/wp-json\/wp\/v2\/types\/product"}],"replies":[{"embeddable":true,"href":"https:\/\/rockkofertas.com.es\/index.php\/wp-json\/wp\/v2\/comments?post=7489"}],"wp:featuredmedia":[{"embeddable":true,"href":"https:\/\/rockkofertas.com.es\/index.php\/wp-json\/wp\/v2\/media\/7488"}],"wp:attachment":[{"href":"https:\/\/rockkofertas.com.es\/index.php\/wp-json\/wp\/v2\/media?parent=7489"}],"wp:term":[{"taxonomy":"product_cat","embeddable":true,"href":"https:\/\/rockkofertas.com.es\/index.php\/wp-json\/wp\/v2\/product_cat?post=7489"},{"taxonomy":"product_tag","embeddable":true,"href":"https:\/\/rockkofertas.com.es\/index.php\/wp-json\/wp\/v2\/product_tag?post=7489"}],"curies":[{"name":"wp","href":"https:\/\/api.w.org\/{rel}","templated":true}]}}