{"id":7481,"date":"2025-12-01T20:00:50","date_gmt":"2025-12-01T20:00:50","guid":{"rendered":"https:\/\/rockkofertas.com.es\/index.php\/producto\/b0dk3r96nv\/"},"modified":"2025-12-01T20:00:50","modified_gmt":"2025-12-01T20:00:50","slug":"b0dk3r96nv","status":"publish","type":"product","link":"https:\/\/rockkofertas.com.es\/index.php\/producto\/b0dk3r96nv\/","title":{"rendered":"B0DK3R96NV"},"content":{"rendered":"<p>&#8211; Protege tu bol\u00edgrafo todo el tiempo: mant\u00e9n tu bol\u00edgrafo favorito protegido en todo momento, especialmente durante los viajes. La ranura divisora proporcionar\u00e1 protecci\u00f3n adicional mientras est\u00e1s en movimiento evitando que tus bol\u00edgrafos se rayen.<br \/>\n&#8211; Cuero y mano de obra de alta calidad: este estuche organizador de plumas estilogr\u00e1ficas est\u00e1 hecho de la mejor piel de vaca que puede durar m\u00e1s de 15 a\u00f1os. Cada estuche est\u00e1 hecho a mano por nuestros experimentados artesanos.<br \/>\n&#8211; Se adapta a la mayor\u00eda de tus bol\u00edgrafos: el estuche mide 18,4 x 11 x 4,5 cm y se adapta a plumas estilogr\u00e1ficas o bol\u00edgrafos de 170 mm de longitud y 16 mm de di\u00e1metro.<br \/>\n&#8211; F\u00e1cil de transportar: es conveniente llevar tu pluma estilogr\u00e1fica favorita para un viaje de negocios o diario con este estuche para pluma estilogr\u00e1fica.<br \/>\n&#8211; Perfecto para tus bol\u00edgrafos de colecci\u00f3n: este estuche de estilo empresarial es una soluci\u00f3n perfecta para mantener tus bol\u00edgrafos ordenados, accesibles f\u00e1cilmente y bien protegidos. Puedes llevar tus bol\u00edgrafos favoritos a todas partes.<\/p>\n","protected":false},"excerpt":{"rendered":"<p>Estuche para Pluma estilogr\u00e1fica, de Piel aut\u00e9ntica, con 10 Ranuras divididas, Color Negro, Soporte para bol\u00edgrafo Rollerball, Organizador de exhibici\u00f3n Hecho a Mano, Bolsa con Cremallera<br \/>\n#Publicidad <span class=\"read-more\"><a class=\"more-link btn btn-transparent\" href=\"https:\/\/rockkofertas.com.es\/index.php\/producto\/b0dk3r96nv\/\">Leer m\u00e1s&#8230;<\/a><\/span><\/p>\n","protected":false},"featured_media":7480,"comment_status":"open","ping_status":"closed","template":"","meta":[],"product_cat":[15],"product_tag":[],"class_list":{"0":"post-7481","1":"product","2":"type-product","3":"status-publish","4":"has-post-thumbnail","6":"product_cat-sin-categorizar","8":"first","9":"instock","10":"shipping-taxable","11":"product-type-external"},"_links":{"self":[{"href":"https:\/\/rockkofertas.com.es\/index.php\/wp-json\/wp\/v2\/product\/7481","targetHints":{"allow":["GET"]}}],"collection":[{"href":"https:\/\/rockkofertas.com.es\/index.php\/wp-json\/wp\/v2\/product"}],"about":[{"href":"https:\/\/rockkofertas.com.es\/index.php\/wp-json\/wp\/v2\/types\/product"}],"replies":[{"embeddable":true,"href":"https:\/\/rockkofertas.com.es\/index.php\/wp-json\/wp\/v2\/comments?post=7481"}],"wp:featuredmedia":[{"embeddable":true,"href":"https:\/\/rockkofertas.com.es\/index.php\/wp-json\/wp\/v2\/media\/7480"}],"wp:attachment":[{"href":"https:\/\/rockkofertas.com.es\/index.php\/wp-json\/wp\/v2\/media?parent=7481"}],"wp:term":[{"taxonomy":"product_cat","embeddable":true,"href":"https:\/\/rockkofertas.com.es\/index.php\/wp-json\/wp\/v2\/product_cat?post=7481"},{"taxonomy":"product_tag","embeddable":true,"href":"https:\/\/rockkofertas.com.es\/index.php\/wp-json\/wp\/v2\/product_tag?post=7481"}],"curies":[{"name":"wp","href":"https:\/\/api.w.org\/{rel}","templated":true}]}}