{"id":7475,"date":"2025-12-01T12:00:49","date_gmt":"2025-12-01T12:00:49","guid":{"rendered":"https:\/\/rockkofertas.com.es\/index.php\/producto\/b00iki352e\/"},"modified":"2025-12-01T12:00:49","modified_gmt":"2025-12-01T12:00:49","slug":"b00iki352e","status":"publish","type":"product","link":"https:\/\/rockkofertas.com.es\/index.php\/producto\/b00iki352e\/","title":{"rendered":"B00IKI352E"},"content":{"rendered":"<p>&#8211; Un 25 % m\u00e1s de autonom\u00eda (en comparaci\u00f3n con la bater\u00eda de 4,0 Ah)<br \/>\n&#8211; Tecnolog\u00eda CoolPack para una vida \u00fatil hasta un 100 % mayor (en comparaci\u00f3n con bater\u00edas sin COOLPACK)<br \/>\n&#8211; Compatible desde 2008: todas nuestras bater\u00edas son compatibles con las herramientas nuevas o ya existentes Bosch Professional del mismo voltaje<br \/>\n&#8211; AMPShare: Las bater\u00edas y cargadores son 100 % compatibles con el sistema Bosch Professional 18V System y con muchas otras herramientas de la alianza de bater\u00eda multimarca AMPShare.<br \/>\n&#8211; Incluye: Bater\u00eda GBA 18V 5.0Ah<\/p>\n","protected":false},"excerpt":{"rendered":"<p>Bosch Professional 18V System bater\u00eda GBA 18V 5.0Ah<br \/>\n#Publicidad <span class=\"read-more\"><a class=\"more-link btn btn-transparent\" href=\"https:\/\/rockkofertas.com.es\/index.php\/producto\/b00iki352e\/\">Leer m\u00e1s&#8230;<\/a><\/span><\/p>\n","protected":false},"featured_media":7474,"comment_status":"open","ping_status":"closed","template":"","meta":[],"product_cat":[15],"product_tag":[],"class_list":{"0":"post-7475","1":"product","2":"type-product","3":"status-publish","4":"has-post-thumbnail","6":"product_cat-sin-categorizar","8":"first","9":"instock","10":"shipping-taxable","11":"product-type-external"},"_links":{"self":[{"href":"https:\/\/rockkofertas.com.es\/index.php\/wp-json\/wp\/v2\/product\/7475","targetHints":{"allow":["GET"]}}],"collection":[{"href":"https:\/\/rockkofertas.com.es\/index.php\/wp-json\/wp\/v2\/product"}],"about":[{"href":"https:\/\/rockkofertas.com.es\/index.php\/wp-json\/wp\/v2\/types\/product"}],"replies":[{"embeddable":true,"href":"https:\/\/rockkofertas.com.es\/index.php\/wp-json\/wp\/v2\/comments?post=7475"}],"wp:featuredmedia":[{"embeddable":true,"href":"https:\/\/rockkofertas.com.es\/index.php\/wp-json\/wp\/v2\/media\/7474"}],"wp:attachment":[{"href":"https:\/\/rockkofertas.com.es\/index.php\/wp-json\/wp\/v2\/media?parent=7475"}],"wp:term":[{"taxonomy":"product_cat","embeddable":true,"href":"https:\/\/rockkofertas.com.es\/index.php\/wp-json\/wp\/v2\/product_cat?post=7475"},{"taxonomy":"product_tag","embeddable":true,"href":"https:\/\/rockkofertas.com.es\/index.php\/wp-json\/wp\/v2\/product_tag?post=7475"}],"curies":[{"name":"wp","href":"https:\/\/api.w.org\/{rel}","templated":true}]}}